{"id":4350,"date":"2025-02-01T17:11:41","date_gmt":"2025-02-01T16:11:41","guid":{"rendered":"https:\/\/emano.de\/diseno-y-fabricacion-de-herramientas\/"},"modified":"2025-03-11T09:13:47","modified_gmt":"2025-03-11T08:13:47","slug":"diseno-y-fabricacion-de-herramientas","status":"publish","type":"page","link":"https:\/\/www.emano.de\/es\/diseno-y-fabricacion-de-herramientas\/","title":{"rendered":"Dise\u00f1o y fabricaci\u00f3n de herramientas"},"content":{"rendered":"\t\t<div data-elementor-type=\"wp-page\" data-elementor-id=\"4350\" class=\"elementor elementor-4350 elementor-3165\" data-elementor-post-type=\"page\">\n\t\t\t\t<div class=\"elementor-element elementor-element-8f97c41 e-con-full e-flex elementor-invisible e-con e-child\" data-id=\"8f97c41\" data-element_type=\"container\" data-e-type=\"container\" data-settings=\"{&quot;background_background&quot;:&quot;classic&quot;,&quot;animation&quot;:&quot;fadeIn&quot;}\">\n\t\t\t\t<div class=\"elementor-element elementor-element-77581d8 elementor-invisible elementor-widget elementor-widget-heading\" data-id=\"77581d8\" data-element_type=\"widget\" data-e-type=\"widget\" data-settings=\"{&quot;_animation&quot;:&quot;fadeInUp&quot;}\" data-widget_type=\"heading.default\">\n\t\t\t\t\t<h1 class=\"elementor-heading-title elementor-size-default\">Dise\u00f1o<br> y fabricaci\u00f3n de moldes<span style=\"color: #fc1727\">.<\/span><\/h1>\t\t\t\t<\/div>\n\t\t\t\t<div class=\"elementor-element elementor-element-92e2a26 elementor-invisible elementor-widget elementor-widget-heading\" data-id=\"92e2a26\" data-element_type=\"widget\" data-e-type=\"widget\" data-settings=\"{&quot;_animation&quot;:&quot;fadeInUp&quot;,&quot;_animation_mobile&quot;:&quot;fadeInUp&quot;,&quot;_animation_delay&quot;:500}\" data-widget_type=\"heading.default\">\n\t\t\t\t\t<h2 class=\"elementor-heading-title elementor-size-default\">TORNEADO Y FRESADO CNC, CONSTRUCCI\u00d3N DE M\u00c1QUINAS ESPECIALES<\/h2>\t\t\t\t<\/div>\n\t\t\t\t<\/div>\n\t\t<div class=\"elementor-element elementor-element-dad5dd0 e-flex e-con-boxed elementor-invisible e-con e-parent\" data-id=\"dad5dd0\" data-element_type=\"container\" data-e-type=\"container\" data-settings=\"{&quot;animation&quot;:&quot;fadeInUp&quot;}\">\n\t\t\t\t\t<div class=\"e-con-inner\">\n\t\t\t\t<div class=\"elementor-element elementor-element-6c89e87 elementor-widget elementor-widget-text-editor\" data-id=\"6c89e87\" data-element_type=\"widget\" data-e-type=\"widget\" data-widget_type=\"text-editor.default\">\n\t\t\t\t\t\t\t\t\t<p>Con nuestro personal especializado y cualificado de las profesiones de fabricaci\u00f3n de moldes e ingenier\u00eda mec\u00e1nica, fabricamos de forma independiente todos los moldes rotacionales a partir de lingotes de aluminio, aluminio fundido y chapa de acero.<\/p>\n\t\t\t\t\t\t\t\t<\/div>\n\t\t\t\t\t<\/div>\n\t\t\t\t<\/div>\n\t\t<div class=\"elementor-element elementor-element-ac6213c e-flex e-con-boxed elementor-invisible e-con e-parent\" data-id=\"ac6213c\" data-element_type=\"container\" data-e-type=\"container\" data-settings=\"{&quot;animation&quot;:&quot;fadeIn&quot;}\">\n\t\t\t\t\t<div class=\"e-con-inner\">\n\t\t\t\t<div class=\"elementor-element elementor-element-0d2c197 elementor-widget elementor-widget-image\" data-id=\"0d2c197\" data-element_type=\"widget\" data-e-type=\"widget\" data-settings=\"{&quot;motion_fx_motion_fx_scrolling&quot;:&quot;yes&quot;,&quot;motion_fx_scale_effect&quot;:&quot;yes&quot;,&quot;motion_fx_scale_speed&quot;:{&quot;unit&quot;:&quot;px&quot;,&quot;size&quot;:1,&quot;sizes&quot;:[]},&quot;motion_fx_scale_range&quot;:{&quot;unit&quot;:&quot;%&quot;,&quot;size&quot;:&quot;&quot;,&quot;sizes&quot;:{&quot;start&quot;:0,&quot;end&quot;:50}},&quot;motion_fx_scale_direction&quot;:&quot;out-in&quot;,&quot;motion_fx_devices&quot;:[&quot;desktop&quot;,&quot;tablet&quot;,&quot;mobile&quot;]}\" data-widget_type=\"image.default\">\n\t\t\t\t\t\t\t\t\t\t\t\t\t\t\t<img fetchpriority=\"high\" decoding=\"async\" width=\"1600\" height=\"1067\" src=\"https:\/\/www.emano.de\/wp-content\/uploads\/2024\/09\/emano_werkzeugbau.jpg\" class=\"attachment-full size-full wp-image-4351\" alt=\"\" srcset=\"https:\/\/www.emano.de\/wp-content\/uploads\/2024\/09\/emano_werkzeugbau.jpg 1600w, https:\/\/www.emano.de\/wp-content\/uploads\/2024\/09\/emano_werkzeugbau-300x200.jpg 300w, https:\/\/www.emano.de\/wp-content\/uploads\/2024\/09\/emano_werkzeugbau-1024x683.jpg 1024w, https:\/\/www.emano.de\/wp-content\/uploads\/2024\/09\/emano_werkzeugbau-768x512.jpg 768w, https:\/\/www.emano.de\/wp-content\/uploads\/2024\/09\/emano_werkzeugbau-1536x1024.jpg 1536w\" sizes=\"(max-width: 1600px) 100vw, 1600px\" \/>\t\t\t\t\t\t\t\t\t\t\t\t\t\t\t<\/div>\n\t\t\t\t\t<\/div>\n\t\t\t\t<\/div>\n\t\t<div class=\"elementor-element elementor-element-1b550ce e-flex e-con-boxed elementor-invisible e-con e-parent\" data-id=\"1b550ce\" data-element_type=\"container\" data-e-type=\"container\" data-settings=\"{&quot;animation&quot;:&quot;fadeInUp&quot;}\">\n\t\t\t\t\t<div class=\"e-con-inner\">\n\t\t\t\t<div class=\"elementor-element elementor-element-7845b56 elementor-widget__width-initial elementor-widget-mobile__width-inherit elementor-widget elementor-widget-text-editor\" data-id=\"7845b56\" data-element_type=\"widget\" data-e-type=\"widget\" data-widget_type=\"text-editor.default\">\n\t\t\t\t\t\t\t\t\t<p>Las m\u00e1quinas y equipos especiales necesarios para el montaje y posterior procesamiento de los productos rotativos tambi\u00e9n son de fabricaci\u00f3n propia. Nuestra moderna maquinaria cumple todos los requisitos de calidad. <\/p>\n<p>Emano fabrica nuevas herramientas con 8 fresadoras, tornos y mandrinadoras CNC.<\/p>\n\t\t\t\t\t\t\t\t<\/div>\n\t\t\t\t\t<\/div>\n\t\t\t\t<\/div>\n\t\t<div class=\"elementor-element elementor-element-76ce8d2 e-flex e-con-boxed elementor-invisible e-con e-parent\" data-id=\"76ce8d2\" data-element_type=\"container\" data-e-type=\"container\" data-settings=\"{&quot;animation&quot;:&quot;fadeIn&quot;}\">\n\t\t\t\t\t<div class=\"e-con-inner\">\n\t\t\t\t<div class=\"elementor-element elementor-element-d33310c elementor-widget__width-initial elementor-widget elementor-widget-html\" data-id=\"d33310c\" data-element_type=\"widget\" data-e-type=\"widget\" data-widget_type=\"html.default\">\n\t\t\t\t\t<div style=\"padding:56.25% 0 0 0;position:relative;\"><iframe src=\"https:\/\/player.vimeo.com\/video\/10581192?badge=0&amp;autopause=0&amp;player_id=0&amp;app_id=58479\" frameborder=\"0\" allow=\"autoplay; fullscreen; picture-in-picture; clipboard-write; encrypted-media\" style=\"position:absolute;top:0;left:0;width:100%;height:100%;\" title=\"fresadora simult\u00e1nea de 5 ejes para fabricaci\u00f3n de moldes emano\"><\/iframe><\/div><script src=\"https:\/\/player.vimeo.com\/api\/player.js\"><\/script>\t\t\t\t<\/div>\n\t\t\t\t\t<\/div>\n\t\t\t\t<\/div>\n\t\t<div class=\"elementor-element elementor-element-ff81eab e-flex e-con-boxed elementor-invisible e-con e-parent\" data-id=\"ff81eab\" data-element_type=\"container\" data-e-type=\"container\" data-settings=\"{&quot;animation&quot;:&quot;fadeIn&quot;}\">\n\t\t\t\t\t<div class=\"e-con-inner\">\n\t\t\t\t<div class=\"elementor-element elementor-element-be80e76 elementor-widget elementor-widget-gallery\" data-id=\"be80e76\" data-element_type=\"widget\" data-e-type=\"widget\" data-settings=\"{&quot;columns&quot;:2,&quot;gap&quot;:{&quot;unit&quot;:&quot;px&quot;,&quot;size&quot;:50,&quot;sizes&quot;:[]},&quot;gap_tablet&quot;:{&quot;unit&quot;:&quot;px&quot;,&quot;size&quot;:30,&quot;sizes&quot;:[]},&quot;gap_mobile&quot;:{&quot;unit&quot;:&quot;px&quot;,&quot;size&quot;:30,&quot;sizes&quot;:[]},&quot;gallery_layout&quot;:&quot;grid&quot;,&quot;columns_tablet&quot;:2,&quot;columns_mobile&quot;:1,&quot;link_to&quot;:&quot;file&quot;,&quot;aspect_ratio&quot;:&quot;3:2&quot;,&quot;content_hover_animation&quot;:&quot;fade-in&quot;}\" data-widget_type=\"gallery.default\">\n\t\t\t\t\t\t\t<div class=\"elementor-gallery__container\">\n\t\t\t\t\t\t\t<a class=\"e-gallery-item elementor-gallery-item elementor-animated-content\" href=\"https:\/\/www.emano.de\/wp-content\/uploads\/2024\/09\/emano_fraese.jpg\">\n\t\t\t\t\t<div class=\"e-gallery-image elementor-gallery-item__image\" data-thumbnail=\"https:\/\/www.emano.de\/wp-content\/uploads\/2024\/09\/emano_fraese.jpg\" data-width=\"1600\" data-height=\"1067\" aria-label=\"\" role=\"img\" ><\/div>\n\t\t\t\t\t\t\t\t\t\t\t\t\t\t<\/a>\n\t\t\t\t\t\t\t<a class=\"e-gallery-item elementor-gallery-item elementor-animated-content\" href=\"https:\/\/www.emano.de\/wp-content\/uploads\/2024\/09\/image003.jpg\">\n\t\t\t\t\t<div class=\"e-gallery-image elementor-gallery-item__image\" data-thumbnail=\"https:\/\/www.emano.de\/wp-content\/uploads\/2024\/09\/image003.jpg\" data-width=\"800\" data-height=\"600\" aria-label=\"\" role=\"img\" ><\/div>\n\t\t\t\t\t\t\t\t\t\t\t\t\t\t<\/a>\n\t\t\t\t\t\t\t<a class=\"e-gallery-item elementor-gallery-item elementor-animated-content\" href=\"https:\/\/www.emano.de\/wp-content\/uploads\/2024\/09\/emano_axa-fraese.jpg\">\n\t\t\t\t\t<div class=\"e-gallery-image elementor-gallery-item__image\" data-thumbnail=\"https:\/\/www.emano.de\/wp-content\/uploads\/2024\/09\/emano_axa-fraese.jpg\" data-width=\"1600\" data-height=\"1067\" aria-label=\"\" role=\"img\" ><\/div>\n\t\t\t\t\t\t\t\t\t\t\t\t\t\t<\/a>\n\t\t\t\t\t\t\t<a class=\"e-gallery-item elementor-gallery-item elementor-animated-content\" href=\"https:\/\/www.emano.de\/wp-content\/uploads\/2024\/09\/emano_fraesmaschine.jpg\">\n\t\t\t\t\t<div class=\"e-gallery-image elementor-gallery-item__image\" data-thumbnail=\"https:\/\/www.emano.de\/wp-content\/uploads\/2024\/09\/emano_fraesmaschine.jpg\" data-width=\"1600\" data-height=\"1067\" aria-label=\"\" role=\"img\" ><\/div>\n\t\t\t\t\t\t\t\t\t\t\t\t\t\t<\/a>\n\t\t\t\t\t<\/div>\n\t\t\t\t\t<\/div>\n\t\t\t\t\t<\/div>\n\t\t\t\t<\/div>\n\t\t<div class=\"elementor-element elementor-element-769bd24 e-flex e-con-boxed elementor-invisible e-con e-parent\" data-id=\"769bd24\" data-element_type=\"container\" data-e-type=\"container\" data-settings=\"{&quot;animation&quot;:&quot;fadeInUp&quot;}\">\n\t\t\t\t\t<div class=\"e-con-inner\">\n\t\t\t\t<div class=\"elementor-element elementor-element-f588563 elementor-mobile-align-left elementor-invisible elementor-widget elementor-widget-button\" data-id=\"f588563\" data-element_type=\"widget\" data-e-type=\"widget\" data-settings=\"{&quot;_animation&quot;:&quot;fadeInUp&quot;}\" data-widget_type=\"button.default\">\n\t\t\t\t\t\t\t\t\t\t<a class=\"elementor-button elementor-button-link elementor-size-sm elementor-animation-float\" href=\"https:\/\/www.emano.de\/leistungen\/#leistungen\">\n\t\t\t\t\t\t<span class=\"elementor-button-content-wrapper\">\n\t\t\t\t\t\t<span class=\"elementor-button-icon\">\n\t\t\t\t<svg aria-hidden=\"true\" class=\"e-font-icon-svg e-fas-arrow-left\" viewBox=\"0 0 448 512\" xmlns=\"http:\/\/www.w3.org\/2000\/svg\"><path d=\"M257.5 445.1l-22.2 22.2c-9.4 9.4-24.6 9.4-33.9 0L7 273c-9.4-9.4-9.4-24.6 0-33.9L201.4 44.7c9.4-9.4 24.6-9.4 33.9 0l22.2 22.2c9.5 9.5 9.3 25-.4 34.3L136.6 216H424c13.3 0 24 10.7 24 24v32c0 13.3-10.7 24-24 24H136.6l120.5 114.8c9.8 9.3 10 24.8.4 34.3z\"><\/path><\/svg>\t\t\t<\/span>\n\t\t\t\t\t\t\t\t\t<span class=\"elementor-button-text\">volver<\/span>\n\t\t\t\t\t<\/span>\n\t\t\t\t\t<\/a>\n\t\t\t\t\t\t\t\t<\/div>\n\t\t\t\t\t<\/div>\n\t\t\t\t<\/div>\n\t\t\t\t<\/div>\n\t\t","protected":false},"excerpt":{"rendered":"<p>Dise\u00f1o y fabricaci\u00f3n de moldes. TORNEADO Y FRESADO CNC, CONSTRUCCI\u00d3N DE M\u00c1QUINAS ESPECIALES Con nuestro personal especializado y cualificado de las profesiones de fabricaci\u00f3n de moldes e ingenier\u00eda mec\u00e1nica, fabricamos de forma independiente todos los moldes rotacionales a partir de lingotes de aluminio, aluminio fundido y chapa de acero. Las m\u00e1quinas y equipos especiales necesarios [&hellip;]<\/p>\n","protected":false},"author":1,"featured_media":0,"parent":0,"menu_order":0,"comment_status":"closed","ping_status":"closed","template":"elementor_header_footer","meta":{"footnotes":""},"class_list":["post-4350","page","type-page","status-publish","hentry"],"yoast_head":"<!-- This site is optimized with the Yoast SEO plugin v27.2 - https:\/\/yoast.com\/product\/yoast-seo-wordpress\/ -->\n<title>Dise\u00f1o y fabricaci\u00f3n de herramientas - emano<\/title>\n<meta name=\"robots\" content=\"index, follow, max-snippet:-1, max-image-preview:large, max-video-preview:-1\" \/>\n<link rel=\"canonical\" href=\"https:\/\/www.emano.de\/konstruktion-und-werkzeugbau\/\" \/>\n<meta property=\"og:locale\" content=\"es_ES\" \/>\n<meta property=\"og:type\" content=\"article\" \/>\n<meta property=\"og:title\" content=\"Dise\u00f1o y fabricaci\u00f3n de herramientas - emano\" \/>\n<meta property=\"og:description\" content=\"Dise\u00f1o y fabricaci\u00f3n de moldes. TORNEADO Y FRESADO CNC, CONSTRUCCI\u00d3N DE M\u00c1QUINAS ESPECIALES Con nuestro personal especializado y cualificado de las profesiones de fabricaci\u00f3n de moldes e ingenier\u00eda mec\u00e1nica, fabricamos de forma independiente todos los moldes rotacionales a partir de lingotes de aluminio, aluminio fundido y chapa de acero. Las m\u00e1quinas y equipos especiales necesarios [&hellip;]\" \/>\n<meta property=\"og:url\" content=\"https:\/\/www.emano.de\/konstruktion-und-werkzeugbau\/\" \/>\n<meta property=\"og:site_name\" content=\"emano\" \/>\n<meta property=\"article:modified_time\" content=\"2025-03-11T08:13:47+00:00\" \/>\n<meta property=\"og:image\" content=\"https:\/\/www.emano.de\/wp-content\/uploads\/2024\/09\/emano_werkzeugbau.jpg\" \/>\n\t<meta property=\"og:image:width\" content=\"1600\" \/>\n\t<meta property=\"og:image:height\" content=\"1067\" \/>\n\t<meta property=\"og:image:type\" content=\"image\/jpeg\" \/>\n<meta name=\"twitter:card\" content=\"summary_large_image\" \/>\n<meta name=\"twitter:label1\" content=\"Tiempo de lectura\" \/>\n\t<meta name=\"twitter:data1\" content=\"1 minuto\" \/>\n<script type=\"application\/ld+json\" class=\"yoast-schema-graph\">{\"@context\":\"https:\/\/schema.org\",\"@graph\":[{\"@type\":\"WebPage\",\"@id\":\"https:\/\/www.emano.de\/konstruktion-und-werkzeugbau\/\",\"url\":\"https:\/\/www.emano.de\/konstruktion-und-werkzeugbau\/\",\"name\":\"Dise\u00f1o y fabricaci\u00f3n de herramientas - emano\",\"isPartOf\":{\"@id\":\"https:\/\/www.emano.de\/nl\/#website\"},\"primaryImageOfPage\":{\"@id\":\"https:\/\/www.emano.de\/konstruktion-und-werkzeugbau\/#primaryimage\"},\"image\":{\"@id\":\"https:\/\/www.emano.de\/konstruktion-und-werkzeugbau\/#primaryimage\"},\"thumbnailUrl\":\"https:\/\/www.emano.de\/wp-content\/uploads\/2024\/09\/emano_werkzeugbau.jpg\",\"datePublished\":\"2025-02-01T16:11:41+00:00\",\"dateModified\":\"2025-03-11T08:13:47+00:00\",\"breadcrumb\":{\"@id\":\"https:\/\/www.emano.de\/konstruktion-und-werkzeugbau\/#breadcrumb\"},\"inLanguage\":\"es\",\"potentialAction\":[{\"@type\":\"ReadAction\",\"target\":[\"https:\/\/www.emano.de\/konstruktion-und-werkzeugbau\/\"]}]},{\"@type\":\"ImageObject\",\"inLanguage\":\"es\",\"@id\":\"https:\/\/www.emano.de\/konstruktion-und-werkzeugbau\/#primaryimage\",\"url\":\"https:\/\/www.emano.de\/wp-content\/uploads\/2024\/09\/emano_werkzeugbau.jpg\",\"contentUrl\":\"https:\/\/www.emano.de\/wp-content\/uploads\/2024\/09\/emano_werkzeugbau.jpg\"},{\"@type\":\"BreadcrumbList\",\"@id\":\"https:\/\/www.emano.de\/konstruktion-und-werkzeugbau\/#breadcrumb\",\"itemListElement\":[{\"@type\":\"ListItem\",\"position\":1,\"name\":\"Home\",\"item\":\"https:\/\/www.emano.de\/\"},{\"@type\":\"ListItem\",\"position\":2,\"name\":\"Dise\u00f1o y fabricaci\u00f3n de herramientas\"}]},{\"@type\":\"WebSite\",\"@id\":\"https:\/\/www.emano.de\/nl\/#website\",\"url\":\"https:\/\/www.emano.de\/nl\/\",\"name\":\"emano\",\"description\":\"\",\"potentialAction\":[{\"@type\":\"SearchAction\",\"target\":{\"@type\":\"EntryPoint\",\"urlTemplate\":\"https:\/\/www.emano.de\/nl\/?s={search_term_string}\"},\"query-input\":{\"@type\":\"PropertyValueSpecification\",\"valueRequired\":true,\"valueName\":\"search_term_string\"}}],\"inLanguage\":\"es\"}]}<\/script>\n<!-- \/ Yoast SEO plugin. -->","yoast_head_json":{"title":"Dise\u00f1o y fabricaci\u00f3n de herramientas - emano","robots":{"index":"index","follow":"follow","max-snippet":"max-snippet:-1","max-image-preview":"max-image-preview:large","max-video-preview":"max-video-preview:-1"},"canonical":"https:\/\/www.emano.de\/konstruktion-und-werkzeugbau\/","og_locale":"es_ES","og_type":"article","og_title":"Dise\u00f1o y fabricaci\u00f3n de herramientas - emano","og_description":"Dise\u00f1o y fabricaci\u00f3n de moldes. TORNEADO Y FRESADO CNC, CONSTRUCCI\u00d3N DE M\u00c1QUINAS ESPECIALES Con nuestro personal especializado y cualificado de las profesiones de fabricaci\u00f3n de moldes e ingenier\u00eda mec\u00e1nica, fabricamos de forma independiente todos los moldes rotacionales a partir de lingotes de aluminio, aluminio fundido y chapa de acero. Las m\u00e1quinas y equipos especiales necesarios [&hellip;]","og_url":"https:\/\/www.emano.de\/konstruktion-und-werkzeugbau\/","og_site_name":"emano","article_modified_time":"2025-03-11T08:13:47+00:00","og_image":[{"width":1600,"height":1067,"url":"https:\/\/www.emano.de\/wp-content\/uploads\/2024\/09\/emano_werkzeugbau.jpg","type":"image\/jpeg"}],"twitter_card":"summary_large_image","twitter_misc":{"Tiempo de lectura":"1 minuto"},"schema":{"@context":"https:\/\/schema.org","@graph":[{"@type":"WebPage","@id":"https:\/\/www.emano.de\/konstruktion-und-werkzeugbau\/","url":"https:\/\/www.emano.de\/konstruktion-und-werkzeugbau\/","name":"Dise\u00f1o y fabricaci\u00f3n de herramientas - emano","isPartOf":{"@id":"https:\/\/www.emano.de\/nl\/#website"},"primaryImageOfPage":{"@id":"https:\/\/www.emano.de\/konstruktion-und-werkzeugbau\/#primaryimage"},"image":{"@id":"https:\/\/www.emano.de\/konstruktion-und-werkzeugbau\/#primaryimage"},"thumbnailUrl":"https:\/\/www.emano.de\/wp-content\/uploads\/2024\/09\/emano_werkzeugbau.jpg","datePublished":"2025-02-01T16:11:41+00:00","dateModified":"2025-03-11T08:13:47+00:00","breadcrumb":{"@id":"https:\/\/www.emano.de\/konstruktion-und-werkzeugbau\/#breadcrumb"},"inLanguage":"es","potentialAction":[{"@type":"ReadAction","target":["https:\/\/www.emano.de\/konstruktion-und-werkzeugbau\/"]}]},{"@type":"ImageObject","inLanguage":"es","@id":"https:\/\/www.emano.de\/konstruktion-und-werkzeugbau\/#primaryimage","url":"https:\/\/www.emano.de\/wp-content\/uploads\/2024\/09\/emano_werkzeugbau.jpg","contentUrl":"https:\/\/www.emano.de\/wp-content\/uploads\/2024\/09\/emano_werkzeugbau.jpg"},{"@type":"BreadcrumbList","@id":"https:\/\/www.emano.de\/konstruktion-und-werkzeugbau\/#breadcrumb","itemListElement":[{"@type":"ListItem","position":1,"name":"Home","item":"https:\/\/www.emano.de\/"},{"@type":"ListItem","position":2,"name":"Dise\u00f1o y fabricaci\u00f3n de herramientas"}]},{"@type":"WebSite","@id":"https:\/\/www.emano.de\/nl\/#website","url":"https:\/\/www.emano.de\/nl\/","name":"emano","description":"","potentialAction":[{"@type":"SearchAction","target":{"@type":"EntryPoint","urlTemplate":"https:\/\/www.emano.de\/nl\/?s={search_term_string}"},"query-input":{"@type":"PropertyValueSpecification","valueRequired":true,"valueName":"search_term_string"}}],"inLanguage":"es"}]}},"_links":{"self":[{"href":"https:\/\/www.emano.de\/es\/wp-json\/wp\/v2\/pages\/4350","targetHints":{"allow":["GET"]}}],"collection":[{"href":"https:\/\/www.emano.de\/es\/wp-json\/wp\/v2\/pages"}],"about":[{"href":"https:\/\/www.emano.de\/es\/wp-json\/wp\/v2\/types\/page"}],"author":[{"embeddable":true,"href":"https:\/\/www.emano.de\/es\/wp-json\/wp\/v2\/users\/1"}],"replies":[{"embeddable":true,"href":"https:\/\/www.emano.de\/es\/wp-json\/wp\/v2\/comments?post=4350"}],"version-history":[{"count":1,"href":"https:\/\/www.emano.de\/es\/wp-json\/wp\/v2\/pages\/4350\/revisions"}],"predecessor-version":[{"id":4357,"href":"https:\/\/www.emano.de\/es\/wp-json\/wp\/v2\/pages\/4350\/revisions\/4357"}],"wp:attachment":[{"href":"https:\/\/www.emano.de\/es\/wp-json\/wp\/v2\/media?parent=4350"}],"curies":[{"name":"wp","href":"https:\/\/api.w.org\/{rel}","templated":true}]}}