{"id":5018,"date":"2025-05-21T09:23:41","date_gmt":"2025-05-21T07:23:41","guid":{"rendered":"https:\/\/emano.de\/el-proceso-de-sinterizacion-rotacional\/"},"modified":"2025-05-21T15:09:24","modified_gmt":"2025-05-21T13:09:24","slug":"el-proceso-de-sinterizacion-rotacional","status":"publish","type":"page","link":"https:\/\/www.emano.de\/es\/el-proceso-de-sinterizacion-rotacional\/","title":{"rendered":"El proceso de sinterizaci\u00f3n rotacional"},"content":{"rendered":"\t\t<div data-elementor-type=\"wp-page\" data-elementor-id=\"5018\" class=\"elementor elementor-5018 elementor-5014\" data-elementor-post-type=\"page\">\n\t\t\t\t<div class=\"elementor-element elementor-element-d764052 e-flex e-con-boxed e-con e-parent\" data-id=\"d764052\" data-element_type=\"container\" data-e-type=\"container\">\n\t\t\t\t\t<div class=\"e-con-inner\">\n\t\t\t\t<div class=\"elementor-element elementor-element-03fd038 elementor-widget elementor-widget-text-editor\" data-id=\"03fd038\" data-element_type=\"widget\" data-e-type=\"widget\" data-widget_type=\"text-editor.default\">\n\t\t\t\t\t\t\t\t\t<div class=\"elementor-element elementor-element-e16c272 e-flex e-con-boxed e-con e-parent e-lazyloaded\" data-id=\"e16c272\" data-element_type=\"container\">\n<div class=\"e-con-inner\">\n<div class=\"elementor-element elementor-element-e035d40 elementor-widget elementor-widget-text-editor\" data-id=\"e035d40\" data-element_type=\"widget\" data-widget_type=\"text-editor.default\">\n<p>El proceso de sinterizaci\u00f3n rotacional (tambi\u00e9n conocido como moldeo rotacional o rotomoldeo) es un proceso de fabricaci\u00f3n por moldeo para la producci\u00f3n de piezas huecas de pl\u00e1stico. Es uno de los procesos de moldeo originales en el campo de la transformaci\u00f3n de pl\u00e1sticos.   <\/p>\n<p>Cada producto de pl\u00e1stico requiere su propio molde. Suelen ser de aluminio o chapa de acero y constan de dos o m\u00e1s piezas moldeadas, seg\u00fan la complejidad del producto de pl\u00e1stico. <\/p>\n<\/div>\n<\/div>\n<\/div>\n\t\t\t\t\t\t\t\t<\/div>\n\t\t\t\t<div class=\"elementor-element elementor-element-96edc46 elementor-widget elementor-widget-heading\" data-id=\"96edc46\" data-element_type=\"widget\" data-e-type=\"widget\" data-widget_type=\"heading.default\">\n\t\t\t\t\t<h2 class=\"elementor-heading-title elementor-size-default\">Secuencia del proceso de sinterizaci\u00f3n rotacional<\/h2>\t\t\t\t<\/div>\n\t\t<div class=\"elementor-element elementor-element-d8a3ceb e-grid e-con-full e-transform e-transform e-transform e-transform e-con e-child\" data-id=\"d8a3ceb\" data-element_type=\"container\" data-e-type=\"container\" data-settings=\"{&quot;background_background&quot;:&quot;classic&quot;,&quot;_transform_rotateZ_effect&quot;:{&quot;unit&quot;:&quot;px&quot;,&quot;size&quot;:&quot;&quot;,&quot;sizes&quot;:[]},&quot;_transform_rotateZ_effect_tablet&quot;:{&quot;unit&quot;:&quot;deg&quot;,&quot;size&quot;:&quot;&quot;,&quot;sizes&quot;:[]},&quot;_transform_rotateZ_effect_mobile&quot;:{&quot;unit&quot;:&quot;deg&quot;,&quot;size&quot;:&quot;&quot;,&quot;sizes&quot;:[]},&quot;_transform_translateX_effect&quot;:{&quot;unit&quot;:&quot;px&quot;,&quot;size&quot;:&quot;&quot;,&quot;sizes&quot;:[]},&quot;_transform_translateX_effect_tablet&quot;:{&quot;unit&quot;:&quot;px&quot;,&quot;size&quot;:&quot;&quot;,&quot;sizes&quot;:[]},&quot;_transform_translateX_effect_mobile&quot;:{&quot;unit&quot;:&quot;px&quot;,&quot;size&quot;:&quot;&quot;,&quot;sizes&quot;:[]},&quot;_transform_translateY_effect&quot;:{&quot;unit&quot;:&quot;px&quot;,&quot;size&quot;:&quot;&quot;,&quot;sizes&quot;:[]},&quot;_transform_translateY_effect_tablet&quot;:{&quot;unit&quot;:&quot;px&quot;,&quot;size&quot;:&quot;&quot;,&quot;sizes&quot;:[]},&quot;_transform_translateY_effect_mobile&quot;:{&quot;unit&quot;:&quot;px&quot;,&quot;size&quot;:&quot;&quot;,&quot;sizes&quot;:[]},&quot;_transform_scale_effect&quot;:{&quot;unit&quot;:&quot;px&quot;,&quot;size&quot;:&quot;&quot;,&quot;sizes&quot;:[]},&quot;_transform_scale_effect_tablet&quot;:{&quot;unit&quot;:&quot;px&quot;,&quot;size&quot;:&quot;&quot;,&quot;sizes&quot;:[]},&quot;_transform_scale_effect_mobile&quot;:{&quot;unit&quot;:&quot;px&quot;,&quot;size&quot;:&quot;&quot;,&quot;sizes&quot;:[]},&quot;_transform_skewX_effect&quot;:{&quot;unit&quot;:&quot;px&quot;,&quot;size&quot;:&quot;&quot;,&quot;sizes&quot;:[]},&quot;_transform_skewX_effect_tablet&quot;:{&quot;unit&quot;:&quot;deg&quot;,&quot;size&quot;:&quot;&quot;,&quot;sizes&quot;:[]},&quot;_transform_skewX_effect_mobile&quot;:{&quot;unit&quot;:&quot;deg&quot;,&quot;size&quot;:&quot;&quot;,&quot;sizes&quot;:[]},&quot;_transform_skewY_effect&quot;:{&quot;unit&quot;:&quot;px&quot;,&quot;size&quot;:&quot;&quot;,&quot;sizes&quot;:[]},&quot;_transform_skewY_effect_tablet&quot;:{&quot;unit&quot;:&quot;deg&quot;,&quot;size&quot;:&quot;&quot;,&quot;sizes&quot;:[]},&quot;_transform_skewY_effect_mobile&quot;:{&quot;unit&quot;:&quot;deg&quot;,&quot;size&quot;:&quot;&quot;,&quot;sizes&quot;:[]}}\">\n\t\t\t\t<div class=\"elementor-element elementor-element-6f3bb7b elementor-widget elementor-widget-text-editor\" data-id=\"6f3bb7b\" data-element_type=\"widget\" data-e-type=\"widget\" data-widget_type=\"text-editor.default\">\n\t\t\t\t\t\t\t\t\t<p><a href=\"#1Befuellen\">1. Relleno<\/a><\/p>\n\t\t\t\t\t\t\t\t<\/div>\n\t\t\t\t<div class=\"elementor-element elementor-element-c8f21b8 elementor-widget elementor-widget-text-editor\" data-id=\"c8f21b8\" data-element_type=\"widget\" data-e-type=\"widget\" data-widget_type=\"text-editor.default\">\n\t\t\t\t\t\t\t\t\t<p><a href=\"#2Erhitzen\">2. Calefacci\u00f3n<\/a><\/p>\n\t\t\t\t\t\t\t\t<\/div>\n\t\t\t\t<div class=\"elementor-element elementor-element-217598e elementor-widget elementor-widget-text-editor\" data-id=\"217598e\" data-element_type=\"widget\" data-e-type=\"widget\" data-widget_type=\"text-editor.default\">\n\t\t\t\t\t\t\t\t\t<p><a href=\"#3Abkuehlen\">3. refrigeraci\u00f3n<\/a><\/p>\n\t\t\t\t\t\t\t\t<\/div>\n\t\t\t\t<div class=\"elementor-element elementor-element-2a76b36 elementor-widget elementor-widget-text-editor\" data-id=\"2a76b36\" data-element_type=\"widget\" data-e-type=\"widget\" data-widget_type=\"text-editor.default\">\n\t\t\t\t\t\t\t\t\t<p><a href=\"#4Entformen\">4. desmoldeo<\/a><\/p>\n\t\t\t\t\t\t\t\t<\/div>\n\t\t\t\t<\/div>\n\t\t\t\t<div class=\"elementor-element elementor-element-62fafaf elementor-widget elementor-widget-menu-anchor\" data-id=\"62fafaf\" data-element_type=\"widget\" data-e-type=\"widget\" data-widget_type=\"menu-anchor.default\">\n\t\t\t\t\t\t\t<div class=\"elementor-menu-anchor\" id=\"1Relleno\"><\/div>\n\t\t\t\t\t\t<\/div>\n\t\t\t\t<div class=\"elementor-element elementor-element-61fc170 elementor-widget elementor-widget-heading\" data-id=\"61fc170\" data-element_type=\"widget\" data-e-type=\"widget\" data-widget_type=\"heading.default\">\n\t\t\t\t\t<h2 class=\"elementor-heading-title elementor-size-default\">1. Relleno<\/h2>\t\t\t\t<\/div>\n\t\t<div class=\"elementor-element elementor-element-80b5992 e-grid e-con-full e-con e-child\" data-id=\"80b5992\" data-element_type=\"container\" data-e-type=\"container\">\n\t\t\t\t<div class=\"elementor-element elementor-element-ff4bfd3 elementor-widget elementor-widget-text-editor\" data-id=\"ff4bfd3\" data-element_type=\"widget\" data-e-type=\"widget\" data-widget_type=\"text-editor.default\">\n\t\t\t\t\t\t\t\t\t<p>Si es necesario, los insertos (tuercas, placas de montaje u otras piezas que deban girar) se colocan primero en posici\u00f3n en el molde abierto. A continuaci\u00f3n, se introduce en el molde una cantidad exactamente dosificada de polvo de pl\u00e1stico. Los materiales m\u00e1s utilizados son el polietileno (PE), el polipropileno (PP), la poliamida (PA) o pl\u00e1sticos t\u00e9cnicos especiales.  <\/p>\n\t\t\t\t\t\t\t\t<\/div>\n\t\t\t\t<div class=\"elementor-element elementor-element-b02645b elementor-widget elementor-widget-image\" data-id=\"b02645b\" data-element_type=\"widget\" data-e-type=\"widget\" data-widget_type=\"image.default\">\n\t\t\t\t\t\t\t\t\t\t\t\t\t\t\t<img decoding=\"async\" width=\"175\" height=\"188\" src=\"https:\/\/www.emano.de\/wp-content\/uploads\/2025\/05\/temp_1_Befuellen.png\" class=\"attachment-large size-large wp-image-4903\" alt=\"\" \/>\t\t\t\t\t\t\t\t\t\t\t\t\t\t\t<\/div>\n\t\t\t\t<\/div>\n\t\t\t\t\t<\/div>\n\t\t\t\t<\/div>\n\t\t<div class=\"elementor-element elementor-element-99c5534 e-flex e-con-boxed e-con e-parent\" data-id=\"99c5534\" data-element_type=\"container\" data-e-type=\"container\">\n\t\t\t\t\t<div class=\"e-con-inner\">\n\t\t\t\t<div class=\"elementor-element elementor-element-33c3f18 elementor-widget elementor-widget-menu-anchor\" data-id=\"33c3f18\" data-element_type=\"widget\" data-e-type=\"widget\" data-settings=\"{&quot;sticky&quot;:&quot;top&quot;,&quot;sticky_anchor_link_offset&quot;:60,&quot;sticky_on&quot;:[&quot;desktop&quot;,&quot;tablet&quot;,&quot;mobile&quot;],&quot;sticky_offset&quot;:0,&quot;sticky_effects_offset&quot;:0}\" data-widget_type=\"menu-anchor.default\">\n\t\t\t\t\t\t\t<div class=\"elementor-menu-anchor\" id=\"2Calefaccin\"><\/div>\n\t\t\t\t\t\t<\/div>\n\t\t\t\t<div class=\"elementor-element elementor-element-1d2e131 elementor-widget elementor-widget-heading\" data-id=\"1d2e131\" data-element_type=\"widget\" data-e-type=\"widget\" data-widget_type=\"heading.default\">\n\t\t\t\t\t<h2 class=\"elementor-heading-title elementor-size-default\">2. Calefacci\u00f3n<\/h2>\t\t\t\t<\/div>\n\t\t<div class=\"elementor-element elementor-element-bdfa758 e-grid e-con-full e-con e-child\" data-id=\"bdfa758\" data-element_type=\"container\" data-e-type=\"container\">\n\t\t\t\t<div class=\"elementor-element elementor-element-c23264d elementor-widget elementor-widget-text-editor\" data-id=\"c23264d\" data-element_type=\"widget\" data-e-type=\"widget\" data-widget_type=\"text-editor.default\">\n\t\t\t\t\t\t\t\t\t<p>El molde cerrado se coloca en un horno, se gira lentamente alrededor de dos ejes (biaxial) y se calienta hasta alcanzar entre 180 y 300\u00b0C. Ahora el pl\u00e1stico empieza a fundirse lentamente en las paredes calientes del molde y se extiende uniformemente por las paredes interiores del molde. <\/p>\n\t\t\t\t\t\t\t\t<\/div>\n\t\t\t\t<div class=\"elementor-element elementor-element-8237542 elementor-widget elementor-widget-image\" data-id=\"8237542\" data-element_type=\"widget\" data-e-type=\"widget\" data-widget_type=\"image.default\">\n\t\t\t\t\t\t\t\t\t\t\t\t\t\t\t<img decoding=\"async\" width=\"183\" height=\"157\" src=\"https:\/\/www.emano.de\/wp-content\/uploads\/2025\/05\/temp_2_Erhitzen.png\" class=\"attachment-large size-large wp-image-4909\" alt=\"\" \/>\t\t\t\t\t\t\t\t\t\t\t\t\t\t\t<\/div>\n\t\t\t\t<\/div>\n\t\t\t\t\t<\/div>\n\t\t\t\t<\/div>\n\t\t<div class=\"elementor-element elementor-element-34396c1 e-flex e-con-boxed e-con e-parent\" data-id=\"34396c1\" data-element_type=\"container\" data-e-type=\"container\">\n\t\t\t\t\t<div class=\"e-con-inner\">\n\t\t\t\t<div class=\"elementor-element elementor-element-d74f038 elementor-widget elementor-widget-menu-anchor\" data-id=\"d74f038\" data-element_type=\"widget\" data-e-type=\"widget\" data-widget_type=\"menu-anchor.default\">\n\t\t\t\t\t\t\t<div class=\"elementor-menu-anchor\" id=\"3Refrigeracin\"><\/div>\n\t\t\t\t\t\t<\/div>\n\t\t\t\t<div class=\"elementor-element elementor-element-6ea011a elementor-widget elementor-widget-heading\" data-id=\"6ea011a\" data-element_type=\"widget\" data-e-type=\"widget\" data-widget_type=\"heading.default\">\n\t\t\t\t\t<h2 class=\"elementor-heading-title elementor-size-default\">3. refrigeraci\u00f3n<\/h2>\t\t\t\t<\/div>\n\t\t<div class=\"elementor-element elementor-element-600decd e-grid e-con-full e-con e-child\" data-id=\"600decd\" data-element_type=\"container\" data-e-type=\"container\">\n\t\t\t\t<div class=\"elementor-element elementor-element-67f84fe elementor-widget elementor-widget-text-editor\" data-id=\"67f84fe\" data-element_type=\"widget\" data-e-type=\"widget\" data-widget_type=\"text-editor.default\">\n\t\t\t\t\t\t\t\t\t<p>Una vez que el polvo se ha fundido por completo, el molde se enfr\u00eda sin dejar de girar, normalmente mediante enfriamiento por aire o agua. El enfriamiento se produce lentamente para evitar tensiones y deformaciones. <\/p>\n\t\t\t\t\t\t\t\t<\/div>\n\t\t\t\t<div class=\"elementor-element elementor-element-5be7f7a elementor-widget elementor-widget-image\" data-id=\"5be7f7a\" data-element_type=\"widget\" data-e-type=\"widget\" data-widget_type=\"image.default\">\n\t\t\t\t\t\t\t\t\t\t\t\t\t\t\t<img decoding=\"async\" width=\"180\" height=\"156\" src=\"https:\/\/www.emano.de\/wp-content\/uploads\/2025\/05\/temp_3_Abkuehlen.png\" class=\"attachment-large size-large wp-image-4915\" alt=\"\" \/>\t\t\t\t\t\t\t\t\t\t\t\t\t\t\t<\/div>\n\t\t\t\t<\/div>\n\t\t\t\t\t<\/div>\n\t\t\t\t<\/div>\n\t\t<div class=\"elementor-element elementor-element-ac48a61 e-flex e-con-boxed e-con e-parent\" data-id=\"ac48a61\" data-element_type=\"container\" data-e-type=\"container\">\n\t\t\t\t\t<div class=\"e-con-inner\">\n\t\t\t\t<div class=\"elementor-element elementor-element-9542210 elementor-widget elementor-widget-menu-anchor\" data-id=\"9542210\" data-element_type=\"widget\" data-e-type=\"widget\" data-widget_type=\"menu-anchor.default\">\n\t\t\t\t\t\t\t<div class=\"elementor-menu-anchor\" id=\"4Desmoldeo\"><\/div>\n\t\t\t\t\t\t<\/div>\n\t\t\t\t<div class=\"elementor-element elementor-element-9f4fe75 elementor-widget elementor-widget-heading\" data-id=\"9f4fe75\" data-element_type=\"widget\" data-e-type=\"widget\" data-widget_type=\"heading.default\">\n\t\t\t\t\t<h2 class=\"elementor-heading-title elementor-size-default\">4. desmoldeo<\/h2>\t\t\t\t<\/div>\n\t\t<div class=\"elementor-element elementor-element-ca113b8 e-grid e-con-full e-con e-child\" data-id=\"ca113b8\" data-element_type=\"container\" data-e-type=\"container\">\n\t\t\t\t<div class=\"elementor-element elementor-element-6cc17fd elementor-widget elementor-widget-text-editor\" data-id=\"6cc17fd\" data-element_type=\"widget\" data-e-type=\"widget\" data-widget_type=\"text-editor.default\">\n\t\t\t\t\t\t\t\t\t<div class=\"elementor-element elementor-element-a506ee8 elementor-widget elementor-widget-text-editor\" data-id=\"a506ee8\" data-element_type=\"widget\" data-widget_type=\"text-editor.default\">\n<p>Se abre el molde y se extrae la pieza hueca acabada. En este punto, todav\u00eda tiene una temperatura de unos 70\u00b0C.   <\/p>\n<p>Para garantizar la exactitud dimensional de las piezas huecas del cuerpo, a menudo se colocan en un dispositivo de refrigeraci\u00f3n hasta que se hayan enfriado completamente y, si es necesario, se presurizan con aire de apoyo.  <\/p>\n<p>Por \u00faltimo, se limpia el molde de cualquier resto de pl\u00e1stico.<\/p>\n<\/div>\n\t\t\t\t\t\t\t\t<\/div>\n\t\t\t\t<div class=\"elementor-element elementor-element-4b2a9ce elementor-widget elementor-widget-image\" data-id=\"4b2a9ce\" data-element_type=\"widget\" data-e-type=\"widget\" data-widget_type=\"image.default\">\n\t\t\t\t\t\t\t\t\t\t\t\t\t\t\t<img loading=\"lazy\" decoding=\"async\" width=\"145\" height=\"150\" src=\"https:\/\/www.emano.de\/wp-content\/uploads\/2025\/05\/temp_4_Entnahme.png\" class=\"attachment-large size-large wp-image-4921\" alt=\"\" \/>\t\t\t\t\t\t\t\t\t\t\t\t\t\t\t<\/div>\n\t\t\t\t<\/div>\n\t\t\t\t\t<\/div>\n\t\t\t\t<\/div>\n\t\t\t\t<\/div>\n\t\t","protected":false},"excerpt":{"rendered":"<p>El proceso de sinterizaci\u00f3n rotacional (tambi\u00e9n conocido como moldeo rotacional o rotomoldeo) es un proceso de fabricaci\u00f3n por moldeo para la producci\u00f3n de piezas huecas de pl\u00e1stico. Es uno de los procesos de moldeo originales en el campo de la transformaci\u00f3n de pl\u00e1sticos. Cada producto de pl\u00e1stico requiere su propio molde. Suelen ser de aluminio [&hellip;]<\/p>\n","protected":false},"author":2,"featured_media":0,"parent":0,"menu_order":0,"comment_status":"closed","ping_status":"closed","template":"","meta":{"footnotes":""},"class_list":["post-5018","page","type-page","status-publish","hentry"],"yoast_head":"<!-- This site is optimized with the Yoast SEO plugin v27.2 - https:\/\/yoast.com\/product\/yoast-seo-wordpress\/ -->\n<title>El proceso de sinterizaci\u00f3n rotacional - emano<\/title>\n<meta name=\"robots\" content=\"index, follow, max-snippet:-1, max-image-preview:large, max-video-preview:-1\" \/>\n<link rel=\"canonical\" href=\"https:\/\/www.emano.de\/es\/el-proceso-de-sinterizacion-rotacional\/\" \/>\n<meta property=\"og:locale\" content=\"es_ES\" \/>\n<meta property=\"og:type\" content=\"article\" \/>\n<meta property=\"og:title\" content=\"El proceso de sinterizaci\u00f3n rotacional - emano\" \/>\n<meta property=\"og:description\" content=\"El proceso de sinterizaci\u00f3n rotacional (tambi\u00e9n conocido como moldeo rotacional o rotomoldeo) es un proceso de fabricaci\u00f3n por moldeo para la producci\u00f3n de piezas huecas de pl\u00e1stico. Es uno de los procesos de moldeo originales en el campo de la transformaci\u00f3n de pl\u00e1sticos. Cada producto de pl\u00e1stico requiere su propio molde. Suelen ser de aluminio [&hellip;]\" \/>\n<meta property=\"og:url\" content=\"https:\/\/www.emano.de\/es\/el-proceso-de-sinterizacion-rotacional\/\" \/>\n<meta property=\"og:site_name\" content=\"emano\" \/>\n<meta property=\"article:modified_time\" content=\"2025-05-21T13:09:24+00:00\" \/>\n<meta property=\"og:image\" content=\"https:\/\/www.emano.de\/wp-content\/uploads\/2025\/05\/temp_1_Befuellen.png\" \/>\n\t<meta property=\"og:image:width\" content=\"175\" \/>\n\t<meta property=\"og:image:height\" content=\"188\" \/>\n\t<meta property=\"og:image:type\" content=\"image\/png\" \/>\n<meta name=\"twitter:card\" content=\"summary_large_image\" \/>\n<meta name=\"twitter:label1\" content=\"Tiempo de lectura\" \/>\n\t<meta name=\"twitter:data1\" content=\"2 minutos\" \/>\n<script type=\"application\/ld+json\" class=\"yoast-schema-graph\">{\"@context\":\"https:\/\/schema.org\",\"@graph\":[{\"@type\":\"WebPage\",\"@id\":\"https:\/\/www.emano.de\/es\/el-proceso-de-sinterizacion-rotacional\/\",\"url\":\"https:\/\/www.emano.de\/es\/el-proceso-de-sinterizacion-rotacional\/\",\"name\":\"El proceso de sinterizaci\u00f3n rotacional - emano\",\"isPartOf\":{\"@id\":\"https:\/\/www.emano.de\/nl\/#website\"},\"primaryImageOfPage\":{\"@id\":\"https:\/\/www.emano.de\/es\/el-proceso-de-sinterizacion-rotacional\/#primaryimage\"},\"image\":{\"@id\":\"https:\/\/www.emano.de\/es\/el-proceso-de-sinterizacion-rotacional\/#primaryimage\"},\"thumbnailUrl\":\"https:\/\/www.emano.de\/wp-content\/uploads\/2025\/05\/temp_1_Befuellen.png\",\"datePublished\":\"2025-05-21T07:23:41+00:00\",\"dateModified\":\"2025-05-21T13:09:24+00:00\",\"breadcrumb\":{\"@id\":\"https:\/\/www.emano.de\/es\/el-proceso-de-sinterizacion-rotacional\/#breadcrumb\"},\"inLanguage\":\"es\",\"potentialAction\":[{\"@type\":\"ReadAction\",\"target\":[\"https:\/\/www.emano.de\/es\/el-proceso-de-sinterizacion-rotacional\/\"]}]},{\"@type\":\"ImageObject\",\"inLanguage\":\"es\",\"@id\":\"https:\/\/www.emano.de\/es\/el-proceso-de-sinterizacion-rotacional\/#primaryimage\",\"url\":\"https:\/\/www.emano.de\/wp-content\/uploads\/2025\/05\/temp_1_Befuellen.png\",\"contentUrl\":\"https:\/\/www.emano.de\/wp-content\/uploads\/2025\/05\/temp_1_Befuellen.png\"},{\"@type\":\"BreadcrumbList\",\"@id\":\"https:\/\/www.emano.de\/es\/el-proceso-de-sinterizacion-rotacional\/#breadcrumb\",\"itemListElement\":[{\"@type\":\"ListItem\",\"position\":1,\"name\":\"Home\",\"item\":\"https:\/\/www.emano.de\/\"},{\"@type\":\"ListItem\",\"position\":2,\"name\":\"El proceso de sinterizaci\u00f3n rotacional\"}]},{\"@type\":\"WebSite\",\"@id\":\"https:\/\/www.emano.de\/nl\/#website\",\"url\":\"https:\/\/www.emano.de\/nl\/\",\"name\":\"emano\",\"description\":\"\",\"potentialAction\":[{\"@type\":\"SearchAction\",\"target\":{\"@type\":\"EntryPoint\",\"urlTemplate\":\"https:\/\/www.emano.de\/nl\/?s={search_term_string}\"},\"query-input\":{\"@type\":\"PropertyValueSpecification\",\"valueRequired\":true,\"valueName\":\"search_term_string\"}}],\"inLanguage\":\"es\"}]}<\/script>\n<!-- \/ Yoast SEO plugin. -->","yoast_head_json":{"title":"El proceso de sinterizaci\u00f3n rotacional - emano","robots":{"index":"index","follow":"follow","max-snippet":"max-snippet:-1","max-image-preview":"max-image-preview:large","max-video-preview":"max-video-preview:-1"},"canonical":"https:\/\/www.emano.de\/es\/el-proceso-de-sinterizacion-rotacional\/","og_locale":"es_ES","og_type":"article","og_title":"El proceso de sinterizaci\u00f3n rotacional - emano","og_description":"El proceso de sinterizaci\u00f3n rotacional (tambi\u00e9n conocido como moldeo rotacional o rotomoldeo) es un proceso de fabricaci\u00f3n por moldeo para la producci\u00f3n de piezas huecas de pl\u00e1stico. Es uno de los procesos de moldeo originales en el campo de la transformaci\u00f3n de pl\u00e1sticos. Cada producto de pl\u00e1stico requiere su propio molde. Suelen ser de aluminio [&hellip;]","og_url":"https:\/\/www.emano.de\/es\/el-proceso-de-sinterizacion-rotacional\/","og_site_name":"emano","article_modified_time":"2025-05-21T13:09:24+00:00","og_image":[{"width":175,"height":188,"url":"https:\/\/www.emano.de\/wp-content\/uploads\/2025\/05\/temp_1_Befuellen.png","type":"image\/png"}],"twitter_card":"summary_large_image","twitter_misc":{"Tiempo de lectura":"2 minutos"},"schema":{"@context":"https:\/\/schema.org","@graph":[{"@type":"WebPage","@id":"https:\/\/www.emano.de\/es\/el-proceso-de-sinterizacion-rotacional\/","url":"https:\/\/www.emano.de\/es\/el-proceso-de-sinterizacion-rotacional\/","name":"El proceso de sinterizaci\u00f3n rotacional - emano","isPartOf":{"@id":"https:\/\/www.emano.de\/nl\/#website"},"primaryImageOfPage":{"@id":"https:\/\/www.emano.de\/es\/el-proceso-de-sinterizacion-rotacional\/#primaryimage"},"image":{"@id":"https:\/\/www.emano.de\/es\/el-proceso-de-sinterizacion-rotacional\/#primaryimage"},"thumbnailUrl":"https:\/\/www.emano.de\/wp-content\/uploads\/2025\/05\/temp_1_Befuellen.png","datePublished":"2025-05-21T07:23:41+00:00","dateModified":"2025-05-21T13:09:24+00:00","breadcrumb":{"@id":"https:\/\/www.emano.de\/es\/el-proceso-de-sinterizacion-rotacional\/#breadcrumb"},"inLanguage":"es","potentialAction":[{"@type":"ReadAction","target":["https:\/\/www.emano.de\/es\/el-proceso-de-sinterizacion-rotacional\/"]}]},{"@type":"ImageObject","inLanguage":"es","@id":"https:\/\/www.emano.de\/es\/el-proceso-de-sinterizacion-rotacional\/#primaryimage","url":"https:\/\/www.emano.de\/wp-content\/uploads\/2025\/05\/temp_1_Befuellen.png","contentUrl":"https:\/\/www.emano.de\/wp-content\/uploads\/2025\/05\/temp_1_Befuellen.png"},{"@type":"BreadcrumbList","@id":"https:\/\/www.emano.de\/es\/el-proceso-de-sinterizacion-rotacional\/#breadcrumb","itemListElement":[{"@type":"ListItem","position":1,"name":"Home","item":"https:\/\/www.emano.de\/"},{"@type":"ListItem","position":2,"name":"El proceso de sinterizaci\u00f3n rotacional"}]},{"@type":"WebSite","@id":"https:\/\/www.emano.de\/nl\/#website","url":"https:\/\/www.emano.de\/nl\/","name":"emano","description":"","potentialAction":[{"@type":"SearchAction","target":{"@type":"EntryPoint","urlTemplate":"https:\/\/www.emano.de\/nl\/?s={search_term_string}"},"query-input":{"@type":"PropertyValueSpecification","valueRequired":true,"valueName":"search_term_string"}}],"inLanguage":"es"}]}},"_links":{"self":[{"href":"https:\/\/www.emano.de\/es\/wp-json\/wp\/v2\/pages\/5018","targetHints":{"allow":["GET"]}}],"collection":[{"href":"https:\/\/www.emano.de\/es\/wp-json\/wp\/v2\/pages"}],"about":[{"href":"https:\/\/www.emano.de\/es\/wp-json\/wp\/v2\/types\/page"}],"author":[{"embeddable":true,"href":"https:\/\/www.emano.de\/es\/wp-json\/wp\/v2\/users\/2"}],"replies":[{"embeddable":true,"href":"https:\/\/www.emano.de\/es\/wp-json\/wp\/v2\/comments?post=5018"}],"version-history":[{"count":3,"href":"https:\/\/www.emano.de\/es\/wp-json\/wp\/v2\/pages\/5018\/revisions"}],"predecessor-version":[{"id":5132,"href":"https:\/\/www.emano.de\/es\/wp-json\/wp\/v2\/pages\/5018\/revisions\/5132"}],"wp:attachment":[{"href":"https:\/\/www.emano.de\/es\/wp-json\/wp\/v2\/media?parent=5018"}],"curies":[{"name":"wp","href":"https:\/\/api.w.org\/{rel}","templated":true}]}}