{"id":4090,"date":"2025-02-01T18:01:40","date_gmt":"2025-02-01T17:01:40","guid":{"rendered":"https:\/\/emano.de\/recyclage-et-traitement-des-plastiques\/"},"modified":"2025-03-11T09:13:36","modified_gmt":"2025-03-11T08:13:36","slug":"recyclage-et-traitement-des-plastiques","status":"publish","type":"page","link":"https:\/\/www.emano.de\/fr\/recyclage-et-traitement-des-plastiques\/","title":{"rendered":"Recyclage et traitement des plastiques"},"content":{"rendered":"\t\t<div data-elementor-type=\"wp-page\" data-elementor-id=\"4090\" class=\"elementor elementor-4090 elementor-3221\" data-elementor-post-type=\"page\">\n\t\t\t\t<div class=\"elementor-element elementor-element-8f97c41 e-con-full e-flex elementor-invisible e-con e-child\" data-id=\"8f97c41\" data-element_type=\"container\" data-e-type=\"container\" data-settings=\"{&quot;background_background&quot;:&quot;classic&quot;,&quot;animation&quot;:&quot;fadeIn&quot;}\">\n\t\t\t\t<div class=\"elementor-element elementor-element-77581d8 elementor-invisible elementor-widget elementor-widget-heading\" data-id=\"77581d8\" data-element_type=\"widget\" data-e-type=\"widget\" data-settings=\"{&quot;_animation&quot;:&quot;fadeInUp&quot;}\" data-widget_type=\"heading.default\">\n\t\t\t\t\t<h1 class=\"elementor-heading-title elementor-size-default\">Recyclage des plastiques &amp;<br> Traitement<span style=\"color: #fc1727\">.<\/span><\/h1>\t\t\t\t<\/div>\n\t\t\t\t<div class=\"elementor-element elementor-element-92e2a26 elementor-invisible elementor-widget elementor-widget-heading\" data-id=\"92e2a26\" data-element_type=\"widget\" data-e-type=\"widget\" data-settings=\"{&quot;_animation&quot;:&quot;fadeInUp&quot;,&quot;_animation_mobile&quot;:&quot;fadeInUp&quot;,&quot;_animation_delay&quot;:500}\" data-widget_type=\"heading.default\">\n\t\t\t\t\t<h2 class=\"elementor-heading-title elementor-size-default\">Promouvoir activement la protection de l'environnement<\/h2>\t\t\t\t<\/div>\n\t\t\t\t<\/div>\n\t\t<div class=\"elementor-element elementor-element-dad5dd0 e-flex e-con-boxed elementor-invisible e-con e-parent\" data-id=\"dad5dd0\" data-element_type=\"container\" data-e-type=\"container\" data-settings=\"{&quot;animation&quot;:&quot;fadeInUp&quot;}\">\n\t\t\t\t\t<div class=\"e-con-inner\">\n\t\t\t\t<div class=\"elementor-element elementor-element-6c89e87 elementor-widget elementor-widget-text-editor\" data-id=\"6c89e87\" data-element_type=\"widget\" data-e-type=\"widget\" data-widget_type=\"text-editor.default\">\n\t\t\t\t\t\t\t\t\t<p>Afin de promouvoir activement la protection de l&rsquo;environnement, emano Kunststofftechnik GmbH r\u00e9utilise le plastique par recyclage et remise \u00e0 neuf. Cela permet de pr\u00e9server des ressources importantes telles que le p\u00e9trole, le charbon et le gaz naturel et de minimiser l&rsquo;impact sur l&rsquo;environnement des mat\u00e9riaux non biod\u00e9gradables. <\/p>\n\t\t\t\t\t\t\t\t<\/div>\n\t\t\t\t\t<\/div>\n\t\t\t\t<\/div>\n\t\t<div class=\"elementor-element elementor-element-061f3f0 e-flex e-con-boxed elementor-invisible e-con e-parent\" data-id=\"061f3f0\" data-element_type=\"container\" data-e-type=\"container\" data-settings=\"{&quot;animation&quot;:&quot;fadeIn&quot;}\">\n\t\t\t\t\t<div class=\"e-con-inner\">\n\t\t\t\t<div class=\"elementor-element elementor-element-0d19485 elementor-widget elementor-widget-video\" data-id=\"0d19485\" data-element_type=\"widget\" data-e-type=\"widget\" data-settings=\"{&quot;video_type&quot;:&quot;hosted&quot;,&quot;show_image_overlay&quot;:&quot;yes&quot;,&quot;image_overlay&quot;:{&quot;url&quot;:&quot;https:\\\/\\\/www.emano.de\\\/wp-content\\\/uploads\\\/2025\\\/02\\\/emano-nachhaltigkeit2.jpg&quot;,&quot;id&quot;:4093,&quot;size&quot;:&quot;&quot;,&quot;alt&quot;:&quot;&quot;,&quot;source&quot;:&quot;library&quot;},&quot;motion_fx_motion_fx_scrolling&quot;:&quot;yes&quot;,&quot;motion_fx_scale_effect&quot;:&quot;yes&quot;,&quot;motion_fx_scale_speed&quot;:{&quot;unit&quot;:&quot;px&quot;,&quot;size&quot;:1,&quot;sizes&quot;:[]},&quot;motion_fx_scale_range&quot;:{&quot;unit&quot;:&quot;%&quot;,&quot;size&quot;:&quot;&quot;,&quot;sizes&quot;:{&quot;start&quot;:0,&quot;end&quot;:50}},&quot;controls&quot;:&quot;yes&quot;,&quot;motion_fx_scale_direction&quot;:&quot;out-in&quot;,&quot;motion_fx_devices&quot;:[&quot;desktop&quot;,&quot;tablet&quot;,&quot;mobile&quot;]}\" data-widget_type=\"video.default\">\n\t\t\t\t\t\t\t<div class=\"e-hosted-video elementor-wrapper elementor-open-inline\">\n\t\t\t\t\t<video class=\"elementor-video\" src=\"https:\/\/www.emano.de\/video\/emano-nachhaltigkeit-cut2.mp4\" controls=\"\" preload=\"metadata\" controlsList=\"nodownload\" poster=\"https:\/\/www.emano.de\/wp-content\/uploads\/2025\/02\/emano-nachhaltigkeit2.jpg\"><\/video>\n\t\t\t\t\t\t<div class=\"elementor-custom-embed-image-overlay\" style=\"background-image: url(https:\/\/www.emano.de\/wp-content\/uploads\/2025\/02\/emano-nachhaltigkeit2.jpg);\">\n\t\t\t\t\t\t\t\t\t\t\t\t\t\t\t\t<div class=\"elementor-custom-embed-play\" role=\"button\" aria-label=\"Lire la vid\u00e9o\" tabindex=\"0\">\n\t\t\t\t\t\t\t<svg aria-hidden=\"true\" class=\"e-font-icon-svg e-eicon-play\" viewBox=\"0 0 1000 1000\" xmlns=\"http:\/\/www.w3.org\/2000\/svg\"><path d=\"M838 162C746 71 633 25 500 25 371 25 258 71 163 162 71 254 25 367 25 500 25 633 71 746 163 837 254 929 367 979 500 979 633 979 746 933 838 837 929 746 975 633 975 500 975 367 929 254 838 162M808 192C892 279 933 379 933 500 933 621 892 725 808 808 725 892 621 938 500 938 379 938 279 896 196 808 113 725 67 621 67 500 67 379 108 279 196 192 279 108 383 62 500 62 621 62 721 108 808 192M438 392V642L642 517 438 392Z\"><\/path><\/svg>\t\t\t\t\t\t<\/div>\n\t\t\t\t\t\t\t\t\t<\/div>\n\t\t\t\t\t<\/div>\n\t\t\t\t\t\t<\/div>\n\t\t\t\t\t<\/div>\n\t\t\t\t<\/div>\n\t\t<div class=\"elementor-element elementor-element-1b550ce e-flex e-con-boxed elementor-invisible e-con e-parent\" data-id=\"1b550ce\" data-element_type=\"container\" data-e-type=\"container\" data-settings=\"{&quot;animation&quot;:&quot;fadeInUp&quot;}\">\n\t\t\t\t\t<div class=\"e-con-inner\">\n\t\t\t\t<div class=\"elementor-element elementor-element-7845b56 elementor-widget__width-initial elementor-widget-mobile__width-inherit elementor-widget elementor-widget-text-editor\" data-id=\"7845b56\" data-element_type=\"widget\" data-e-type=\"widget\" data-widget_type=\"text-editor.default\">\n\t\t\t\t\t\t\t\t\t<p>Nous vivons la durabilit\u00e9 \u00e0 travers des cha\u00eenes d&rsquo;approvisionnement courtes et le recyclage &#8211; de la r\u00e9utilisation de nos mati\u00e8res plastiques au d\u00e9veloppement de produits enti\u00e8rement recyclables. C&rsquo;est ainsi que nous contribuons \u00e0 un avenir plus vert. <\/p>\n\t\t\t\t\t\t\t\t<\/div>\n\t\t\t\t\t<\/div>\n\t\t\t\t<\/div>\n\t\t<div class=\"elementor-element elementor-element-ac6213c e-flex e-con-boxed elementor-invisible e-con e-parent\" data-id=\"ac6213c\" data-element_type=\"container\" data-e-type=\"container\" data-settings=\"{&quot;animation&quot;:&quot;fadeIn&quot;}\">\n\t\t\t\t\t<div class=\"e-con-inner\">\n\t\t\t\t<div class=\"elementor-element elementor-element-0d2c197 elementor-widget elementor-widget-image\" data-id=\"0d2c197\" data-element_type=\"widget\" data-e-type=\"widget\" data-settings=\"{&quot;motion_fx_motion_fx_scrolling&quot;:&quot;yes&quot;,&quot;motion_fx_scale_effect&quot;:&quot;yes&quot;,&quot;motion_fx_scale_speed&quot;:{&quot;unit&quot;:&quot;px&quot;,&quot;size&quot;:1,&quot;sizes&quot;:[]},&quot;motion_fx_scale_range&quot;:{&quot;unit&quot;:&quot;%&quot;,&quot;size&quot;:&quot;&quot;,&quot;sizes&quot;:{&quot;start&quot;:0,&quot;end&quot;:50}},&quot;motion_fx_scale_direction&quot;:&quot;out-in&quot;,&quot;motion_fx_devices&quot;:[&quot;desktop&quot;,&quot;tablet&quot;,&quot;mobile&quot;]}\" data-widget_type=\"image.default\">\n\t\t\t\t\t\t\t\t\t\t\t\t\t\t\t<img fetchpriority=\"high\" decoding=\"async\" width=\"1600\" height=\"1067\" src=\"https:\/\/www.emano.de\/wp-content\/uploads\/2024\/09\/emano_anlage.jpg\" class=\"attachment-full size-full wp-image-4094\" alt=\"\" srcset=\"https:\/\/www.emano.de\/wp-content\/uploads\/2024\/09\/emano_anlage.jpg 1600w, https:\/\/www.emano.de\/wp-content\/uploads\/2024\/09\/emano_anlage-300x200.jpg 300w, https:\/\/www.emano.de\/wp-content\/uploads\/2024\/09\/emano_anlage-1024x683.jpg 1024w, https:\/\/www.emano.de\/wp-content\/uploads\/2024\/09\/emano_anlage-768x512.jpg 768w, https:\/\/www.emano.de\/wp-content\/uploads\/2024\/09\/emano_anlage-1536x1024.jpg 1536w\" sizes=\"(max-width: 1600px) 100vw, 1600px\" \/>\t\t\t\t\t\t\t\t\t\t\t\t\t\t\t<\/div>\n\t\t\t\t<div class=\"elementor-element elementor-element-281db1b elementor-widget elementor-widget-image\" data-id=\"281db1b\" data-element_type=\"widget\" data-e-type=\"widget\" data-settings=\"{&quot;motion_fx_motion_fx_scrolling&quot;:&quot;yes&quot;,&quot;motion_fx_scale_effect&quot;:&quot;yes&quot;,&quot;motion_fx_scale_speed&quot;:{&quot;unit&quot;:&quot;px&quot;,&quot;size&quot;:1,&quot;sizes&quot;:[]},&quot;motion_fx_scale_range&quot;:{&quot;unit&quot;:&quot;%&quot;,&quot;size&quot;:&quot;&quot;,&quot;sizes&quot;:{&quot;start&quot;:0,&quot;end&quot;:50}},&quot;motion_fx_scale_direction&quot;:&quot;out-in&quot;,&quot;motion_fx_devices&quot;:[&quot;desktop&quot;,&quot;tablet&quot;,&quot;mobile&quot;]}\" data-widget_type=\"image.default\">\n\t\t\t\t\t\t\t\t\t\t\t\t\t\t\t<img decoding=\"async\" width=\"800\" height=\"600\" src=\"https:\/\/www.emano.de\/wp-content\/uploads\/2024\/09\/p1010169a.jpg\" class=\"attachment-full size-full wp-image-4100\" alt=\"\" srcset=\"https:\/\/www.emano.de\/wp-content\/uploads\/2024\/09\/p1010169a.jpg 800w, https:\/\/www.emano.de\/wp-content\/uploads\/2024\/09\/p1010169a-300x225.jpg 300w, https:\/\/www.emano.de\/wp-content\/uploads\/2024\/09\/p1010169a-768x576.jpg 768w\" sizes=\"(max-width: 800px) 100vw, 800px\" \/>\t\t\t\t\t\t\t\t\t\t\t\t\t\t\t<\/div>\n\t\t\t\t\t<\/div>\n\t\t\t\t<\/div>\n\t\t<div class=\"elementor-element elementor-element-769bd24 e-flex e-con-boxed elementor-invisible e-con e-parent\" data-id=\"769bd24\" data-element_type=\"container\" data-e-type=\"container\" data-settings=\"{&quot;animation&quot;:&quot;fadeInUp&quot;}\">\n\t\t\t\t\t<div class=\"e-con-inner\">\n\t\t\t\t<div class=\"elementor-element elementor-element-f588563 elementor-mobile-align-left elementor-invisible elementor-widget elementor-widget-button\" data-id=\"f588563\" data-element_type=\"widget\" data-e-type=\"widget\" data-settings=\"{&quot;_animation&quot;:&quot;fadeInUp&quot;}\" data-widget_type=\"button.default\">\n\t\t\t\t\t\t\t\t\t\t<a class=\"elementor-button elementor-button-link elementor-size-sm elementor-animation-float\" href=\"https:\/\/www.emano.de\/leistungen\/#leistungen\">\n\t\t\t\t\t\t<span class=\"elementor-button-content-wrapper\">\n\t\t\t\t\t\t<span class=\"elementor-button-icon\">\n\t\t\t\t<svg aria-hidden=\"true\" class=\"e-font-icon-svg e-fas-arrow-left\" viewBox=\"0 0 448 512\" xmlns=\"http:\/\/www.w3.org\/2000\/svg\"><path d=\"M257.5 445.1l-22.2 22.2c-9.4 9.4-24.6 9.4-33.9 0L7 273c-9.4-9.4-9.4-24.6 0-33.9L201.4 44.7c9.4-9.4 24.6-9.4 33.9 0l22.2 22.2c9.5 9.5 9.3 25-.4 34.3L136.6 216H424c13.3 0 24 10.7 24 24v32c0 13.3-10.7 24-24 24H136.6l120.5 114.8c9.8 9.3 10 24.8.4 34.3z\"><\/path><\/svg>\t\t\t<\/span>\n\t\t\t\t\t\t\t\t\t<span class=\"elementor-button-text\">retour<\/span>\n\t\t\t\t\t<\/span>\n\t\t\t\t\t<\/a>\n\t\t\t\t\t\t\t\t<\/div>\n\t\t\t\t\t<\/div>\n\t\t\t\t<\/div>\n\t\t\t\t<\/div>\n\t\t","protected":false},"excerpt":{"rendered":"<p>Recyclage des plastiques &amp; Traitement. Promouvoir activement la protection de l&rsquo;environnement Afin de promouvoir activement la protection de l&rsquo;environnement, emano Kunststofftechnik GmbH r\u00e9utilise le plastique par recyclage et remise \u00e0 neuf. Cela permet de pr\u00e9server des ressources importantes telles que le p\u00e9trole, le charbon et le gaz naturel et de minimiser l&rsquo;impact sur l&rsquo;environnement des [&hellip;]<\/p>\n","protected":false},"author":1,"featured_media":0,"parent":0,"menu_order":0,"comment_status":"closed","ping_status":"closed","template":"elementor_header_footer","meta":{"footnotes":""},"class_list":["post-4090","page","type-page","status-publish","hentry"],"yoast_head":"<!-- This site is optimized with the Yoast SEO plugin v27.2 - https:\/\/yoast.com\/product\/yoast-seo-wordpress\/ -->\n<title>Recyclage et traitement des plastiques - emano<\/title>\n<meta name=\"robots\" content=\"index, follow, max-snippet:-1, max-image-preview:large, max-video-preview:-1\" \/>\n<link rel=\"canonical\" href=\"https:\/\/www.emano.de\/kunstoffrecycling-und-aufbereitung\/\" \/>\n<meta property=\"og:locale\" content=\"fr_FR\" \/>\n<meta property=\"og:type\" content=\"article\" \/>\n<meta property=\"og:title\" content=\"Recyclage et traitement des plastiques - emano\" \/>\n<meta property=\"og:description\" content=\"Recyclage des plastiques &amp; Traitement. Promouvoir activement la protection de l&rsquo;environnement Afin de promouvoir activement la protection de l&rsquo;environnement, emano Kunststofftechnik GmbH r\u00e9utilise le plastique par recyclage et remise \u00e0 neuf. Cela permet de pr\u00e9server des ressources importantes telles que le p\u00e9trole, le charbon et le gaz naturel et de minimiser l&rsquo;impact sur l&rsquo;environnement des [&hellip;]\" \/>\n<meta property=\"og:url\" content=\"https:\/\/www.emano.de\/kunstoffrecycling-und-aufbereitung\/\" \/>\n<meta property=\"og:site_name\" content=\"emano\" \/>\n<meta property=\"article:modified_time\" content=\"2025-03-11T08:13:36+00:00\" \/>\n<meta property=\"og:image\" content=\"https:\/\/www.emano.de\/wp-content\/uploads\/2024\/09\/emano_anlage.jpg\" \/>\n\t<meta property=\"og:image:width\" content=\"1600\" \/>\n\t<meta property=\"og:image:height\" content=\"1067\" \/>\n\t<meta property=\"og:image:type\" content=\"image\/jpeg\" \/>\n<meta name=\"twitter:card\" content=\"summary_large_image\" \/>\n<meta name=\"twitter:label1\" content=\"Dur\u00e9e de lecture estim\u00e9e\" \/>\n\t<meta name=\"twitter:data1\" content=\"1 minute\" \/>\n<script type=\"application\/ld+json\" class=\"yoast-schema-graph\">{\"@context\":\"https:\/\/schema.org\",\"@graph\":[{\"@type\":\"WebPage\",\"@id\":\"https:\/\/www.emano.de\/kunstoffrecycling-und-aufbereitung\/\",\"url\":\"https:\/\/www.emano.de\/kunstoffrecycling-und-aufbereitung\/\",\"name\":\"Recyclage et traitement des plastiques - emano\",\"isPartOf\":{\"@id\":\"https:\/\/www.emano.de\/nl\/#website\"},\"primaryImageOfPage\":{\"@id\":\"https:\/\/www.emano.de\/kunstoffrecycling-und-aufbereitung\/#primaryimage\"},\"image\":{\"@id\":\"https:\/\/www.emano.de\/kunstoffrecycling-und-aufbereitung\/#primaryimage\"},\"thumbnailUrl\":\"https:\/\/www.emano.de\/wp-content\/uploads\/2024\/09\/emano_anlage.jpg\",\"datePublished\":\"2025-02-01T17:01:40+00:00\",\"dateModified\":\"2025-03-11T08:13:36+00:00\",\"breadcrumb\":{\"@id\":\"https:\/\/www.emano.de\/kunstoffrecycling-und-aufbereitung\/#breadcrumb\"},\"inLanguage\":\"fr-FR\",\"potentialAction\":[{\"@type\":\"ReadAction\",\"target\":[\"https:\/\/www.emano.de\/kunstoffrecycling-und-aufbereitung\/\"]}]},{\"@type\":\"ImageObject\",\"inLanguage\":\"fr-FR\",\"@id\":\"https:\/\/www.emano.de\/kunstoffrecycling-und-aufbereitung\/#primaryimage\",\"url\":\"https:\/\/www.emano.de\/wp-content\/uploads\/2024\/09\/emano_anlage.jpg\",\"contentUrl\":\"https:\/\/www.emano.de\/wp-content\/uploads\/2024\/09\/emano_anlage.jpg\"},{\"@type\":\"BreadcrumbList\",\"@id\":\"https:\/\/www.emano.de\/kunstoffrecycling-und-aufbereitung\/#breadcrumb\",\"itemListElement\":[{\"@type\":\"ListItem\",\"position\":1,\"name\":\"Home\",\"item\":\"https:\/\/www.emano.de\/\"},{\"@type\":\"ListItem\",\"position\":2,\"name\":\"Recyclage et traitement des plastiques\"}]},{\"@type\":\"WebSite\",\"@id\":\"https:\/\/www.emano.de\/nl\/#website\",\"url\":\"https:\/\/www.emano.de\/nl\/\",\"name\":\"emano\",\"description\":\"\",\"potentialAction\":[{\"@type\":\"SearchAction\",\"target\":{\"@type\":\"EntryPoint\",\"urlTemplate\":\"https:\/\/www.emano.de\/nl\/?s={search_term_string}\"},\"query-input\":{\"@type\":\"PropertyValueSpecification\",\"valueRequired\":true,\"valueName\":\"search_term_string\"}}],\"inLanguage\":\"fr-FR\"}]}<\/script>\n<!-- \/ Yoast SEO plugin. -->","yoast_head_json":{"title":"Recyclage et traitement des plastiques - emano","robots":{"index":"index","follow":"follow","max-snippet":"max-snippet:-1","max-image-preview":"max-image-preview:large","max-video-preview":"max-video-preview:-1"},"canonical":"https:\/\/www.emano.de\/kunstoffrecycling-und-aufbereitung\/","og_locale":"fr_FR","og_type":"article","og_title":"Recyclage et traitement des plastiques - emano","og_description":"Recyclage des plastiques &amp; Traitement. Promouvoir activement la protection de l&rsquo;environnement Afin de promouvoir activement la protection de l&rsquo;environnement, emano Kunststofftechnik GmbH r\u00e9utilise le plastique par recyclage et remise \u00e0 neuf. Cela permet de pr\u00e9server des ressources importantes telles que le p\u00e9trole, le charbon et le gaz naturel et de minimiser l&rsquo;impact sur l&rsquo;environnement des [&hellip;]","og_url":"https:\/\/www.emano.de\/kunstoffrecycling-und-aufbereitung\/","og_site_name":"emano","article_modified_time":"2025-03-11T08:13:36+00:00","og_image":[{"width":1600,"height":1067,"url":"https:\/\/www.emano.de\/wp-content\/uploads\/2024\/09\/emano_anlage.jpg","type":"image\/jpeg"}],"twitter_card":"summary_large_image","twitter_misc":{"Dur\u00e9e de lecture estim\u00e9e":"1 minute"},"schema":{"@context":"https:\/\/schema.org","@graph":[{"@type":"WebPage","@id":"https:\/\/www.emano.de\/kunstoffrecycling-und-aufbereitung\/","url":"https:\/\/www.emano.de\/kunstoffrecycling-und-aufbereitung\/","name":"Recyclage et traitement des plastiques - emano","isPartOf":{"@id":"https:\/\/www.emano.de\/nl\/#website"},"primaryImageOfPage":{"@id":"https:\/\/www.emano.de\/kunstoffrecycling-und-aufbereitung\/#primaryimage"},"image":{"@id":"https:\/\/www.emano.de\/kunstoffrecycling-und-aufbereitung\/#primaryimage"},"thumbnailUrl":"https:\/\/www.emano.de\/wp-content\/uploads\/2024\/09\/emano_anlage.jpg","datePublished":"2025-02-01T17:01:40+00:00","dateModified":"2025-03-11T08:13:36+00:00","breadcrumb":{"@id":"https:\/\/www.emano.de\/kunstoffrecycling-und-aufbereitung\/#breadcrumb"},"inLanguage":"fr-FR","potentialAction":[{"@type":"ReadAction","target":["https:\/\/www.emano.de\/kunstoffrecycling-und-aufbereitung\/"]}]},{"@type":"ImageObject","inLanguage":"fr-FR","@id":"https:\/\/www.emano.de\/kunstoffrecycling-und-aufbereitung\/#primaryimage","url":"https:\/\/www.emano.de\/wp-content\/uploads\/2024\/09\/emano_anlage.jpg","contentUrl":"https:\/\/www.emano.de\/wp-content\/uploads\/2024\/09\/emano_anlage.jpg"},{"@type":"BreadcrumbList","@id":"https:\/\/www.emano.de\/kunstoffrecycling-und-aufbereitung\/#breadcrumb","itemListElement":[{"@type":"ListItem","position":1,"name":"Home","item":"https:\/\/www.emano.de\/"},{"@type":"ListItem","position":2,"name":"Recyclage et traitement des plastiques"}]},{"@type":"WebSite","@id":"https:\/\/www.emano.de\/nl\/#website","url":"https:\/\/www.emano.de\/nl\/","name":"emano","description":"","potentialAction":[{"@type":"SearchAction","target":{"@type":"EntryPoint","urlTemplate":"https:\/\/www.emano.de\/nl\/?s={search_term_string}"},"query-input":{"@type":"PropertyValueSpecification","valueRequired":true,"valueName":"search_term_string"}}],"inLanguage":"fr-FR"}]}},"_links":{"self":[{"href":"https:\/\/www.emano.de\/fr\/wp-json\/wp\/v2\/pages\/4090","targetHints":{"allow":["GET"]}}],"collection":[{"href":"https:\/\/www.emano.de\/fr\/wp-json\/wp\/v2\/pages"}],"about":[{"href":"https:\/\/www.emano.de\/fr\/wp-json\/wp\/v2\/types\/page"}],"author":[{"embeddable":true,"href":"https:\/\/www.emano.de\/fr\/wp-json\/wp\/v2\/users\/1"}],"replies":[{"embeddable":true,"href":"https:\/\/www.emano.de\/fr\/wp-json\/wp\/v2\/comments?post=4090"}],"version-history":[{"count":1,"href":"https:\/\/www.emano.de\/fr\/wp-json\/wp\/v2\/pages\/4090\/revisions"}],"predecessor-version":[{"id":4107,"href":"https:\/\/www.emano.de\/fr\/wp-json\/wp\/v2\/pages\/4090\/revisions\/4107"}],"wp:attachment":[{"href":"https:\/\/www.emano.de\/fr\/wp-json\/wp\/v2\/media?parent=4090"}],"curies":[{"name":"wp","href":"https:\/\/api.w.org\/{rel}","templated":true}]}}