{"id":5022,"date":"2025-05-21T09:23:41","date_gmt":"2025-05-21T07:23:41","guid":{"rendered":"https:\/\/emano.de\/le-procede-de-frittage-rotatif-2\/"},"modified":"2025-05-21T15:09:25","modified_gmt":"2025-05-21T13:09:25","slug":"le-procede-de-frittage-rotatif-2","status":"publish","type":"page","link":"https:\/\/www.emano.de\/fr\/le-procede-de-frittage-rotatif-2\/","title":{"rendered":"Le proc\u00e9d\u00e9 de frittage rotatif"},"content":{"rendered":"\t\t<div data-elementor-type=\"wp-page\" data-elementor-id=\"5022\" class=\"elementor elementor-5022 elementor-5014\" data-elementor-post-type=\"page\">\n\t\t\t\t<div class=\"elementor-element elementor-element-d764052 e-flex e-con-boxed e-con e-parent\" data-id=\"d764052\" data-element_type=\"container\" data-e-type=\"container\">\n\t\t\t\t\t<div class=\"e-con-inner\">\n\t\t\t\t<div class=\"elementor-element elementor-element-03fd038 elementor-widget elementor-widget-text-editor\" data-id=\"03fd038\" data-element_type=\"widget\" data-e-type=\"widget\" data-widget_type=\"text-editor.default\">\n\t\t\t\t\t\t\t\t\t<div class=\"elementor-element elementor-element-e16c272 e-flex e-con-boxed e-con e-parent e-lazyloaded\" data-id=\"e16c272\" data-element_type=\"container\">\n<div class=\"e-con-inner\">\n<div class=\"elementor-element elementor-element-e035d40 elementor-widget elementor-widget-text-editor\" data-id=\"e035d40\" data-element_type=\"widget\" data-widget_type=\"text-editor.default\">\n<p>Le rotomoulage (\u00e9galement appel\u00e9 rotomoulage, rotomoulage ou rotomolding) est un proc\u00e9d\u00e9 de fabrication de moules pour la production de pi\u00e8ces plastiques creuses. Il fait partie des proc\u00e9d\u00e9s de moulage primaires du domaine de la transformation des mati\u00e8res plastiques.   <\/p>\n<p>Chaque produit en plastique n\u00e9cessite un moule sp\u00e9cifique. Ceux-ci sont g\u00e9n\u00e9ralement fabriqu\u00e9s en aluminium ou en t\u00f4le d&rsquo;acier et se composent de deux ou plusieurs pi\u00e8ces moul\u00e9es, selon la complexit\u00e9 du produit en plastique. <\/p>\n<\/div>\n<\/div>\n<\/div>\n\t\t\t\t\t\t\t\t<\/div>\n\t\t\t\t<div class=\"elementor-element elementor-element-96edc46 elementor-widget elementor-widget-heading\" data-id=\"96edc46\" data-element_type=\"widget\" data-e-type=\"widget\" data-widget_type=\"heading.default\">\n\t\t\t\t\t<h2 class=\"elementor-heading-title elementor-size-default\">D\u00e9roulement du processus de frittage rotatif<\/h2>\t\t\t\t<\/div>\n\t\t<div class=\"elementor-element elementor-element-d8a3ceb e-grid e-con-full e-transform e-transform e-transform e-transform e-con e-child\" data-id=\"d8a3ceb\" data-element_type=\"container\" data-e-type=\"container\" data-settings=\"{&quot;background_background&quot;:&quot;classic&quot;,&quot;_transform_rotateZ_effect&quot;:{&quot;unit&quot;:&quot;px&quot;,&quot;size&quot;:&quot;&quot;,&quot;sizes&quot;:[]},&quot;_transform_rotateZ_effect_tablet&quot;:{&quot;unit&quot;:&quot;deg&quot;,&quot;size&quot;:&quot;&quot;,&quot;sizes&quot;:[]},&quot;_transform_rotateZ_effect_mobile&quot;:{&quot;unit&quot;:&quot;deg&quot;,&quot;size&quot;:&quot;&quot;,&quot;sizes&quot;:[]},&quot;_transform_translateX_effect&quot;:{&quot;unit&quot;:&quot;px&quot;,&quot;size&quot;:&quot;&quot;,&quot;sizes&quot;:[]},&quot;_transform_translateX_effect_tablet&quot;:{&quot;unit&quot;:&quot;px&quot;,&quot;size&quot;:&quot;&quot;,&quot;sizes&quot;:[]},&quot;_transform_translateX_effect_mobile&quot;:{&quot;unit&quot;:&quot;px&quot;,&quot;size&quot;:&quot;&quot;,&quot;sizes&quot;:[]},&quot;_transform_translateY_effect&quot;:{&quot;unit&quot;:&quot;px&quot;,&quot;size&quot;:&quot;&quot;,&quot;sizes&quot;:[]},&quot;_transform_translateY_effect_tablet&quot;:{&quot;unit&quot;:&quot;px&quot;,&quot;size&quot;:&quot;&quot;,&quot;sizes&quot;:[]},&quot;_transform_translateY_effect_mobile&quot;:{&quot;unit&quot;:&quot;px&quot;,&quot;size&quot;:&quot;&quot;,&quot;sizes&quot;:[]},&quot;_transform_scale_effect&quot;:{&quot;unit&quot;:&quot;px&quot;,&quot;size&quot;:&quot;&quot;,&quot;sizes&quot;:[]},&quot;_transform_scale_effect_tablet&quot;:{&quot;unit&quot;:&quot;px&quot;,&quot;size&quot;:&quot;&quot;,&quot;sizes&quot;:[]},&quot;_transform_scale_effect_mobile&quot;:{&quot;unit&quot;:&quot;px&quot;,&quot;size&quot;:&quot;&quot;,&quot;sizes&quot;:[]},&quot;_transform_skewX_effect&quot;:{&quot;unit&quot;:&quot;px&quot;,&quot;size&quot;:&quot;&quot;,&quot;sizes&quot;:[]},&quot;_transform_skewX_effect_tablet&quot;:{&quot;unit&quot;:&quot;deg&quot;,&quot;size&quot;:&quot;&quot;,&quot;sizes&quot;:[]},&quot;_transform_skewX_effect_mobile&quot;:{&quot;unit&quot;:&quot;deg&quot;,&quot;size&quot;:&quot;&quot;,&quot;sizes&quot;:[]},&quot;_transform_skewY_effect&quot;:{&quot;unit&quot;:&quot;px&quot;,&quot;size&quot;:&quot;&quot;,&quot;sizes&quot;:[]},&quot;_transform_skewY_effect_tablet&quot;:{&quot;unit&quot;:&quot;deg&quot;,&quot;size&quot;:&quot;&quot;,&quot;sizes&quot;:[]},&quot;_transform_skewY_effect_mobile&quot;:{&quot;unit&quot;:&quot;deg&quot;,&quot;size&quot;:&quot;&quot;,&quot;sizes&quot;:[]}}\">\n\t\t\t\t<div class=\"elementor-element elementor-element-6f3bb7b elementor-widget elementor-widget-text-editor\" data-id=\"6f3bb7b\" data-element_type=\"widget\" data-e-type=\"widget\" data-widget_type=\"text-editor.default\">\n\t\t\t\t\t\t\t\t\t<p><a href=\"#1Befuellen\">1. remplissage<\/a><\/p>\n\t\t\t\t\t\t\t\t<\/div>\n\t\t\t\t<div class=\"elementor-element elementor-element-c8f21b8 elementor-widget elementor-widget-text-editor\" data-id=\"c8f21b8\" data-element_type=\"widget\" data-e-type=\"widget\" data-widget_type=\"text-editor.default\">\n\t\t\t\t\t\t\t\t\t<p><a href=\"#2Erhitzen\">2. chauffage<\/a><\/p>\n\t\t\t\t\t\t\t\t<\/div>\n\t\t\t\t<div class=\"elementor-element elementor-element-217598e elementor-widget elementor-widget-text-editor\" data-id=\"217598e\" data-element_type=\"widget\" data-e-type=\"widget\" data-widget_type=\"text-editor.default\">\n\t\t\t\t\t\t\t\t\t<p><a href=\"#3Abkuehlen\">3. refroidir<\/a><\/p>\n\t\t\t\t\t\t\t\t<\/div>\n\t\t\t\t<div class=\"elementor-element elementor-element-2a76b36 elementor-widget elementor-widget-text-editor\" data-id=\"2a76b36\" data-element_type=\"widget\" data-e-type=\"widget\" data-widget_type=\"text-editor.default\">\n\t\t\t\t\t\t\t\t\t<p><a href=\"#4Entformen\">4. d\u00e9moulage<\/a><\/p>\n\t\t\t\t\t\t\t\t<\/div>\n\t\t\t\t<\/div>\n\t\t\t\t<div class=\"elementor-element elementor-element-62fafaf elementor-widget elementor-widget-menu-anchor\" data-id=\"62fafaf\" data-element_type=\"widget\" data-e-type=\"widget\" data-widget_type=\"menu-anchor.default\">\n\t\t\t\t\t\t\t<div class=\"elementor-menu-anchor\" id=\"1Remplissage\"><\/div>\n\t\t\t\t\t\t<\/div>\n\t\t\t\t<div class=\"elementor-element elementor-element-61fc170 elementor-widget elementor-widget-heading\" data-id=\"61fc170\" data-element_type=\"widget\" data-e-type=\"widget\" data-widget_type=\"heading.default\">\n\t\t\t\t\t<h2 class=\"elementor-heading-title elementor-size-default\">1. remplissage<\/h2>\t\t\t\t<\/div>\n\t\t<div class=\"elementor-element elementor-element-80b5992 e-grid e-con-full e-con e-child\" data-id=\"80b5992\" data-element_type=\"container\" data-e-type=\"container\">\n\t\t\t\t<div class=\"elementor-element elementor-element-ff4bfd3 elementor-widget elementor-widget-text-editor\" data-id=\"ff4bfd3\" data-element_type=\"widget\" data-e-type=\"widget\" data-widget_type=\"text-editor.default\">\n\t\t\t\t\t\t\t\t\t<p>Si n\u00e9cessaire, les inserts (\u00e9crous, t\u00f4les de fixation ou autres pi\u00e8ces \u00e0 faire tourner) sont d&rsquo;abord plac\u00e9s dans le moule ouvert. Ensuite, une quantit\u00e9 pr\u00e9cise de poudre plastique est introduite. Les mat\u00e9riaux couramment utilis\u00e9s sont le poly\u00e9thyl\u00e8ne (PE), le polypropyl\u00e8ne (PP), le polyamide (PA) ou des mati\u00e8res plastiques techniques sp\u00e9ciales.  <\/p>\n\t\t\t\t\t\t\t\t<\/div>\n\t\t\t\t<div class=\"elementor-element elementor-element-b02645b elementor-widget elementor-widget-image\" data-id=\"b02645b\" data-element_type=\"widget\" data-e-type=\"widget\" data-widget_type=\"image.default\">\n\t\t\t\t\t\t\t\t\t\t\t\t\t\t\t<img decoding=\"async\" width=\"175\" height=\"188\" src=\"https:\/\/www.emano.de\/wp-content\/uploads\/2025\/05\/temp_1_Befuellen.png\" class=\"attachment-large size-large wp-image-4901\" alt=\"\" \/>\t\t\t\t\t\t\t\t\t\t\t\t\t\t\t<\/div>\n\t\t\t\t<\/div>\n\t\t\t\t\t<\/div>\n\t\t\t\t<\/div>\n\t\t<div class=\"elementor-element elementor-element-99c5534 e-flex e-con-boxed e-con e-parent\" data-id=\"99c5534\" data-element_type=\"container\" data-e-type=\"container\">\n\t\t\t\t\t<div class=\"e-con-inner\">\n\t\t\t\t<div class=\"elementor-element elementor-element-33c3f18 elementor-widget elementor-widget-menu-anchor\" data-id=\"33c3f18\" data-element_type=\"widget\" data-e-type=\"widget\" data-settings=\"{&quot;sticky&quot;:&quot;top&quot;,&quot;sticky_anchor_link_offset&quot;:60,&quot;sticky_on&quot;:[&quot;desktop&quot;,&quot;tablet&quot;,&quot;mobile&quot;],&quot;sticky_offset&quot;:0,&quot;sticky_effects_offset&quot;:0}\" data-widget_type=\"menu-anchor.default\">\n\t\t\t\t\t\t\t<div class=\"elementor-menu-anchor\" id=\"2Chauffage\"><\/div>\n\t\t\t\t\t\t<\/div>\n\t\t\t\t<div class=\"elementor-element elementor-element-1d2e131 elementor-widget elementor-widget-heading\" data-id=\"1d2e131\" data-element_type=\"widget\" data-e-type=\"widget\" data-widget_type=\"heading.default\">\n\t\t\t\t\t<h2 class=\"elementor-heading-title elementor-size-default\">2. chauffage<\/h2>\t\t\t\t<\/div>\n\t\t<div class=\"elementor-element elementor-element-bdfa758 e-grid e-con-full e-con e-child\" data-id=\"bdfa758\" data-element_type=\"container\" data-e-type=\"container\">\n\t\t\t\t<div class=\"elementor-element elementor-element-c23264d elementor-widget elementor-widget-text-editor\" data-id=\"c23264d\" data-element_type=\"widget\" data-e-type=\"widget\" data-widget_type=\"text-editor.default\">\n\t\t\t\t\t\t\t\t\t<p>Le moule ferm\u00e9 est plac\u00e9 dans un four, tourn\u00e9 lentement autour de deux axes (biaxiaux) et chauff\u00e9 \u00e0 une temp\u00e9rature d&rsquo;environ 180 \u00e0 300\u00b0C. Le plastique se solidifie alors. Le plastique commence alors \u00e0 fondre lentement sur les parois chaudes du moule et se r\u00e9partit uniform\u00e9ment sur les parois int\u00e9rieures du moule. <\/p>\n\t\t\t\t\t\t\t\t<\/div>\n\t\t\t\t<div class=\"elementor-element elementor-element-8237542 elementor-widget elementor-widget-image\" data-id=\"8237542\" data-element_type=\"widget\" data-e-type=\"widget\" data-widget_type=\"image.default\">\n\t\t\t\t\t\t\t\t\t\t\t\t\t\t\t<img decoding=\"async\" width=\"183\" height=\"157\" src=\"https:\/\/www.emano.de\/wp-content\/uploads\/2025\/05\/temp_2_Erhitzen.png\" class=\"attachment-large size-large wp-image-4907\" alt=\"\" \/>\t\t\t\t\t\t\t\t\t\t\t\t\t\t\t<\/div>\n\t\t\t\t<\/div>\n\t\t\t\t\t<\/div>\n\t\t\t\t<\/div>\n\t\t<div class=\"elementor-element elementor-element-34396c1 e-flex e-con-boxed e-con e-parent\" data-id=\"34396c1\" data-element_type=\"container\" data-e-type=\"container\">\n\t\t\t\t\t<div class=\"e-con-inner\">\n\t\t\t\t<div class=\"elementor-element elementor-element-d74f038 elementor-widget elementor-widget-menu-anchor\" data-id=\"d74f038\" data-element_type=\"widget\" data-e-type=\"widget\" data-widget_type=\"menu-anchor.default\">\n\t\t\t\t\t\t\t<div class=\"elementor-menu-anchor\" id=\"3Rfrigrer\"><\/div>\n\t\t\t\t\t\t<\/div>\n\t\t\t\t<div class=\"elementor-element elementor-element-6ea011a elementor-widget elementor-widget-heading\" data-id=\"6ea011a\" data-element_type=\"widget\" data-e-type=\"widget\" data-widget_type=\"heading.default\">\n\t\t\t\t\t<h2 class=\"elementor-heading-title elementor-size-default\">3. refroidir<\/h2>\t\t\t\t<\/div>\n\t\t<div class=\"elementor-element elementor-element-600decd e-grid e-con-full e-con e-child\" data-id=\"600decd\" data-element_type=\"container\" data-e-type=\"container\">\n\t\t\t\t<div class=\"elementor-element elementor-element-67f84fe elementor-widget elementor-widget-text-editor\" data-id=\"67f84fe\" data-element_type=\"widget\" data-e-type=\"widget\" data-widget_type=\"text-editor.default\">\n\t\t\t\t\t\t\t\t\t<p>Apr\u00e8s la fusion compl\u00e8te de la poudre, le moule est refroidi tout en continuant \u00e0 tourner &#8211; g\u00e9n\u00e9ralement par refroidissement \u00e0 l&rsquo;air ou \u00e0 l&rsquo;eau. Le refroidissement est lent afin d&rsquo;\u00e9viter les tensions et les d\u00e9formations. <\/p>\n\t\t\t\t\t\t\t\t<\/div>\n\t\t\t\t<div class=\"elementor-element elementor-element-5be7f7a elementor-widget elementor-widget-image\" data-id=\"5be7f7a\" data-element_type=\"widget\" data-e-type=\"widget\" data-widget_type=\"image.default\">\n\t\t\t\t\t\t\t\t\t\t\t\t\t\t\t<img decoding=\"async\" width=\"180\" height=\"156\" src=\"https:\/\/www.emano.de\/wp-content\/uploads\/2025\/05\/temp_3_Abkuehlen.png\" class=\"attachment-large size-large wp-image-4913\" alt=\"\" \/>\t\t\t\t\t\t\t\t\t\t\t\t\t\t\t<\/div>\n\t\t\t\t<\/div>\n\t\t\t\t\t<\/div>\n\t\t\t\t<\/div>\n\t\t<div class=\"elementor-element elementor-element-ac48a61 e-flex e-con-boxed e-con e-parent\" data-id=\"ac48a61\" data-element_type=\"container\" data-e-type=\"container\">\n\t\t\t\t\t<div class=\"e-con-inner\">\n\t\t\t\t<div class=\"elementor-element elementor-element-9542210 elementor-widget elementor-widget-menu-anchor\" data-id=\"9542210\" data-element_type=\"widget\" data-e-type=\"widget\" data-widget_type=\"menu-anchor.default\">\n\t\t\t\t\t\t\t<div class=\"elementor-menu-anchor\" id=\"4Dformation\"><\/div>\n\t\t\t\t\t\t<\/div>\n\t\t\t\t<div class=\"elementor-element elementor-element-9f4fe75 elementor-widget elementor-widget-heading\" data-id=\"9f4fe75\" data-element_type=\"widget\" data-e-type=\"widget\" data-widget_type=\"heading.default\">\n\t\t\t\t\t<h2 class=\"elementor-heading-title elementor-size-default\">4. d\u00e9moulage<\/h2>\t\t\t\t<\/div>\n\t\t<div class=\"elementor-element elementor-element-ca113b8 e-grid e-con-full e-con e-child\" data-id=\"ca113b8\" data-element_type=\"container\" data-e-type=\"container\">\n\t\t\t\t<div class=\"elementor-element elementor-element-6cc17fd elementor-widget elementor-widget-text-editor\" data-id=\"6cc17fd\" data-element_type=\"widget\" data-e-type=\"widget\" data-widget_type=\"text-editor.default\">\n\t\t\t\t\t\t\t\t\t<div class=\"elementor-element elementor-element-a506ee8 elementor-widget elementor-widget-text-editor\" data-id=\"a506ee8\" data-element_type=\"widget\" data-widget_type=\"text-editor.default\">\n<p>Le moule est ouvert et la pi\u00e8ce creuse termin\u00e9e est retir\u00e9e. Elle est encore \u00e0 une temp\u00e9rature d&rsquo;environ 70\u00b0C \u00e0 ce moment-l\u00e0.   <\/p>\n<p>Afin de garantir la pr\u00e9cision dimensionnelle des pi\u00e8ces creuses, celles-ci sont souvent plac\u00e9es dans un dispositif de refroidissement jusqu&rsquo;\u00e0 ce qu&rsquo;elles soient compl\u00e8tement refroidies et, le cas \u00e9ch\u00e9ant, soumises \u00e0 un apport d&rsquo;air de soutien.  <\/p>\n<p>Enfin, le moule est nettoy\u00e9 des \u00e9ventuels r\u00e9sidus de plastique.<\/p>\n<\/div>\n\t\t\t\t\t\t\t\t<\/div>\n\t\t\t\t<div class=\"elementor-element elementor-element-4b2a9ce elementor-widget elementor-widget-image\" data-id=\"4b2a9ce\" data-element_type=\"widget\" data-e-type=\"widget\" data-widget_type=\"image.default\">\n\t\t\t\t\t\t\t\t\t\t\t\t\t\t\t<img loading=\"lazy\" decoding=\"async\" width=\"145\" height=\"150\" src=\"https:\/\/www.emano.de\/wp-content\/uploads\/2025\/05\/temp_4_Entnahme.png\" class=\"attachment-large size-large wp-image-4919\" alt=\"\" \/>\t\t\t\t\t\t\t\t\t\t\t\t\t\t\t<\/div>\n\t\t\t\t<\/div>\n\t\t\t\t\t<\/div>\n\t\t\t\t<\/div>\n\t\t\t\t<\/div>\n\t\t","protected":false},"excerpt":{"rendered":"<p>Le rotomoulage (\u00e9galement appel\u00e9 rotomoulage, rotomoulage ou rotomolding) est un proc\u00e9d\u00e9 de fabrication de moules pour la production de pi\u00e8ces plastiques creuses. Il fait partie des proc\u00e9d\u00e9s de moulage primaires du domaine de la transformation des mati\u00e8res plastiques. Chaque produit en plastique n\u00e9cessite un moule sp\u00e9cifique. Ceux-ci sont g\u00e9n\u00e9ralement fabriqu\u00e9s en aluminium ou en t\u00f4le [&hellip;]<\/p>\n","protected":false},"author":2,"featured_media":0,"parent":0,"menu_order":0,"comment_status":"closed","ping_status":"closed","template":"","meta":{"footnotes":""},"class_list":["post-5022","page","type-page","status-publish","hentry"],"yoast_head":"<!-- This site is optimized with the Yoast SEO plugin v27.2 - https:\/\/yoast.com\/product\/yoast-seo-wordpress\/ -->\n<title>Le proc\u00e9d\u00e9 de frittage rotatif - emano<\/title>\n<meta name=\"robots\" content=\"index, follow, max-snippet:-1, max-image-preview:large, max-video-preview:-1\" \/>\n<link rel=\"canonical\" href=\"https:\/\/www.emano.de\/fr\/le-procede-de-frittage-rotatif-2\/\" \/>\n<meta property=\"og:locale\" content=\"fr_FR\" \/>\n<meta property=\"og:type\" content=\"article\" \/>\n<meta property=\"og:title\" content=\"Le proc\u00e9d\u00e9 de frittage rotatif - emano\" \/>\n<meta property=\"og:description\" content=\"Le rotomoulage (\u00e9galement appel\u00e9 rotomoulage, rotomoulage ou rotomolding) est un proc\u00e9d\u00e9 de fabrication de moules pour la production de pi\u00e8ces plastiques creuses. Il fait partie des proc\u00e9d\u00e9s de moulage primaires du domaine de la transformation des mati\u00e8res plastiques. Chaque produit en plastique n\u00e9cessite un moule sp\u00e9cifique. Ceux-ci sont g\u00e9n\u00e9ralement fabriqu\u00e9s en aluminium ou en t\u00f4le [&hellip;]\" \/>\n<meta property=\"og:url\" content=\"https:\/\/www.emano.de\/fr\/le-procede-de-frittage-rotatif-2\/\" \/>\n<meta property=\"og:site_name\" content=\"emano\" \/>\n<meta property=\"article:modified_time\" content=\"2025-05-21T13:09:25+00:00\" \/>\n<meta property=\"og:image\" content=\"https:\/\/www.emano.de\/wp-content\/uploads\/2025\/05\/temp_1_Befuellen.png\" \/>\n\t<meta property=\"og:image:width\" content=\"175\" \/>\n\t<meta property=\"og:image:height\" content=\"188\" \/>\n\t<meta property=\"og:image:type\" content=\"image\/png\" \/>\n<meta name=\"twitter:card\" content=\"summary_large_image\" \/>\n<meta name=\"twitter:label1\" content=\"Dur\u00e9e de lecture estim\u00e9e\" \/>\n\t<meta name=\"twitter:data1\" content=\"2 minutes\" \/>\n<script type=\"application\/ld+json\" class=\"yoast-schema-graph\">{\"@context\":\"https:\/\/schema.org\",\"@graph\":[{\"@type\":\"WebPage\",\"@id\":\"https:\/\/www.emano.de\/fr\/le-procede-de-frittage-rotatif-2\/\",\"url\":\"https:\/\/www.emano.de\/fr\/le-procede-de-frittage-rotatif-2\/\",\"name\":\"Le proc\u00e9d\u00e9 de frittage rotatif - emano\",\"isPartOf\":{\"@id\":\"https:\/\/www.emano.de\/nl\/#website\"},\"primaryImageOfPage\":{\"@id\":\"https:\/\/www.emano.de\/fr\/le-procede-de-frittage-rotatif-2\/#primaryimage\"},\"image\":{\"@id\":\"https:\/\/www.emano.de\/fr\/le-procede-de-frittage-rotatif-2\/#primaryimage\"},\"thumbnailUrl\":\"https:\/\/www.emano.de\/wp-content\/uploads\/2025\/05\/temp_1_Befuellen.png\",\"datePublished\":\"2025-05-21T07:23:41+00:00\",\"dateModified\":\"2025-05-21T13:09:25+00:00\",\"breadcrumb\":{\"@id\":\"https:\/\/www.emano.de\/fr\/le-procede-de-frittage-rotatif-2\/#breadcrumb\"},\"inLanguage\":\"fr-FR\",\"potentialAction\":[{\"@type\":\"ReadAction\",\"target\":[\"https:\/\/www.emano.de\/fr\/le-procede-de-frittage-rotatif-2\/\"]}]},{\"@type\":\"ImageObject\",\"inLanguage\":\"fr-FR\",\"@id\":\"https:\/\/www.emano.de\/fr\/le-procede-de-frittage-rotatif-2\/#primaryimage\",\"url\":\"https:\/\/www.emano.de\/wp-content\/uploads\/2025\/05\/temp_1_Befuellen.png\",\"contentUrl\":\"https:\/\/www.emano.de\/wp-content\/uploads\/2025\/05\/temp_1_Befuellen.png\"},{\"@type\":\"BreadcrumbList\",\"@id\":\"https:\/\/www.emano.de\/fr\/le-procede-de-frittage-rotatif-2\/#breadcrumb\",\"itemListElement\":[{\"@type\":\"ListItem\",\"position\":1,\"name\":\"Home\",\"item\":\"https:\/\/www.emano.de\/\"},{\"@type\":\"ListItem\",\"position\":2,\"name\":\"Le proc\u00e9d\u00e9 de frittage rotatif\"}]},{\"@type\":\"WebSite\",\"@id\":\"https:\/\/www.emano.de\/nl\/#website\",\"url\":\"https:\/\/www.emano.de\/nl\/\",\"name\":\"emano\",\"description\":\"\",\"potentialAction\":[{\"@type\":\"SearchAction\",\"target\":{\"@type\":\"EntryPoint\",\"urlTemplate\":\"https:\/\/www.emano.de\/nl\/?s={search_term_string}\"},\"query-input\":{\"@type\":\"PropertyValueSpecification\",\"valueRequired\":true,\"valueName\":\"search_term_string\"}}],\"inLanguage\":\"fr-FR\"}]}<\/script>\n<!-- \/ Yoast SEO plugin. -->","yoast_head_json":{"title":"Le proc\u00e9d\u00e9 de frittage rotatif - emano","robots":{"index":"index","follow":"follow","max-snippet":"max-snippet:-1","max-image-preview":"max-image-preview:large","max-video-preview":"max-video-preview:-1"},"canonical":"https:\/\/www.emano.de\/fr\/le-procede-de-frittage-rotatif-2\/","og_locale":"fr_FR","og_type":"article","og_title":"Le proc\u00e9d\u00e9 de frittage rotatif - emano","og_description":"Le rotomoulage (\u00e9galement appel\u00e9 rotomoulage, rotomoulage ou rotomolding) est un proc\u00e9d\u00e9 de fabrication de moules pour la production de pi\u00e8ces plastiques creuses. Il fait partie des proc\u00e9d\u00e9s de moulage primaires du domaine de la transformation des mati\u00e8res plastiques. Chaque produit en plastique n\u00e9cessite un moule sp\u00e9cifique. Ceux-ci sont g\u00e9n\u00e9ralement fabriqu\u00e9s en aluminium ou en t\u00f4le [&hellip;]","og_url":"https:\/\/www.emano.de\/fr\/le-procede-de-frittage-rotatif-2\/","og_site_name":"emano","article_modified_time":"2025-05-21T13:09:25+00:00","og_image":[{"width":175,"height":188,"url":"https:\/\/www.emano.de\/wp-content\/uploads\/2025\/05\/temp_1_Befuellen.png","type":"image\/png"}],"twitter_card":"summary_large_image","twitter_misc":{"Dur\u00e9e de lecture estim\u00e9e":"2 minutes"},"schema":{"@context":"https:\/\/schema.org","@graph":[{"@type":"WebPage","@id":"https:\/\/www.emano.de\/fr\/le-procede-de-frittage-rotatif-2\/","url":"https:\/\/www.emano.de\/fr\/le-procede-de-frittage-rotatif-2\/","name":"Le proc\u00e9d\u00e9 de frittage rotatif - emano","isPartOf":{"@id":"https:\/\/www.emano.de\/nl\/#website"},"primaryImageOfPage":{"@id":"https:\/\/www.emano.de\/fr\/le-procede-de-frittage-rotatif-2\/#primaryimage"},"image":{"@id":"https:\/\/www.emano.de\/fr\/le-procede-de-frittage-rotatif-2\/#primaryimage"},"thumbnailUrl":"https:\/\/www.emano.de\/wp-content\/uploads\/2025\/05\/temp_1_Befuellen.png","datePublished":"2025-05-21T07:23:41+00:00","dateModified":"2025-05-21T13:09:25+00:00","breadcrumb":{"@id":"https:\/\/www.emano.de\/fr\/le-procede-de-frittage-rotatif-2\/#breadcrumb"},"inLanguage":"fr-FR","potentialAction":[{"@type":"ReadAction","target":["https:\/\/www.emano.de\/fr\/le-procede-de-frittage-rotatif-2\/"]}]},{"@type":"ImageObject","inLanguage":"fr-FR","@id":"https:\/\/www.emano.de\/fr\/le-procede-de-frittage-rotatif-2\/#primaryimage","url":"https:\/\/www.emano.de\/wp-content\/uploads\/2025\/05\/temp_1_Befuellen.png","contentUrl":"https:\/\/www.emano.de\/wp-content\/uploads\/2025\/05\/temp_1_Befuellen.png"},{"@type":"BreadcrumbList","@id":"https:\/\/www.emano.de\/fr\/le-procede-de-frittage-rotatif-2\/#breadcrumb","itemListElement":[{"@type":"ListItem","position":1,"name":"Home","item":"https:\/\/www.emano.de\/"},{"@type":"ListItem","position":2,"name":"Le proc\u00e9d\u00e9 de frittage rotatif"}]},{"@type":"WebSite","@id":"https:\/\/www.emano.de\/nl\/#website","url":"https:\/\/www.emano.de\/nl\/","name":"emano","description":"","potentialAction":[{"@type":"SearchAction","target":{"@type":"EntryPoint","urlTemplate":"https:\/\/www.emano.de\/nl\/?s={search_term_string}"},"query-input":{"@type":"PropertyValueSpecification","valueRequired":true,"valueName":"search_term_string"}}],"inLanguage":"fr-FR"}]}},"_links":{"self":[{"href":"https:\/\/www.emano.de\/fr\/wp-json\/wp\/v2\/pages\/5022","targetHints":{"allow":["GET"]}}],"collection":[{"href":"https:\/\/www.emano.de\/fr\/wp-json\/wp\/v2\/pages"}],"about":[{"href":"https:\/\/www.emano.de\/fr\/wp-json\/wp\/v2\/types\/page"}],"author":[{"embeddable":true,"href":"https:\/\/www.emano.de\/fr\/wp-json\/wp\/v2\/users\/2"}],"replies":[{"embeddable":true,"href":"https:\/\/www.emano.de\/fr\/wp-json\/wp\/v2\/comments?post=5022"}],"version-history":[{"count":3,"href":"https:\/\/www.emano.de\/fr\/wp-json\/wp\/v2\/pages\/5022\/revisions"}],"predecessor-version":[{"id":5134,"href":"https:\/\/www.emano.de\/fr\/wp-json\/wp\/v2\/pages\/5022\/revisions\/5134"}],"wp:attachment":[{"href":"https:\/\/www.emano.de\/fr\/wp-json\/wp\/v2\/media?parent=5022"}],"curies":[{"name":"wp","href":"https:\/\/api.w.org\/{rel}","templated":true}]}}