{"id":4152,"date":"2025-02-01T17:44:36","date_gmt":"2025-02-01T16:44:36","guid":{"rendered":"https:\/\/emano.de\/tworzywo-sztuczne\/"},"modified":"2025-03-11T09:13:42","modified_gmt":"2025-03-11T08:13:42","slug":"tworzywo-sztuczne","status":"publish","type":"page","link":"https:\/\/www.emano.de\/pl\/tworzywo-sztuczne\/","title":{"rendered":"Tworzywo sztuczne"},"content":{"rendered":"\t\t<div data-elementor-type=\"wp-page\" data-elementor-id=\"4152\" class=\"elementor elementor-4152 elementor-3210\" data-elementor-post-type=\"page\">\n\t\t\t\t<div class=\"elementor-element elementor-element-8f97c41 e-con-full e-flex elementor-invisible e-con e-child\" data-id=\"8f97c41\" data-element_type=\"container\" data-e-type=\"container\" data-settings=\"{&quot;background_background&quot;:&quot;classic&quot;,&quot;animation&quot;:&quot;fadeIn&quot;}\">\n\t\t\t\t<div class=\"elementor-element elementor-element-77581d8 elementor-invisible elementor-widget elementor-widget-heading\" data-id=\"77581d8\" data-element_type=\"widget\" data-e-type=\"widget\" data-settings=\"{&quot;_animation&quot;:&quot;fadeInUp&quot;}\" data-widget_type=\"heading.default\">\n\t\t\t\t\t<h1 class=\"elementor-heading-title elementor-size-default\">Tworzywo sztuczne<span style=\"color: #fc1727\">.<\/span><\/h1>\t\t\t\t<\/div>\n\t\t\t\t<div class=\"elementor-element elementor-element-92e2a26 elementor-invisible elementor-widget elementor-widget-heading\" data-id=\"92e2a26\" data-element_type=\"widget\" data-e-type=\"widget\" data-settings=\"{&quot;_animation&quot;:&quot;fadeInUp&quot;,&quot;_animation_mobile&quot;:&quot;fadeInUp&quot;,&quot;_animation_delay&quot;:500}\" data-widget_type=\"heading.default\">\n\t\t\t\t\t<h2 class=\"elementor-heading-title elementor-size-default\">PUDROWANIE, BARWIENIE, MIESZANIE<\/h2>\t\t\t\t<\/div>\n\t\t\t\t<\/div>\n\t\t<div class=\"elementor-element elementor-element-dad5dd0 e-flex e-con-boxed elementor-invisible e-con e-parent\" data-id=\"dad5dd0\" data-element_type=\"container\" data-e-type=\"container\" data-settings=\"{&quot;animation&quot;:&quot;fadeInUp&quot;}\">\n\t\t\t\t\t<div class=\"e-con-inner\">\n\t\t\t\t<div class=\"elementor-element elementor-element-6c89e87 elementor-widget elementor-widget-text-editor\" data-id=\"6c89e87\" data-element_type=\"widget\" data-e-type=\"widget\" data-widget_type=\"text-editor.default\">\n\t\t\t\t\t\t\t\t\t<p>Poniewa\u017c zr\u00f3wnowa\u017cony rozw\u00f3j naszych produkt\u00f3w i materia\u0142\u00f3w z tworzyw sztucznych jest dla nas bardzo wa\u017cny, a ka\u017cdego dnia przetwarzamy du\u017ce ilo\u015bci tworzyw sztucznych, opracowali\u015bmy w naszej firmie w\u0142asny cykl recyklingu. Umo\u017cliwia nam to przekszta\u0142canie tworzyw sztucznych, kt\u00f3re zosta\u0142y ju\u017c uformowane rotacyjnie, w materia\u0142y rotacyjne nadaj\u0105ce si\u0119 do ponownego wykorzystania. <\/p>\n\t\t\t\t\t\t\t\t<\/div>\n\t\t\t\t\t<\/div>\n\t\t\t\t<\/div>\n\t\t<div class=\"elementor-element elementor-element-ac6213c e-flex e-con-boxed elementor-invisible e-con e-parent\" data-id=\"ac6213c\" data-element_type=\"container\" data-e-type=\"container\" data-settings=\"{&quot;animation&quot;:&quot;fadeIn&quot;}\">\n\t\t\t\t\t<div class=\"e-con-inner\">\n\t\t\t\t<div class=\"elementor-element elementor-element-0d2c197 elementor-widget elementor-widget-image\" data-id=\"0d2c197\" data-element_type=\"widget\" data-e-type=\"widget\" data-settings=\"{&quot;motion_fx_motion_fx_scrolling&quot;:&quot;yes&quot;,&quot;motion_fx_scale_effect&quot;:&quot;yes&quot;,&quot;motion_fx_scale_speed&quot;:{&quot;unit&quot;:&quot;px&quot;,&quot;size&quot;:1,&quot;sizes&quot;:[]},&quot;motion_fx_scale_range&quot;:{&quot;unit&quot;:&quot;%&quot;,&quot;size&quot;:&quot;&quot;,&quot;sizes&quot;:{&quot;start&quot;:0,&quot;end&quot;:50}},&quot;motion_fx_scale_direction&quot;:&quot;out-in&quot;,&quot;motion_fx_devices&quot;:[&quot;desktop&quot;,&quot;tablet&quot;,&quot;mobile&quot;]}\" data-widget_type=\"image.default\">\n\t\t\t\t\t\t\t\t\t\t\t\t\t\t\t<img fetchpriority=\"high\" decoding=\"async\" width=\"560\" height=\"340\" src=\"https:\/\/www.emano.de\/wp-content\/uploads\/2025\/01\/neu-1.jpg\" class=\"attachment-full size-full wp-image-4153\" alt=\"\" srcset=\"https:\/\/www.emano.de\/wp-content\/uploads\/2025\/01\/neu-1.jpg 560w, https:\/\/www.emano.de\/wp-content\/uploads\/2025\/01\/neu-1-300x182.jpg 300w\" sizes=\"(max-width: 560px) 100vw, 560px\" \/>\t\t\t\t\t\t\t\t\t\t\t\t\t\t\t<\/div>\n\t\t\t\t\t<\/div>\n\t\t\t\t<\/div>\n\t\t<div class=\"elementor-element elementor-element-1b550ce e-flex e-con-boxed elementor-invisible e-con e-parent\" data-id=\"1b550ce\" data-element_type=\"container\" data-e-type=\"container\" data-settings=\"{&quot;animation&quot;:&quot;fadeInUp&quot;}\">\n\t\t\t\t\t<div class=\"e-con-inner\">\n\t\t\t\t<div class=\"elementor-element elementor-element-7845b56 elementor-widget__width-initial elementor-widget-mobile__width-inherit elementor-widget elementor-widget-text-editor\" data-id=\"7845b56\" data-element_type=\"widget\" data-e-type=\"widget\" data-widget_type=\"text-editor.default\">\n\t\t\t\t\t\t\t\t\t<p>W tym celu materia\u0142y s\u0105 kruszone do okre\u015blonego rozmiaru, a nast\u0119pnie myte i jednocze\u015bnie oddzielane od cia\u0142 obcych. Po wysuszeniu materia\u0142 mo\u017ce by\u0107 bezpo\u015brednio sproszkowany, a nast\u0119pnie zmieszany lub zabarwiony i natychmiast u\u017cyty do rotacji. <\/p>\n\t\t\t\t\t\t\t\t<\/div>\n\t\t\t\t\t<\/div>\n\t\t\t\t<\/div>\n\t\t<div class=\"elementor-element elementor-element-061f3f0 e-flex e-con-boxed elementor-invisible e-con e-parent\" data-id=\"061f3f0\" data-element_type=\"container\" data-e-type=\"container\" data-settings=\"{&quot;animation&quot;:&quot;fadeIn&quot;}\">\n\t\t\t\t\t<div class=\"e-con-inner\">\n\t\t\t\t<div class=\"elementor-element elementor-element-023ae26 elementor-widget elementor-widget-image\" data-id=\"023ae26\" data-element_type=\"widget\" data-e-type=\"widget\" data-settings=\"{&quot;motion_fx_motion_fx_scrolling&quot;:&quot;yes&quot;,&quot;motion_fx_scale_effect&quot;:&quot;yes&quot;,&quot;motion_fx_scale_speed&quot;:{&quot;unit&quot;:&quot;px&quot;,&quot;size&quot;:1,&quot;sizes&quot;:[]},&quot;motion_fx_scale_range&quot;:{&quot;unit&quot;:&quot;%&quot;,&quot;size&quot;:&quot;&quot;,&quot;sizes&quot;:{&quot;start&quot;:0,&quot;end&quot;:50}},&quot;motion_fx_scale_direction&quot;:&quot;out-in&quot;,&quot;motion_fx_devices&quot;:[&quot;desktop&quot;,&quot;tablet&quot;,&quot;mobile&quot;]}\" data-widget_type=\"image.default\">\n\t\t\t\t\t\t\t\t\t\t\t\t\t\t\t<img decoding=\"async\" width=\"1600\" height=\"1067\" src=\"https:\/\/www.emano.de\/wp-content\/uploads\/2024\/09\/emano_bestrahlung.jpg\" class=\"attachment-full size-full wp-image-4164\" alt=\"\" srcset=\"https:\/\/www.emano.de\/wp-content\/uploads\/2024\/09\/emano_bestrahlung.jpg 1600w, https:\/\/www.emano.de\/wp-content\/uploads\/2024\/09\/emano_bestrahlung-300x200.jpg 300w, https:\/\/www.emano.de\/wp-content\/uploads\/2024\/09\/emano_bestrahlung-1024x683.jpg 1024w, https:\/\/www.emano.de\/wp-content\/uploads\/2024\/09\/emano_bestrahlung-768x512.jpg 768w, https:\/\/www.emano.de\/wp-content\/uploads\/2024\/09\/emano_bestrahlung-1536x1024.jpg 1536w\" sizes=\"(max-width: 1600px) 100vw, 1600px\" \/>\t\t\t\t\t\t\t\t\t\t\t\t\t\t\t<\/div>\n\t\t\t\t\t<\/div>\n\t\t\t\t<\/div>\n\t\t<div class=\"elementor-element elementor-element-8077f0d e-flex e-con-boxed elementor-invisible e-con e-parent\" data-id=\"8077f0d\" data-element_type=\"container\" data-e-type=\"container\" data-settings=\"{&quot;animation&quot;:&quot;fadeInUp&quot;}\">\n\t\t\t\t\t<div class=\"e-con-inner\">\n\t\t\t\t<div class=\"elementor-element elementor-element-4423ac8 elementor-widget__width-initial elementor-widget-mobile__width-inherit elementor-widget elementor-widget-text-editor\" data-id=\"4423ac8\" data-element_type=\"widget\" data-e-type=\"widget\" data-widget_type=\"text-editor.default\">\n\t\t\t\t\t\t\t\t\t<p>Opr\u00f3cz bezpo\u015bredniego sproszkowania, jeste\u015bmy r\u00f3wnie\u017c w stanie nada\u0107 rozdrobnionym materia\u0142om szerok\u0105 gam\u0119 w\u0142a\u015bciwo\u015bci poprzez dodanie barwnik\u00f3w i dodatk\u00f3w za pomoc\u0105 wyt\u0142aczarki dwu\u015blimakowej z dozowaniem grawimetrycznym.<\/p>\n<p>Umo\u017cliwia nam to dostosowanie granulatu do szerokiej gamy produkt\u00f3w z tworzyw sztucznych do wymaga\u0144 klienta przed formowaniem rotacyjnym.<\/p>\n\t\t\t\t\t\t\t\t<\/div>\n\t\t\t\t\t<\/div>\n\t\t\t\t<\/div>\n\t\t<div class=\"elementor-element elementor-element-8ff8918 e-flex e-con-boxed elementor-invisible e-con e-parent\" data-id=\"8ff8918\" data-element_type=\"container\" data-e-type=\"container\" data-settings=\"{&quot;animation&quot;:&quot;fadeIn&quot;}\">\n\t\t\t\t\t<div class=\"e-con-inner\">\n\t\t\t\t<div class=\"elementor-element elementor-element-0d25537 elementor-widget elementor-widget-image\" data-id=\"0d25537\" data-element_type=\"widget\" data-e-type=\"widget\" data-settings=\"{&quot;motion_fx_motion_fx_scrolling&quot;:&quot;yes&quot;,&quot;motion_fx_scale_effect&quot;:&quot;yes&quot;,&quot;motion_fx_scale_speed&quot;:{&quot;unit&quot;:&quot;px&quot;,&quot;size&quot;:1,&quot;sizes&quot;:[]},&quot;motion_fx_scale_range&quot;:{&quot;unit&quot;:&quot;%&quot;,&quot;size&quot;:&quot;&quot;,&quot;sizes&quot;:{&quot;start&quot;:0,&quot;end&quot;:50}},&quot;motion_fx_scale_direction&quot;:&quot;out-in&quot;,&quot;motion_fx_devices&quot;:[&quot;desktop&quot;,&quot;tablet&quot;,&quot;mobile&quot;]}\" data-widget_type=\"image.default\">\n\t\t\t\t\t\t\t\t\t\t\t\t\t\t\t<img decoding=\"async\" width=\"1600\" height=\"1067\" src=\"https:\/\/www.emano.de\/wp-content\/uploads\/2024\/09\/emano_bestrahlung-maschinen.jpg\" class=\"attachment-full size-full wp-image-4175\" alt=\"\" srcset=\"https:\/\/www.emano.de\/wp-content\/uploads\/2024\/09\/emano_bestrahlung-maschinen.jpg 1600w, https:\/\/www.emano.de\/wp-content\/uploads\/2024\/09\/emano_bestrahlung-maschinen-300x200.jpg 300w, https:\/\/www.emano.de\/wp-content\/uploads\/2024\/09\/emano_bestrahlung-maschinen-1024x683.jpg 1024w, https:\/\/www.emano.de\/wp-content\/uploads\/2024\/09\/emano_bestrahlung-maschinen-768x512.jpg 768w, https:\/\/www.emano.de\/wp-content\/uploads\/2024\/09\/emano_bestrahlung-maschinen-1536x1024.jpg 1536w\" sizes=\"(max-width: 1600px) 100vw, 1600px\" \/>\t\t\t\t\t\t\t\t\t\t\t\t\t\t\t<\/div>\n\t\t\t\t\t<\/div>\n\t\t\t\t<\/div>\n\t\t<div class=\"elementor-element elementor-element-769bd24 e-flex e-con-boxed elementor-invisible e-con e-parent\" data-id=\"769bd24\" data-element_type=\"container\" data-e-type=\"container\" data-settings=\"{&quot;animation&quot;:&quot;fadeInUp&quot;}\">\n\t\t\t\t\t<div class=\"e-con-inner\">\n\t\t\t\t<div class=\"elementor-element elementor-element-f588563 elementor-mobile-align-left elementor-invisible elementor-widget elementor-widget-button\" data-id=\"f588563\" data-element_type=\"widget\" data-e-type=\"widget\" data-settings=\"{&quot;_animation&quot;:&quot;fadeInUp&quot;}\" data-widget_type=\"button.default\">\n\t\t\t\t\t\t\t\t\t\t<a class=\"elementor-button elementor-button-link elementor-size-sm elementor-animation-float\" href=\"https:\/\/www.emano.de\/leistungen\/#leistungen\">\n\t\t\t\t\t\t<span class=\"elementor-button-content-wrapper\">\n\t\t\t\t\t\t<span class=\"elementor-button-icon\">\n\t\t\t\t<svg aria-hidden=\"true\" class=\"e-font-icon-svg e-fas-arrow-left\" viewBox=\"0 0 448 512\" xmlns=\"http:\/\/www.w3.org\/2000\/svg\"><path d=\"M257.5 445.1l-22.2 22.2c-9.4 9.4-24.6 9.4-33.9 0L7 273c-9.4-9.4-9.4-24.6 0-33.9L201.4 44.7c9.4-9.4 24.6-9.4 33.9 0l22.2 22.2c9.5 9.5 9.3 25-.4 34.3L136.6 216H424c13.3 0 24 10.7 24 24v32c0 13.3-10.7 24-24 24H136.6l120.5 114.8c9.8 9.3 10 24.8.4 34.3z\"><\/path><\/svg>\t\t\t<\/span>\n\t\t\t\t\t\t\t\t\t<span class=\"elementor-button-text\">z powrotem<\/span>\n\t\t\t\t\t<\/span>\n\t\t\t\t\t<\/a>\n\t\t\t\t\t\t\t\t<\/div>\n\t\t\t\t\t<\/div>\n\t\t\t\t<\/div>\n\t\t\t\t<\/div>\n\t\t","protected":false},"excerpt":{"rendered":"<p>Tworzywo sztuczne. PUDROWANIE, BARWIENIE, MIESZANIE Poniewa\u017c zr\u00f3wnowa\u017cony rozw\u00f3j naszych produkt\u00f3w i materia\u0142\u00f3w z tworzyw sztucznych jest dla nas bardzo wa\u017cny, a ka\u017cdego dnia przetwarzamy du\u017ce ilo\u015bci tworzyw sztucznych, opracowali\u015bmy w naszej firmie w\u0142asny cykl recyklingu. Umo\u017cliwia nam to przekszta\u0142canie tworzyw sztucznych, kt\u00f3re zosta\u0142y ju\u017c uformowane rotacyjnie, w materia\u0142y rotacyjne nadaj\u0105ce si\u0119 do ponownego wykorzystania. W [&hellip;]<\/p>\n","protected":false},"author":1,"featured_media":0,"parent":0,"menu_order":0,"comment_status":"closed","ping_status":"closed","template":"elementor_header_footer","meta":{"footnotes":""},"class_list":["post-4152","page","type-page","status-publish","hentry"],"yoast_head":"<!-- This site is optimized with the Yoast SEO plugin v27.2 - https:\/\/yoast.com\/product\/yoast-seo-wordpress\/ -->\n<title>Tworzywo sztuczne - emano<\/title>\n<meta name=\"robots\" content=\"index, follow, max-snippet:-1, max-image-preview:large, max-video-preview:-1\" \/>\n<link rel=\"canonical\" href=\"https:\/\/www.emano.de\/kunststoff\/\" \/>\n<meta property=\"og:locale\" content=\"pl_PL\" \/>\n<meta property=\"og:type\" content=\"article\" \/>\n<meta property=\"og:title\" content=\"Tworzywo sztuczne - emano\" \/>\n<meta property=\"og:description\" content=\"Tworzywo sztuczne. PUDROWANIE, BARWIENIE, MIESZANIE Poniewa\u017c zr\u00f3wnowa\u017cony rozw\u00f3j naszych produkt\u00f3w i materia\u0142\u00f3w z tworzyw sztucznych jest dla nas bardzo wa\u017cny, a ka\u017cdego dnia przetwarzamy du\u017ce ilo\u015bci tworzyw sztucznych, opracowali\u015bmy w naszej firmie w\u0142asny cykl recyklingu. Umo\u017cliwia nam to przekszta\u0142canie tworzyw sztucznych, kt\u00f3re zosta\u0142y ju\u017c uformowane rotacyjnie, w materia\u0142y rotacyjne nadaj\u0105ce si\u0119 do ponownego wykorzystania. W [&hellip;]\" \/>\n<meta property=\"og:url\" content=\"https:\/\/www.emano.de\/kunststoff\/\" \/>\n<meta property=\"og:site_name\" content=\"emano\" \/>\n<meta property=\"article:modified_time\" content=\"2025-03-11T08:13:42+00:00\" \/>\n<meta property=\"og:image\" content=\"https:\/\/www.emano.de\/wp-content\/uploads\/2025\/01\/neu-1.jpg\" \/>\n\t<meta property=\"og:image:width\" content=\"560\" \/>\n\t<meta property=\"og:image:height\" content=\"340\" \/>\n\t<meta property=\"og:image:type\" content=\"image\/jpeg\" \/>\n<meta name=\"twitter:card\" content=\"summary_large_image\" \/>\n<meta name=\"twitter:label1\" content=\"Szacowany czas czytania\" \/>\n\t<meta name=\"twitter:data1\" content=\"1 minuta\" \/>\n<script type=\"application\/ld+json\" class=\"yoast-schema-graph\">{\"@context\":\"https:\/\/schema.org\",\"@graph\":[{\"@type\":\"WebPage\",\"@id\":\"https:\/\/www.emano.de\/kunststoff\/\",\"url\":\"https:\/\/www.emano.de\/kunststoff\/\",\"name\":\"Tworzywo sztuczne - emano\",\"isPartOf\":{\"@id\":\"https:\/\/www.emano.de\/nl\/#website\"},\"primaryImageOfPage\":{\"@id\":\"https:\/\/www.emano.de\/kunststoff\/#primaryimage\"},\"image\":{\"@id\":\"https:\/\/www.emano.de\/kunststoff\/#primaryimage\"},\"thumbnailUrl\":\"https:\/\/www.emano.de\/wp-content\/uploads\/2025\/01\/neu-1.jpg\",\"datePublished\":\"2025-02-01T16:44:36+00:00\",\"dateModified\":\"2025-03-11T08:13:42+00:00\",\"breadcrumb\":{\"@id\":\"https:\/\/www.emano.de\/kunststoff\/#breadcrumb\"},\"inLanguage\":\"pl-PL\",\"potentialAction\":[{\"@type\":\"ReadAction\",\"target\":[\"https:\/\/www.emano.de\/kunststoff\/\"]}]},{\"@type\":\"ImageObject\",\"inLanguage\":\"pl-PL\",\"@id\":\"https:\/\/www.emano.de\/kunststoff\/#primaryimage\",\"url\":\"https:\/\/www.emano.de\/wp-content\/uploads\/2025\/01\/neu-1.jpg\",\"contentUrl\":\"https:\/\/www.emano.de\/wp-content\/uploads\/2025\/01\/neu-1.jpg\"},{\"@type\":\"BreadcrumbList\",\"@id\":\"https:\/\/www.emano.de\/kunststoff\/#breadcrumb\",\"itemListElement\":[{\"@type\":\"ListItem\",\"position\":1,\"name\":\"Home\",\"item\":\"https:\/\/www.emano.de\/\"},{\"@type\":\"ListItem\",\"position\":2,\"name\":\"Tworzywo sztuczne\"}]},{\"@type\":\"WebSite\",\"@id\":\"https:\/\/www.emano.de\/nl\/#website\",\"url\":\"https:\/\/www.emano.de\/nl\/\",\"name\":\"emano\",\"description\":\"\",\"potentialAction\":[{\"@type\":\"SearchAction\",\"target\":{\"@type\":\"EntryPoint\",\"urlTemplate\":\"https:\/\/www.emano.de\/nl\/?s={search_term_string}\"},\"query-input\":{\"@type\":\"PropertyValueSpecification\",\"valueRequired\":true,\"valueName\":\"search_term_string\"}}],\"inLanguage\":\"pl-PL\"}]}<\/script>\n<!-- \/ Yoast SEO plugin. -->","yoast_head_json":{"title":"Tworzywo sztuczne - emano","robots":{"index":"index","follow":"follow","max-snippet":"max-snippet:-1","max-image-preview":"max-image-preview:large","max-video-preview":"max-video-preview:-1"},"canonical":"https:\/\/www.emano.de\/kunststoff\/","og_locale":"pl_PL","og_type":"article","og_title":"Tworzywo sztuczne - emano","og_description":"Tworzywo sztuczne. PUDROWANIE, BARWIENIE, MIESZANIE Poniewa\u017c zr\u00f3wnowa\u017cony rozw\u00f3j naszych produkt\u00f3w i materia\u0142\u00f3w z tworzyw sztucznych jest dla nas bardzo wa\u017cny, a ka\u017cdego dnia przetwarzamy du\u017ce ilo\u015bci tworzyw sztucznych, opracowali\u015bmy w naszej firmie w\u0142asny cykl recyklingu. Umo\u017cliwia nam to przekszta\u0142canie tworzyw sztucznych, kt\u00f3re zosta\u0142y ju\u017c uformowane rotacyjnie, w materia\u0142y rotacyjne nadaj\u0105ce si\u0119 do ponownego wykorzystania. W [&hellip;]","og_url":"https:\/\/www.emano.de\/kunststoff\/","og_site_name":"emano","article_modified_time":"2025-03-11T08:13:42+00:00","og_image":[{"width":560,"height":340,"url":"https:\/\/www.emano.de\/wp-content\/uploads\/2025\/01\/neu-1.jpg","type":"image\/jpeg"}],"twitter_card":"summary_large_image","twitter_misc":{"Szacowany czas czytania":"1 minuta"},"schema":{"@context":"https:\/\/schema.org","@graph":[{"@type":"WebPage","@id":"https:\/\/www.emano.de\/kunststoff\/","url":"https:\/\/www.emano.de\/kunststoff\/","name":"Tworzywo sztuczne - emano","isPartOf":{"@id":"https:\/\/www.emano.de\/nl\/#website"},"primaryImageOfPage":{"@id":"https:\/\/www.emano.de\/kunststoff\/#primaryimage"},"image":{"@id":"https:\/\/www.emano.de\/kunststoff\/#primaryimage"},"thumbnailUrl":"https:\/\/www.emano.de\/wp-content\/uploads\/2025\/01\/neu-1.jpg","datePublished":"2025-02-01T16:44:36+00:00","dateModified":"2025-03-11T08:13:42+00:00","breadcrumb":{"@id":"https:\/\/www.emano.de\/kunststoff\/#breadcrumb"},"inLanguage":"pl-PL","potentialAction":[{"@type":"ReadAction","target":["https:\/\/www.emano.de\/kunststoff\/"]}]},{"@type":"ImageObject","inLanguage":"pl-PL","@id":"https:\/\/www.emano.de\/kunststoff\/#primaryimage","url":"https:\/\/www.emano.de\/wp-content\/uploads\/2025\/01\/neu-1.jpg","contentUrl":"https:\/\/www.emano.de\/wp-content\/uploads\/2025\/01\/neu-1.jpg"},{"@type":"BreadcrumbList","@id":"https:\/\/www.emano.de\/kunststoff\/#breadcrumb","itemListElement":[{"@type":"ListItem","position":1,"name":"Home","item":"https:\/\/www.emano.de\/"},{"@type":"ListItem","position":2,"name":"Tworzywo sztuczne"}]},{"@type":"WebSite","@id":"https:\/\/www.emano.de\/nl\/#website","url":"https:\/\/www.emano.de\/nl\/","name":"emano","description":"","potentialAction":[{"@type":"SearchAction","target":{"@type":"EntryPoint","urlTemplate":"https:\/\/www.emano.de\/nl\/?s={search_term_string}"},"query-input":{"@type":"PropertyValueSpecification","valueRequired":true,"valueName":"search_term_string"}}],"inLanguage":"pl-PL"}]}},"_links":{"self":[{"href":"https:\/\/www.emano.de\/pl\/wp-json\/wp\/v2\/pages\/4152","targetHints":{"allow":["GET"]}}],"collection":[{"href":"https:\/\/www.emano.de\/pl\/wp-json\/wp\/v2\/pages"}],"about":[{"href":"https:\/\/www.emano.de\/pl\/wp-json\/wp\/v2\/types\/page"}],"author":[{"embeddable":true,"href":"https:\/\/www.emano.de\/pl\/wp-json\/wp\/v2\/users\/1"}],"replies":[{"embeddable":true,"href":"https:\/\/www.emano.de\/pl\/wp-json\/wp\/v2\/comments?post=4152"}],"version-history":[{"count":1,"href":"https:\/\/www.emano.de\/pl\/wp-json\/wp\/v2\/pages\/4152\/revisions"}],"predecessor-version":[{"id":4190,"href":"https:\/\/www.emano.de\/pl\/wp-json\/wp\/v2\/pages\/4152\/revisions\/4190"}],"wp:attachment":[{"href":"https:\/\/www.emano.de\/pl\/wp-json\/wp\/v2\/media?parent=4152"}],"curies":[{"name":"wp","href":"https:\/\/api.w.org\/{rel}","templated":true}]}}