{"id":4294,"date":"2025-02-01T17:27:20","date_gmt":"2025-02-01T16:27:20","guid":{"rendered":"https:\/\/emano.de\/spiekanie-i-formowanie-rotacyjne\/"},"modified":"2025-03-11T09:13:42","modified_gmt":"2025-03-11T08:13:42","slug":"spiekanie-i-formowanie-rotacyjne","status":"publish","type":"page","link":"https:\/\/www.emano.de\/pl\/spiekanie-i-formowanie-rotacyjne\/","title":{"rendered":"Spiekanie i formowanie rotacyjne"},"content":{"rendered":"\t\t<div data-elementor-type=\"wp-page\" data-elementor-id=\"4294\" class=\"elementor elementor-4294 elementor-3175\" data-elementor-post-type=\"page\">\n\t\t\t\t<div class=\"elementor-element elementor-element-8f97c41 e-con-full e-flex elementor-invisible e-con e-child\" data-id=\"8f97c41\" data-element_type=\"container\" data-e-type=\"container\" data-settings=\"{&quot;background_background&quot;:&quot;classic&quot;,&quot;animation&quot;:&quot;fadeIn&quot;}\">\n\t\t\t\t<div class=\"elementor-element elementor-element-64d7051 elementor-widget__width-initial elementor-invisible elementor-widget elementor-widget-heading\" data-id=\"64d7051\" data-element_type=\"widget\" data-e-type=\"widget\" data-settings=\"{&quot;_animation&quot;:&quot;fadeInUp&quot;}\" data-widget_type=\"heading.default\">\n\t\t\t\t\t<h1 class=\"elementor-heading-title elementor-size-default\"><span style=\"color: #fc1727\">Spiekanie<\/span> rotacyjne<br> i odlewanie.<\/h1>\t\t\t\t<\/div>\n\t\t\t\t<div class=\"elementor-element elementor-element-92e2a26 elementor-invisible elementor-widget elementor-widget-heading\" data-id=\"92e2a26\" data-element_type=\"widget\" data-e-type=\"widget\" data-settings=\"{&quot;_animation&quot;:&quot;fadeInUp&quot;,&quot;_animation_mobile&quot;:&quot;fadeInUp&quot;,&quot;_animation_delay&quot;:500}\" data-widget_type=\"heading.default\">\n\t\t\t\t\t<h2 class=\"elementor-heading-title elementor-size-default\">SPIEKANIE ROTACYJNE, TECHNOLOGIA TWORZYW SZTUCZNYCH<\/h2>\t\t\t\t<\/div>\n\t\t\t\t<\/div>\n\t\t<div class=\"elementor-element elementor-element-dad5dd0 e-flex e-con-boxed elementor-invisible e-con e-parent\" data-id=\"dad5dd0\" data-element_type=\"container\" data-e-type=\"container\" data-settings=\"{&quot;animation&quot;:&quot;fadeInUp&quot;}\">\n\t\t\t\t\t<div class=\"e-con-inner\">\n\t\t\t\t<div class=\"elementor-element elementor-element-6c89e87 elementor-widget elementor-widget-text-editor\" data-id=\"6c89e87\" data-element_type=\"widget\" data-e-type=\"widget\" data-widget_type=\"text-editor.default\">\n\t\t\t\t\t\t\t\t\t<p>Produkujemy wysokiej jako\u015bci cz\u0119\u015bci z tworzyw sztucznych dla sektora prywatnego i technicznego z PE, PP, PA6 PA12 itp. przy u\u017cyciu procesu spiekania rotacyjnego (znanego r\u00f3wnie\u017c jako formowanie rotacyjne).<\/p>\n\t\t\t\t\t\t\t\t<\/div>\n\t\t\t\t\t<\/div>\n\t\t\t\t<\/div>\n\t\t<div class=\"elementor-element elementor-element-ac6213c e-flex e-con-boxed elementor-invisible e-con e-parent\" data-id=\"ac6213c\" data-element_type=\"container\" data-e-type=\"container\" data-settings=\"{&quot;animation&quot;:&quot;fadeIn&quot;}\">\n\t\t\t\t\t<div class=\"e-con-inner\">\n\t\t\t\t<div class=\"elementor-element elementor-element-0d2c197 elementor-widget elementor-widget-image\" data-id=\"0d2c197\" data-element_type=\"widget\" data-e-type=\"widget\" data-settings=\"{&quot;motion_fx_motion_fx_scrolling&quot;:&quot;yes&quot;,&quot;motion_fx_scale_effect&quot;:&quot;yes&quot;,&quot;motion_fx_scale_speed&quot;:{&quot;unit&quot;:&quot;px&quot;,&quot;size&quot;:1,&quot;sizes&quot;:[]},&quot;motion_fx_scale_range&quot;:{&quot;unit&quot;:&quot;%&quot;,&quot;size&quot;:&quot;&quot;,&quot;sizes&quot;:{&quot;start&quot;:0,&quot;end&quot;:50}},&quot;motion_fx_scale_direction&quot;:&quot;out-in&quot;,&quot;motion_fx_devices&quot;:[&quot;desktop&quot;,&quot;tablet&quot;,&quot;mobile&quot;]}\" data-widget_type=\"image.default\">\n\t\t\t\t\t\t\t\t\t\t\t\t\t\t\t<img fetchpriority=\"high\" decoding=\"async\" width=\"1600\" height=\"1067\" src=\"https:\/\/www.emano.de\/wp-content\/uploads\/2024\/09\/emano_regenspeicher-rotationsguss-1.jpg\" class=\"attachment-full size-full wp-image-4295\" alt=\"\" srcset=\"https:\/\/www.emano.de\/wp-content\/uploads\/2024\/09\/emano_regenspeicher-rotationsguss-1.jpg 1600w, https:\/\/www.emano.de\/wp-content\/uploads\/2024\/09\/emano_regenspeicher-rotationsguss-1-300x200.jpg 300w, https:\/\/www.emano.de\/wp-content\/uploads\/2024\/09\/emano_regenspeicher-rotationsguss-1-1024x683.jpg 1024w, https:\/\/www.emano.de\/wp-content\/uploads\/2024\/09\/emano_regenspeicher-rotationsguss-1-768x512.jpg 768w, https:\/\/www.emano.de\/wp-content\/uploads\/2024\/09\/emano_regenspeicher-rotationsguss-1-1536x1024.jpg 1536w\" sizes=\"(max-width: 1600px) 100vw, 1600px\" \/>\t\t\t\t\t\t\t\t\t\t\t\t\t\t\t<\/div>\n\t\t\t\t\t<\/div>\n\t\t\t\t<\/div>\n\t\t<div class=\"elementor-element elementor-element-2e95727 e-flex e-con-boxed elementor-invisible e-con e-parent\" data-id=\"2e95727\" data-element_type=\"container\" data-e-type=\"container\" data-settings=\"{&quot;animation&quot;:&quot;fadeInUp&quot;}\">\n\t\t\t\t\t<div class=\"e-con-inner\">\n\t\t<div class=\"elementor-element elementor-element-b4d4883 e-flex e-con-boxed elementor-invisible e-con e-child\" data-id=\"b4d4883\" data-element_type=\"container\" data-e-type=\"container\" data-settings=\"{&quot;background_background&quot;:&quot;gradient&quot;,&quot;animation&quot;:&quot;fadeInUp&quot;}\">\n\t\t\t\t\t<div class=\"e-con-inner\">\n\t\t\t\t<div class=\"elementor-element elementor-element-8fc3fdd elementor-widget__width-initial elementor-invisible elementor-widget elementor-widget-text-editor\" data-id=\"8fc3fdd\" data-element_type=\"widget\" data-e-type=\"widget\" data-settings=\"{&quot;_animation&quot;:&quot;fadeInUp&quot;}\" data-widget_type=\"text-editor.default\">\n\t\t\t\t\t\t\t\t\t<p>Zr\u00f3\u017cnicowany asortyment naszych 14 system\u00f3w obrotowych obejmuje zar\u00f3wno ma\u0142e cz\u0119\u015bci, jak i nadwozia o pojemno\u015bci ponad 10 000 litr\u00f3w. Dost\u0119pna jest r\u00f3wnie\u017c szeroka gama kolor\u00f3w i struktur powierzchni. <\/p>\n\t\t\t\t\t\t\t\t<\/div>\n\t\t\t\t<div class=\"elementor-element elementor-element-8e44d6c elementor-widget__width-initial elementor-absolute elementor-invisible elementor-widget elementor-widget-image\" data-id=\"8e44d6c\" data-element_type=\"widget\" data-e-type=\"widget\" data-settings=\"{&quot;_position&quot;:&quot;absolute&quot;,&quot;_animation&quot;:&quot;fadeInRight&quot;}\" data-widget_type=\"image.default\">\n\t\t\t\t\t\t\t\t\t\t\t\t\t\t\t<img decoding=\"async\" width=\"500\" height=\"510\" src=\"https:\/\/www.emano.de\/wp-content\/uploads\/2025\/01\/emano-6.png\" class=\"attachment-full size-full wp-image-4302\" alt=\"\" srcset=\"https:\/\/www.emano.de\/wp-content\/uploads\/2025\/01\/emano-6.png 500w, https:\/\/www.emano.de\/wp-content\/uploads\/2025\/01\/emano-6-294x300.png 294w\" sizes=\"(max-width: 500px) 100vw, 500px\" \/>\t\t\t\t\t\t\t\t\t\t\t\t\t\t\t<\/div>\n\t\t\t\t\t<\/div>\n\t\t\t\t<\/div>\n\t\t\t\t\t<\/div>\n\t\t\t\t<\/div>\n\t\t<div class=\"elementor-element elementor-element-76ce8d2 e-flex e-con-boxed elementor-invisible e-con e-parent\" data-id=\"76ce8d2\" data-element_type=\"container\" data-e-type=\"container\" data-settings=\"{&quot;animation&quot;:&quot;fadeIn&quot;}\">\n\t\t\t\t\t<div class=\"e-con-inner\">\n\t\t\t\t<div class=\"elementor-element elementor-element-47751be elementor-widget elementor-widget-image\" data-id=\"47751be\" data-element_type=\"widget\" data-e-type=\"widget\" data-settings=\"{&quot;motion_fx_motion_fx_scrolling&quot;:&quot;yes&quot;,&quot;motion_fx_scale_effect&quot;:&quot;yes&quot;,&quot;motion_fx_scale_speed&quot;:{&quot;unit&quot;:&quot;px&quot;,&quot;size&quot;:1,&quot;sizes&quot;:[]},&quot;motion_fx_scale_range&quot;:{&quot;unit&quot;:&quot;%&quot;,&quot;size&quot;:&quot;&quot;,&quot;sizes&quot;:{&quot;start&quot;:0,&quot;end&quot;:50}},&quot;motion_fx_scale_direction&quot;:&quot;out-in&quot;,&quot;motion_fx_devices&quot;:[&quot;desktop&quot;,&quot;tablet&quot;,&quot;mobile&quot;]}\" data-widget_type=\"image.default\">\n\t\t\t\t\t\t\t\t\t\t\t\t\t\t\t<img decoding=\"async\" width=\"800\" height=\"533\" src=\"https:\/\/www.emano.de\/wp-content\/uploads\/2024\/09\/image012.jpg\" class=\"attachment-full size-full wp-image-4313\" alt=\"\" srcset=\"https:\/\/www.emano.de\/wp-content\/uploads\/2024\/09\/image012.jpg 800w, https:\/\/www.emano.de\/wp-content\/uploads\/2024\/09\/image012-300x200.jpg 300w, https:\/\/www.emano.de\/wp-content\/uploads\/2024\/09\/image012-768x512.jpg 768w\" sizes=\"(max-width: 800px) 100vw, 800px\" \/>\t\t\t\t\t\t\t\t\t\t\t\t\t\t\t<\/div>\n\t\t\t\t\t<\/div>\n\t\t\t\t<\/div>\n\t\t<div class=\"elementor-element elementor-element-769bd24 e-flex e-con-boxed elementor-invisible e-con e-parent\" data-id=\"769bd24\" data-element_type=\"container\" data-e-type=\"container\" data-settings=\"{&quot;animation&quot;:&quot;fadeInUp&quot;}\">\n\t\t\t\t\t<div class=\"e-con-inner\">\n\t\t\t\t<div class=\"elementor-element elementor-element-f588563 elementor-mobile-align-left elementor-invisible elementor-widget elementor-widget-button\" data-id=\"f588563\" data-element_type=\"widget\" data-e-type=\"widget\" data-settings=\"{&quot;_animation&quot;:&quot;fadeInUp&quot;}\" data-widget_type=\"button.default\">\n\t\t\t\t\t\t\t\t\t\t<a class=\"elementor-button elementor-button-link elementor-size-sm elementor-animation-float\" href=\"https:\/\/www.emano.de\/leistungen\/#leistungen\">\n\t\t\t\t\t\t<span class=\"elementor-button-content-wrapper\">\n\t\t\t\t\t\t<span class=\"elementor-button-icon\">\n\t\t\t\t<svg aria-hidden=\"true\" class=\"e-font-icon-svg e-fas-arrow-left\" viewBox=\"0 0 448 512\" xmlns=\"http:\/\/www.w3.org\/2000\/svg\"><path d=\"M257.5 445.1l-22.2 22.2c-9.4 9.4-24.6 9.4-33.9 0L7 273c-9.4-9.4-9.4-24.6 0-33.9L201.4 44.7c9.4-9.4 24.6-9.4 33.9 0l22.2 22.2c9.5 9.5 9.3 25-.4 34.3L136.6 216H424c13.3 0 24 10.7 24 24v32c0 13.3-10.7 24-24 24H136.6l120.5 114.8c9.8 9.3 10 24.8.4 34.3z\"><\/path><\/svg>\t\t\t<\/span>\n\t\t\t\t\t\t\t\t\t<span class=\"elementor-button-text\">z powrotem<\/span>\n\t\t\t\t\t<\/span>\n\t\t\t\t\t<\/a>\n\t\t\t\t\t\t\t\t<\/div>\n\t\t\t\t\t<\/div>\n\t\t\t\t<\/div>\n\t\t\t\t<\/div>\n\t\t","protected":false},"excerpt":{"rendered":"<p>Spiekanie rotacyjne i odlewanie. SPIEKANIE ROTACYJNE, TECHNOLOGIA TWORZYW SZTUCZNYCH Produkujemy wysokiej jako\u015bci cz\u0119\u015bci z tworzyw sztucznych dla sektora prywatnego i technicznego z PE, PP, PA6 PA12 itp. przy u\u017cyciu procesu spiekania rotacyjnego (znanego r\u00f3wnie\u017c jako formowanie rotacyjne). Zr\u00f3\u017cnicowany asortyment naszych 14 system\u00f3w obrotowych obejmuje zar\u00f3wno ma\u0142e cz\u0119\u015bci, jak i nadwozia o pojemno\u015bci ponad 10 000 [&hellip;]<\/p>\n","protected":false},"author":1,"featured_media":0,"parent":0,"menu_order":0,"comment_status":"closed","ping_status":"closed","template":"elementor_header_footer","meta":{"footnotes":""},"class_list":["post-4294","page","type-page","status-publish","hentry"],"yoast_head":"<!-- This site is optimized with the Yoast SEO plugin v27.2 - https:\/\/yoast.com\/product\/yoast-seo-wordpress\/ -->\n<title>Spiekanie i formowanie rotacyjne - emano<\/title>\n<meta name=\"robots\" content=\"index, follow, max-snippet:-1, max-image-preview:large, max-video-preview:-1\" \/>\n<link rel=\"canonical\" href=\"https:\/\/www.emano.de\/rotationssintern-und-giessen\/\" \/>\n<meta property=\"og:locale\" content=\"pl_PL\" \/>\n<meta property=\"og:type\" content=\"article\" \/>\n<meta property=\"og:title\" content=\"Spiekanie i formowanie rotacyjne - emano\" \/>\n<meta property=\"og:description\" content=\"Spiekanie rotacyjne i odlewanie. SPIEKANIE ROTACYJNE, TECHNOLOGIA TWORZYW SZTUCZNYCH Produkujemy wysokiej jako\u015bci cz\u0119\u015bci z tworzyw sztucznych dla sektora prywatnego i technicznego z PE, PP, PA6 PA12 itp. przy u\u017cyciu procesu spiekania rotacyjnego (znanego r\u00f3wnie\u017c jako formowanie rotacyjne). Zr\u00f3\u017cnicowany asortyment naszych 14 system\u00f3w obrotowych obejmuje zar\u00f3wno ma\u0142e cz\u0119\u015bci, jak i nadwozia o pojemno\u015bci ponad 10 000 [&hellip;]\" \/>\n<meta property=\"og:url\" content=\"https:\/\/www.emano.de\/rotationssintern-und-giessen\/\" \/>\n<meta property=\"og:site_name\" content=\"emano\" \/>\n<meta property=\"article:modified_time\" content=\"2025-03-11T08:13:42+00:00\" \/>\n<meta property=\"og:image\" content=\"https:\/\/www.emano.de\/wp-content\/uploads\/2024\/09\/emano_regenspeicher-rotationsguss-1.jpg\" \/>\n\t<meta property=\"og:image:width\" content=\"1600\" \/>\n\t<meta property=\"og:image:height\" content=\"1067\" \/>\n\t<meta property=\"og:image:type\" content=\"image\/jpeg\" \/>\n<meta name=\"twitter:card\" content=\"summary_large_image\" \/>\n<script type=\"application\/ld+json\" class=\"yoast-schema-graph\">{\"@context\":\"https:\/\/schema.org\",\"@graph\":[{\"@type\":\"WebPage\",\"@id\":\"https:\/\/www.emano.de\/rotationssintern-und-giessen\/\",\"url\":\"https:\/\/www.emano.de\/rotationssintern-und-giessen\/\",\"name\":\"Spiekanie i formowanie rotacyjne - emano\",\"isPartOf\":{\"@id\":\"https:\/\/www.emano.de\/nl\/#website\"},\"primaryImageOfPage\":{\"@id\":\"https:\/\/www.emano.de\/rotationssintern-und-giessen\/#primaryimage\"},\"image\":{\"@id\":\"https:\/\/www.emano.de\/rotationssintern-und-giessen\/#primaryimage\"},\"thumbnailUrl\":\"https:\/\/www.emano.de\/wp-content\/uploads\/2024\/09\/emano_regenspeicher-rotationsguss-1.jpg\",\"datePublished\":\"2025-02-01T16:27:20+00:00\",\"dateModified\":\"2025-03-11T08:13:42+00:00\",\"breadcrumb\":{\"@id\":\"https:\/\/www.emano.de\/rotationssintern-und-giessen\/#breadcrumb\"},\"inLanguage\":\"pl-PL\",\"potentialAction\":[{\"@type\":\"ReadAction\",\"target\":[\"https:\/\/www.emano.de\/rotationssintern-und-giessen\/\"]}]},{\"@type\":\"ImageObject\",\"inLanguage\":\"pl-PL\",\"@id\":\"https:\/\/www.emano.de\/rotationssintern-und-giessen\/#primaryimage\",\"url\":\"https:\/\/www.emano.de\/wp-content\/uploads\/2024\/09\/emano_regenspeicher-rotationsguss-1.jpg\",\"contentUrl\":\"https:\/\/www.emano.de\/wp-content\/uploads\/2024\/09\/emano_regenspeicher-rotationsguss-1.jpg\"},{\"@type\":\"BreadcrumbList\",\"@id\":\"https:\/\/www.emano.de\/rotationssintern-und-giessen\/#breadcrumb\",\"itemListElement\":[{\"@type\":\"ListItem\",\"position\":1,\"name\":\"Home\",\"item\":\"https:\/\/www.emano.de\/\"},{\"@type\":\"ListItem\",\"position\":2,\"name\":\"Spiekanie i formowanie rotacyjne\"}]},{\"@type\":\"WebSite\",\"@id\":\"https:\/\/www.emano.de\/nl\/#website\",\"url\":\"https:\/\/www.emano.de\/nl\/\",\"name\":\"emano\",\"description\":\"\",\"potentialAction\":[{\"@type\":\"SearchAction\",\"target\":{\"@type\":\"EntryPoint\",\"urlTemplate\":\"https:\/\/www.emano.de\/nl\/?s={search_term_string}\"},\"query-input\":{\"@type\":\"PropertyValueSpecification\",\"valueRequired\":true,\"valueName\":\"search_term_string\"}}],\"inLanguage\":\"pl-PL\"}]}<\/script>\n<!-- \/ Yoast SEO plugin. -->","yoast_head_json":{"title":"Spiekanie i formowanie rotacyjne - emano","robots":{"index":"index","follow":"follow","max-snippet":"max-snippet:-1","max-image-preview":"max-image-preview:large","max-video-preview":"max-video-preview:-1"},"canonical":"https:\/\/www.emano.de\/rotationssintern-und-giessen\/","og_locale":"pl_PL","og_type":"article","og_title":"Spiekanie i formowanie rotacyjne - emano","og_description":"Spiekanie rotacyjne i odlewanie. SPIEKANIE ROTACYJNE, TECHNOLOGIA TWORZYW SZTUCZNYCH Produkujemy wysokiej jako\u015bci cz\u0119\u015bci z tworzyw sztucznych dla sektora prywatnego i technicznego z PE, PP, PA6 PA12 itp. przy u\u017cyciu procesu spiekania rotacyjnego (znanego r\u00f3wnie\u017c jako formowanie rotacyjne). Zr\u00f3\u017cnicowany asortyment naszych 14 system\u00f3w obrotowych obejmuje zar\u00f3wno ma\u0142e cz\u0119\u015bci, jak i nadwozia o pojemno\u015bci ponad 10 000 [&hellip;]","og_url":"https:\/\/www.emano.de\/rotationssintern-und-giessen\/","og_site_name":"emano","article_modified_time":"2025-03-11T08:13:42+00:00","og_image":[{"width":1600,"height":1067,"url":"https:\/\/www.emano.de\/wp-content\/uploads\/2024\/09\/emano_regenspeicher-rotationsguss-1.jpg","type":"image\/jpeg"}],"twitter_card":"summary_large_image","schema":{"@context":"https:\/\/schema.org","@graph":[{"@type":"WebPage","@id":"https:\/\/www.emano.de\/rotationssintern-und-giessen\/","url":"https:\/\/www.emano.de\/rotationssintern-und-giessen\/","name":"Spiekanie i formowanie rotacyjne - emano","isPartOf":{"@id":"https:\/\/www.emano.de\/nl\/#website"},"primaryImageOfPage":{"@id":"https:\/\/www.emano.de\/rotationssintern-und-giessen\/#primaryimage"},"image":{"@id":"https:\/\/www.emano.de\/rotationssintern-und-giessen\/#primaryimage"},"thumbnailUrl":"https:\/\/www.emano.de\/wp-content\/uploads\/2024\/09\/emano_regenspeicher-rotationsguss-1.jpg","datePublished":"2025-02-01T16:27:20+00:00","dateModified":"2025-03-11T08:13:42+00:00","breadcrumb":{"@id":"https:\/\/www.emano.de\/rotationssintern-und-giessen\/#breadcrumb"},"inLanguage":"pl-PL","potentialAction":[{"@type":"ReadAction","target":["https:\/\/www.emano.de\/rotationssintern-und-giessen\/"]}]},{"@type":"ImageObject","inLanguage":"pl-PL","@id":"https:\/\/www.emano.de\/rotationssintern-und-giessen\/#primaryimage","url":"https:\/\/www.emano.de\/wp-content\/uploads\/2024\/09\/emano_regenspeicher-rotationsguss-1.jpg","contentUrl":"https:\/\/www.emano.de\/wp-content\/uploads\/2024\/09\/emano_regenspeicher-rotationsguss-1.jpg"},{"@type":"BreadcrumbList","@id":"https:\/\/www.emano.de\/rotationssintern-und-giessen\/#breadcrumb","itemListElement":[{"@type":"ListItem","position":1,"name":"Home","item":"https:\/\/www.emano.de\/"},{"@type":"ListItem","position":2,"name":"Spiekanie i formowanie rotacyjne"}]},{"@type":"WebSite","@id":"https:\/\/www.emano.de\/nl\/#website","url":"https:\/\/www.emano.de\/nl\/","name":"emano","description":"","potentialAction":[{"@type":"SearchAction","target":{"@type":"EntryPoint","urlTemplate":"https:\/\/www.emano.de\/nl\/?s={search_term_string}"},"query-input":{"@type":"PropertyValueSpecification","valueRequired":true,"valueName":"search_term_string"}}],"inLanguage":"pl-PL"}]}},"_links":{"self":[{"href":"https:\/\/www.emano.de\/pl\/wp-json\/wp\/v2\/pages\/4294","targetHints":{"allow":["GET"]}}],"collection":[{"href":"https:\/\/www.emano.de\/pl\/wp-json\/wp\/v2\/pages"}],"about":[{"href":"https:\/\/www.emano.de\/pl\/wp-json\/wp\/v2\/types\/page"}],"author":[{"embeddable":true,"href":"https:\/\/www.emano.de\/pl\/wp-json\/wp\/v2\/users\/1"}],"replies":[{"embeddable":true,"href":"https:\/\/www.emano.de\/pl\/wp-json\/wp\/v2\/comments?post=4294"}],"version-history":[{"count":1,"href":"https:\/\/www.emano.de\/pl\/wp-json\/wp\/v2\/pages\/4294\/revisions"}],"predecessor-version":[{"id":4321,"href":"https:\/\/www.emano.de\/pl\/wp-json\/wp\/v2\/pages\/4294\/revisions\/4321"}],"wp:attachment":[{"href":"https:\/\/www.emano.de\/pl\/wp-json\/wp\/v2\/media?parent=4294"}],"curies":[{"name":"wp","href":"https:\/\/api.w.org\/{rel}","templated":true}]}}