{"id":4512,"date":"2024-10-08T08:01:45","date_gmt":"2024-10-08T06:01:45","guid":{"rendered":"https:\/\/emano.de\/technologia-tworzyw-sztucznych-i-formowanie-rotacyjne-emano-twoi-eksperci\/"},"modified":"2025-10-24T14:30:38","modified_gmt":"2025-10-24T12:30:38","slug":"technologia-tworzyw-sztucznych-i-formowanie-rotacyjne-emano-twoi-eksperci","status":"publish","type":"page","link":"https:\/\/www.emano.de\/pl\/","title":{"rendered":"dom"},"content":{"rendered":"\t\t<div data-elementor-type=\"wp-page\" data-elementor-id=\"4512\" class=\"elementor elementor-4512 elementor-872\" data-elementor-post-type=\"page\">\n\t\t\t\t<div class=\"elementor-element elementor-element-8f97c41 e-con-full e-flex elementor-invisible e-con e-child\" data-id=\"8f97c41\" data-element_type=\"container\" data-e-type=\"container\" data-settings=\"{&quot;background_background&quot;:&quot;video&quot;,&quot;background_video_link&quot;:&quot;https:\\\/\\\/www.emano.de\\\/video\\\/emano-start.mp4&quot;,&quot;background_play_on_mobile&quot;:&quot;yes&quot;,&quot;animation&quot;:&quot;fadeIn&quot;}\">\n\t\t<div class=\"elementor-background-video-container\">\n\t\t\t\t\t\t\t<video class=\"elementor-background-video-hosted\" role=\"presentation\" autoplay muted playsinline loop><\/video>\n\t\t\t\t\t<\/div>\t\t<div class=\"elementor-element elementor-element-98a5788 elementor-widget__width-initial elementor-invisible elementor-widget elementor-widget-text-editor\" data-id=\"98a5788\" data-element_type=\"widget\" data-e-type=\"widget\" data-settings=\"{&quot;_animation_mobile&quot;:&quot;rotateInUpLeft&quot;,&quot;_animation&quot;:&quot;rotateInUpLeft&quot;,&quot;_animation_delay&quot;:200}\" data-widget_type=\"text-editor.default\">\n\t\t\t\t\t\t\t\t\t<p>Formowanie<br \/>i rotacja<br \/>do perfekcji.<\/p>\n\t\t\t\t\t\t\t\t<\/div>\n\t\t\t\t<div class=\"elementor-element elementor-element-b143327 elementor-invisible elementor-widget elementor-widget-button\" data-id=\"b143327\" data-element_type=\"widget\" data-e-type=\"widget\" data-settings=\"{&quot;_animation&quot;:&quot;fadeInUp&quot;,&quot;_animation_delay&quot;:500}\" data-widget_type=\"button.default\">\n\t\t\t\t\t\t\t\t\t\t<a class=\"elementor-button elementor-button-link elementor-size-sm elementor-animation-float\" href=\"https:\/\/www.emano.de\/pl\/skontaktuj-sie-z-nami\/\">\n\t\t\t\t\t\t<span class=\"elementor-button-content-wrapper\">\n\t\t\t\t\t\t\t\t\t<span class=\"elementor-button-text\">Skontaktuj si\u0119 teraz<\/span>\n\t\t\t\t\t<\/span>\n\t\t\t\t\t<\/a>\n\t\t\t\t\t\t\t\t<\/div>\n\t\t\t\t<div class=\"elementor-element elementor-element-462cdc9 elementor-absolute elementor-view-default elementor-invisible elementor-widget elementor-widget-icon\" data-id=\"462cdc9\" data-element_type=\"widget\" data-e-type=\"widget\" data-settings=\"{&quot;_position&quot;:&quot;absolute&quot;,&quot;_animation&quot;:&quot;zoomIn&quot;,&quot;_animation_delay&quot;:700}\" data-widget_type=\"icon.default\">\n\t\t\t\t\t\t\t<div class=\"elementor-icon-wrapper\">\n\t\t\t<a class=\"elementor-icon elementor-animation-grow\" href=\"#elementor-action%3Aaction%3Dpopup%3Aopen%26settings%3DeyJpZCI6Mzk1NSwidG9nZ2xlIjpmYWxzZX0%3D\">\n\t\t\t<svg aria-hidden=\"true\" class=\"e-font-icon-svg e-fas-play-circle\" viewBox=\"0 0 512 512\" xmlns=\"http:\/\/www.w3.org\/2000\/svg\"><path d=\"M256 8C119 8 8 119 8 256s111 248 248 248 248-111 248-248S393 8 256 8zm115.7 272l-176 101c-15.8 8.8-35.7-2.5-35.7-21V152c0-18.4 19.8-29.8 35.7-21l176 107c16.4 9.2 16.4 32.9 0 42z\"><\/path><\/svg>\t\t\t<\/a>\n\t\t<\/div>\n\t\t\t\t\t\t<\/div>\n\t\t\t\t<\/div>\n\t\t<div class=\"elementor-element elementor-element-dad5dd0 e-con-full e-flex e-con e-parent\" data-id=\"dad5dd0\" data-element_type=\"container\" data-e-type=\"container\">\n\t\t<div class=\"elementor-element elementor-element-508d9a2 e-con-full e-flex elementor-invisible e-con e-child\" data-id=\"508d9a2\" data-element_type=\"container\" data-e-type=\"container\" data-settings=\"{&quot;background_background&quot;:&quot;classic&quot;,&quot;animation&quot;:&quot;fadeIn&quot;}\">\n\t\t\t\t<div class=\"elementor-element elementor-element-72e25ad elementor-widget elementor-widget-heading\" data-id=\"72e25ad\" data-element_type=\"widget\" data-e-type=\"widget\" data-widget_type=\"heading.default\">\n\t\t\t\t\t<h2 class=\"elementor-heading-title elementor-size-default\">Witamy w<\/h2>\t\t\t\t<\/div>\n\t\t\t\t<div class=\"elementor-element elementor-element-c72dc54 elementor-widget elementor-widget-heading\" data-id=\"c72dc54\" data-element_type=\"widget\" data-e-type=\"widget\" data-widget_type=\"heading.default\">\n\t\t\t\t\t<h1 class=\"elementor-heading-title elementor-size-default\">emano Kunststofftechnik GmbH<\/h1>\t\t\t\t<\/div>\n\t\t\t\t<div class=\"elementor-element elementor-element-6b9d777 elementor-widget elementor-widget-heading\" data-id=\"6b9d777\" data-element_type=\"widget\" data-e-type=\"widget\" data-widget_type=\"heading.default\">\n\t\t\t\t\t<h2 class=\"elementor-heading-title elementor-size-default\">Ekspert B2B w dziedzinie technologii tworzyw sztucznych<\/h2>\t\t\t\t<\/div>\n\t\t\t\t<div class=\"elementor-element elementor-element-a3b4d8d elementor-widget elementor-widget-text-editor\" data-id=\"a3b4d8d\" data-element_type=\"widget\" data-e-type=\"widget\" data-widget_type=\"text-editor.default\">\n\t\t\t\t\t\t\t\t\t<p>Uznawana za jedn\u0105 z najbardziej udanych i innowacyjnych firm \u015bredniej wielko\u015bci w Niemczech, od ponad 60 lat naszym celem i zadaniem jest spe\u0142nianie wymaga\u0144 klient\u00f3w zar\u00f3wno pod wzgl\u0119dem technicznym, jak i ekonomicznym. Naszym znakiem rozpoznawczym jest know-how w zakresie pierwszorz\u0119dnych produkt\u00f3w in\u017cynierii mechanicznej i wysokiej jako\u015bci pustych korpus\u00f3w w formowaniu rotacyjnym i rotacji tworzyw sztucznych. <\/p>\n\t\t\t\t\t\t\t\t<\/div>\n\t\t\t\t<div class=\"elementor-element elementor-element-6f5e313 elementor-widget elementor-widget-button\" data-id=\"6f5e313\" data-element_type=\"widget\" data-e-type=\"widget\" data-widget_type=\"button.default\">\n\t\t\t\t\t\t\t\t\t\t<a class=\"elementor-button elementor-button-link elementor-size-sm elementor-animation-float\" href=\"https:\/\/www.emano.de\/pl\/o-nas\/\">\n\t\t\t\t\t\t<span class=\"elementor-button-content-wrapper\">\n\t\t\t\t\t\t\t\t\t<span class=\"elementor-button-text\">wi\u0119cej o nas \u2192<\/span>\n\t\t\t\t\t<\/span>\n\t\t\t\t\t<\/a>\n\t\t\t\t\t\t\t\t<\/div>\n\t\t\t\t<\/div>\n\t\t<div class=\"elementor-element elementor-element-8914ecf e-con-full e-flex elementor-invisible e-con e-child\" data-id=\"8914ecf\" data-element_type=\"container\" data-e-type=\"container\" data-settings=\"{&quot;background_background&quot;:&quot;classic&quot;,&quot;animation&quot;:&quot;fadeIn&quot;}\">\n\t\t\t\t<\/div>\n\t\t\t\t<\/div>\n\t\t<div class=\"elementor-element elementor-element-5c19393 e-con-full e-flex e-con e-parent\" data-id=\"5c19393\" data-element_type=\"container\" data-e-type=\"container\">\n\t\t<a class=\"elementor-element elementor-element-a63c7f8 e-con-full e-flex elementor-invisible e-con e-child\" data-id=\"a63c7f8\" data-element_type=\"container\" data-e-type=\"container\" data-settings=\"{&quot;background_background&quot;:&quot;classic&quot;,&quot;animation&quot;:&quot;fadeIn&quot;}\" href=\"#\">\n\t\t\t\t<\/a>\n\t\t<div class=\"elementor-element elementor-element-69eded2 e-con-full e-flex elementor-invisible e-con e-child\" data-id=\"69eded2\" data-element_type=\"container\" data-e-type=\"container\" data-settings=\"{&quot;background_background&quot;:&quot;classic&quot;,&quot;animation&quot;:&quot;fadeIn&quot;}\">\n\t\t\t\t<div class=\"elementor-element elementor-element-75e3097 elementor-widget elementor-widget-text-editor\" data-id=\"75e3097\" data-element_type=\"widget\" data-e-type=\"widget\" data-widget_type=\"text-editor.default\">\n\t\t\t\t\t\t\t\t\t<p>Nasze do\u015bwiadczenie w zakresie najwy\u017cszej klasy produkt\u00f3w w in\u017cynierii mechanicznej i wysokiej jako\u015bci pustych korpus\u00f3w w formowaniu rotacyjnym i rotacji tworzyw sztucznych jest naszym znakiem towarowym.<\/p>\n\t\t\t\t\t\t\t\t<\/div>\n\t\t\t\t<div class=\"elementor-element elementor-element-d601739 elementor-widget elementor-widget-button\" data-id=\"d601739\" data-element_type=\"widget\" data-e-type=\"widget\" data-widget_type=\"button.default\">\n\t\t\t\t\t\t\t\t\t\t<a class=\"elementor-button elementor-button-link elementor-size-sm elementor-animation-float\" href=\"https:\/\/www.emano.de\/pl\/uslugi\/\">\n\t\t\t\t\t\t<span class=\"elementor-button-content-wrapper\">\n\t\t\t\t\t\t\t\t\t<span class=\"elementor-button-text\">do naszych us\u0142ug \u2192<\/span>\n\t\t\t\t\t<\/span>\n\t\t\t\t\t<\/a>\n\t\t\t\t\t\t\t\t<\/div>\n\t\t\t\t<\/div>\n\t\t\t\t<\/div>\n\t\t<div class=\"elementor-element elementor-element-805c4f2 e-con-full e-flex e-con e-parent\" data-id=\"805c4f2\" data-element_type=\"container\" data-e-type=\"container\">\n\t\t<div class=\"elementor-element elementor-element-6052974 e-con-full e-flex elementor-invisible e-con e-child\" data-id=\"6052974\" data-element_type=\"container\" data-e-type=\"container\" data-settings=\"{&quot;background_background&quot;:&quot;video&quot;,&quot;animation&quot;:&quot;fadeIn&quot;,&quot;background_video_link&quot;:&quot;https:\\\/\\\/www.emano.de\\\/video\\\/emano-werkzeug.mp4&quot;,&quot;background_play_on_mobile&quot;:&quot;yes&quot;}\">\n\t\t<div class=\"elementor-background-video-container\">\n\t\t\t\t\t\t\t<video class=\"elementor-background-video-hosted\" role=\"presentation\" autoplay muted playsinline loop><\/video>\n\t\t\t\t\t<\/div>\t\t<div class=\"elementor-element elementor-element-9f54a01 elementor-widget__width-initial elementor-widget elementor-widget-text-editor\" data-id=\"9f54a01\" data-element_type=\"widget\" data-e-type=\"widget\" data-widget_type=\"text-editor.default\">\n\t\t\t\t\t\t\t\t\t<p>PRODUKCJA NARZ\u0118DZI z w\u0142asnej produkcji<span style=\"color: #fc1727;\">.<\/span><\/p>\n\t\t\t\t\t\t\t\t<\/div>\n\t\t\t\t<div class=\"elementor-element elementor-element-9a2b350 elementor-widget elementor-widget-button\" data-id=\"9a2b350\" data-element_type=\"widget\" data-e-type=\"widget\" data-widget_type=\"button.default\">\n\t\t\t\t\t\t\t\t\t\t<a class=\"elementor-button elementor-button-link elementor-size-sm elementor-animation-float\" href=\"https:\/\/www.emano.de\/pl\/projektowanie-i-produkcja-narzedzi\/\">\n\t\t\t\t\t\t<span class=\"elementor-button-content-wrapper\">\n\t\t\t\t\t\t\t\t\t<span class=\"elementor-button-text\">Dowiedz si\u0119 wi\u0119cej \u2192<\/span>\n\t\t\t\t\t<\/span>\n\t\t\t\t\t<\/a>\n\t\t\t\t\t\t\t\t<\/div>\n\t\t\t\t<\/div>\n\t\t<a class=\"elementor-element elementor-element-d7839f0 e-con-full e-flex elementor-invisible e-con e-child\" data-id=\"d7839f0\" data-element_type=\"container\" data-e-type=\"container\" data-settings=\"{&quot;background_background&quot;:&quot;classic&quot;,&quot;animation&quot;:&quot;fadeIn&quot;}\" href=\"#\">\n\t\t\t\t<\/a>\n\t\t\t\t<\/div>\n\t\t<div class=\"elementor-element elementor-element-c1147e7 e-con-full e-flex e-con e-parent\" data-id=\"c1147e7\" data-element_type=\"container\" data-e-type=\"container\">\n\t\t<a class=\"elementor-element elementor-element-4b27372 e-con-full e-flex elementor-invisible e-con e-child\" data-id=\"4b27372\" data-element_type=\"container\" data-e-type=\"container\" data-settings=\"{&quot;background_background&quot;:&quot;classic&quot;,&quot;animation&quot;:&quot;fadeIn&quot;}\" href=\"#\">\n\t\t\t\t<\/a>\n\t\t<div class=\"elementor-element elementor-element-41a92ec e-con-full e-flex elementor-invisible e-con e-child\" data-id=\"41a92ec\" data-element_type=\"container\" data-e-type=\"container\" data-settings=\"{&quot;background_background&quot;:&quot;video&quot;,&quot;animation&quot;:&quot;fadeIn&quot;,&quot;background_video_link&quot;:&quot;https:\\\/\\\/www.emano.de\\\/video\\\/emano-nachhaltigkeit2.mp4&quot;,&quot;background_play_on_mobile&quot;:&quot;yes&quot;}\">\n\t\t<div class=\"elementor-background-video-container\">\n\t\t\t\t\t\t\t<video class=\"elementor-background-video-hosted\" role=\"presentation\" autoplay muted playsinline loop><\/video>\n\t\t\t\t\t<\/div>\t\t<div class=\"elementor-element elementor-element-cb511df elementor-widget__width-initial elementor-widget elementor-widget-text-editor\" data-id=\"cb511df\" data-element_type=\"widget\" data-e-type=\"widget\" data-widget_type=\"text-editor.default\">\n\t\t\t\t\t\t\t\t\t<p>\u017byjemy zgodnie z zasadami zr\u00f3wnowa\u017conego rozwoju<span style=\"color: #fc1727;\">.<\/span><\/p>\n\t\t\t\t\t\t\t\t<\/div>\n\t\t\t\t<div class=\"elementor-element elementor-element-853a540 elementor-widget elementor-widget-button\" data-id=\"853a540\" data-element_type=\"widget\" data-e-type=\"widget\" data-widget_type=\"button.default\">\n\t\t\t\t\t\t\t\t\t\t<a class=\"elementor-button elementor-button-link elementor-size-sm elementor-animation-float\" href=\"https:\/\/www.emano.de\/pl\/recykling-i-przetwarzanie-tworzyw-sztucznych\/\">\n\t\t\t\t\t\t<span class=\"elementor-button-content-wrapper\">\n\t\t\t\t\t\t\t\t\t<span class=\"elementor-button-text\">Dowiedz si\u0119 wi\u0119cej \u2192<\/span>\n\t\t\t\t\t<\/span>\n\t\t\t\t\t<\/a>\n\t\t\t\t\t\t\t\t<\/div>\n\t\t\t\t<\/div>\n\t\t\t\t<\/div>\n\t\t<div class=\"elementor-element elementor-element-e0a296b e-con-full e-flex e-con e-parent\" data-id=\"e0a296b\" data-element_type=\"container\" data-e-type=\"container\">\n\t\t<div class=\"elementor-element elementor-element-111b79d e-con-full e-flex elementor-invisible e-con e-child\" data-id=\"111b79d\" data-element_type=\"container\" data-e-type=\"container\" data-settings=\"{&quot;background_background&quot;:&quot;video&quot;,&quot;animation&quot;:&quot;fadeIn&quot;,&quot;background_video_link&quot;:&quot;https:\\\/\\\/www.emano.de\\\/video\\\/emano-lager.mp4&quot;,&quot;background_play_on_mobile&quot;:&quot;yes&quot;}\">\n\t\t<div class=\"elementor-background-video-container\">\n\t\t\t\t\t\t\t<video class=\"elementor-background-video-hosted\" role=\"presentation\" autoplay muted playsinline loop><\/video>\n\t\t\t\t\t<\/div>\t\t<div class=\"elementor-element elementor-element-0671a93 elementor-widget__width-initial elementor-widget elementor-widget-text-editor\" data-id=\"0671a93\" data-element_type=\"widget\" data-e-type=\"widget\" data-widget_type=\"text-editor.default\">\n\t\t\t\t\t\t\t\t\t<p>Logistyka w sam\u0105 por\u0119<span style=\"color: #fc1727;\">.<\/span><\/p>\n\t\t\t\t\t\t\t\t<\/div>\n\t\t\t\t<div class=\"elementor-element elementor-element-9dfec91 elementor-widget elementor-widget-button\" data-id=\"9dfec91\" data-element_type=\"widget\" data-e-type=\"widget\" data-widget_type=\"button.default\">\n\t\t\t\t\t\t\t\t\t\t<a class=\"elementor-button elementor-button-link elementor-size-sm elementor-animation-float\" href=\"https:\/\/www.emano.de\/pl\/magazynowanie-i-logistyka\/\">\n\t\t\t\t\t\t<span class=\"elementor-button-content-wrapper\">\n\t\t\t\t\t\t\t\t\t<span class=\"elementor-button-text\">Dowiedz si\u0119 wi\u0119cej \u2192<\/span>\n\t\t\t\t\t<\/span>\n\t\t\t\t\t<\/a>\n\t\t\t\t\t\t\t\t<\/div>\n\t\t\t\t<\/div>\n\t\t<a class=\"elementor-element elementor-element-cadb8e8 e-con-full e-flex elementor-invisible e-con e-child\" data-id=\"cadb8e8\" data-element_type=\"container\" data-e-type=\"container\" data-settings=\"{&quot;background_background&quot;:&quot;classic&quot;,&quot;animation&quot;:&quot;fadeIn&quot;}\" href=\"#\">\n\t\t\t\t<\/a>\n\t\t\t\t<\/div>\n\t\t<div class=\"elementor-element elementor-element-4eddaef e-flex e-con-boxed e-con e-parent\" data-id=\"4eddaef\" data-element_type=\"container\" data-e-type=\"container\">\n\t\t\t\t\t<div class=\"e-con-inner\">\n\t\t\t\t\t<\/div>\n\t\t\t\t<\/div>\n\t\t\t\t<\/div>\n\t\t","protected":false},"excerpt":{"rendered":"<p>Formowaniei rotacjado perfekcji. Skontaktuj si\u0119 teraz Witamy w emano Kunststofftechnik GmbH Ekspert B2B w dziedzinie technologii tworzyw sztucznych Uznawana za jedn\u0105 z najbardziej udanych i innowacyjnych firm \u015bredniej wielko\u015bci w Niemczech, od ponad 60 lat naszym celem i zadaniem jest spe\u0142nianie wymaga\u0144 klient\u00f3w zar\u00f3wno pod wzgl\u0119dem technicznym, jak i ekonomicznym. Naszym znakiem rozpoznawczym jest know-how [&hellip;]<\/p>\n","protected":false},"author":1,"featured_media":0,"parent":0,"menu_order":0,"comment_status":"closed","ping_status":"closed","template":"elementor_header_footer","meta":{"footnotes":""},"class_list":["post-4512","page","type-page","status-publish","hentry"],"yoast_head":"<!-- This site is optimized with the Yoast SEO plugin v27.2 - https:\/\/yoast.com\/product\/yoast-seo-wordpress\/ -->\n<title>Emano Kunststoff GMBH - Tw\u00f3j ekspert w dziedzinie formowania rotacyjnego<\/title>\n<meta name=\"robots\" content=\"index, follow, max-snippet:-1, max-image-preview:large, max-video-preview:-1\" \/>\n<link rel=\"canonical\" href=\"https:\/\/www.emano.de\/\" \/>\n<meta property=\"og:locale\" content=\"pl_PL\" \/>\n<meta property=\"og:type\" content=\"article\" \/>\n<meta property=\"og:title\" content=\"Emano Kunststoff GMBH - Tw\u00f3j ekspert w dziedzinie formowania rotacyjnego\" \/>\n<meta property=\"og:description\" content=\"Formowaniei rotacjado perfekcji. Skontaktuj si\u0119 teraz Witamy w emano Kunststofftechnik GmbH Ekspert B2B w dziedzinie technologii tworzyw sztucznych Uznawana za jedn\u0105 z najbardziej udanych i innowacyjnych firm \u015bredniej wielko\u015bci w Niemczech, od ponad 60 lat naszym celem i zadaniem jest spe\u0142nianie wymaga\u0144 klient\u00f3w zar\u00f3wno pod wzgl\u0119dem technicznym, jak i ekonomicznym. Naszym znakiem rozpoznawczym jest know-how [&hellip;]\" \/>\n<meta property=\"og:url\" content=\"https:\/\/www.emano.de\/\" \/>\n<meta property=\"og:site_name\" content=\"emano\" \/>\n<meta property=\"article:modified_time\" content=\"2025-10-24T12:30:38+00:00\" \/>\n<meta name=\"twitter:card\" content=\"summary_large_image\" \/>\n<meta name=\"twitter:label1\" content=\"Szacowany czas czytania\" \/>\n\t<meta name=\"twitter:data1\" content=\"1 minuta\" \/>\n<script type=\"application\/ld+json\" class=\"yoast-schema-graph\">{\"@context\":\"https:\/\/schema.org\",\"@graph\":[{\"@type\":\"WebPage\",\"@id\":\"https:\/\/www.emano.de\/\",\"url\":\"https:\/\/www.emano.de\/\",\"name\":\"Emano Kunststoff GMBH - Tw\u00f3j ekspert w dziedzinie formowania rotacyjnego\",\"isPartOf\":{\"@id\":\"https:\/\/www.emano.de\/nl\/#website\"},\"datePublished\":\"2024-10-08T06:01:45+00:00\",\"dateModified\":\"2025-10-24T12:30:38+00:00\",\"breadcrumb\":{\"@id\":\"https:\/\/www.emano.de\/#breadcrumb\"},\"inLanguage\":\"pl-PL\",\"potentialAction\":[{\"@type\":\"ReadAction\",\"target\":[\"https:\/\/www.emano.de\/\"]}]},{\"@type\":\"BreadcrumbList\",\"@id\":\"https:\/\/www.emano.de\/#breadcrumb\",\"itemListElement\":[{\"@type\":\"ListItem\",\"position\":1,\"name\":\"Home\",\"item\":\"https:\/\/www.emano.de\/\"},{\"@type\":\"ListItem\",\"position\":2,\"name\":\"dom\"}]},{\"@type\":\"WebSite\",\"@id\":\"https:\/\/www.emano.de\/nl\/#website\",\"url\":\"https:\/\/www.emano.de\/nl\/\",\"name\":\"emano\",\"description\":\"\",\"potentialAction\":[{\"@type\":\"SearchAction\",\"target\":{\"@type\":\"EntryPoint\",\"urlTemplate\":\"https:\/\/www.emano.de\/nl\/?s={search_term_string}\"},\"query-input\":{\"@type\":\"PropertyValueSpecification\",\"valueRequired\":true,\"valueName\":\"search_term_string\"}}],\"inLanguage\":\"pl-PL\"}]}<\/script>\n<!-- \/ Yoast SEO plugin. -->","yoast_head_json":{"title":"Emano Kunststoff GMBH - Tw\u00f3j ekspert w dziedzinie formowania rotacyjnego","robots":{"index":"index","follow":"follow","max-snippet":"max-snippet:-1","max-image-preview":"max-image-preview:large","max-video-preview":"max-video-preview:-1"},"canonical":"https:\/\/www.emano.de\/","og_locale":"pl_PL","og_type":"article","og_title":"Emano Kunststoff GMBH - Tw\u00f3j ekspert w dziedzinie formowania rotacyjnego","og_description":"Formowaniei rotacjado perfekcji. Skontaktuj si\u0119 teraz Witamy w emano Kunststofftechnik GmbH Ekspert B2B w dziedzinie technologii tworzyw sztucznych Uznawana za jedn\u0105 z najbardziej udanych i innowacyjnych firm \u015bredniej wielko\u015bci w Niemczech, od ponad 60 lat naszym celem i zadaniem jest spe\u0142nianie wymaga\u0144 klient\u00f3w zar\u00f3wno pod wzgl\u0119dem technicznym, jak i ekonomicznym. Naszym znakiem rozpoznawczym jest know-how [&hellip;]","og_url":"https:\/\/www.emano.de\/","og_site_name":"emano","article_modified_time":"2025-10-24T12:30:38+00:00","twitter_card":"summary_large_image","twitter_misc":{"Szacowany czas czytania":"1 minuta"},"schema":{"@context":"https:\/\/schema.org","@graph":[{"@type":"WebPage","@id":"https:\/\/www.emano.de\/","url":"https:\/\/www.emano.de\/","name":"Emano Kunststoff GMBH - Tw\u00f3j ekspert w dziedzinie formowania rotacyjnego","isPartOf":{"@id":"https:\/\/www.emano.de\/nl\/#website"},"datePublished":"2024-10-08T06:01:45+00:00","dateModified":"2025-10-24T12:30:38+00:00","breadcrumb":{"@id":"https:\/\/www.emano.de\/#breadcrumb"},"inLanguage":"pl-PL","potentialAction":[{"@type":"ReadAction","target":["https:\/\/www.emano.de\/"]}]},{"@type":"BreadcrumbList","@id":"https:\/\/www.emano.de\/#breadcrumb","itemListElement":[{"@type":"ListItem","position":1,"name":"Home","item":"https:\/\/www.emano.de\/"},{"@type":"ListItem","position":2,"name":"dom"}]},{"@type":"WebSite","@id":"https:\/\/www.emano.de\/nl\/#website","url":"https:\/\/www.emano.de\/nl\/","name":"emano","description":"","potentialAction":[{"@type":"SearchAction","target":{"@type":"EntryPoint","urlTemplate":"https:\/\/www.emano.de\/nl\/?s={search_term_string}"},"query-input":{"@type":"PropertyValueSpecification","valueRequired":true,"valueName":"search_term_string"}}],"inLanguage":"pl-PL"}]}},"_links":{"self":[{"href":"https:\/\/www.emano.de\/pl\/wp-json\/wp\/v2\/pages\/4512","targetHints":{"allow":["GET"]}}],"collection":[{"href":"https:\/\/www.emano.de\/pl\/wp-json\/wp\/v2\/pages"}],"about":[{"href":"https:\/\/www.emano.de\/pl\/wp-json\/wp\/v2\/types\/page"}],"author":[{"embeddable":true,"href":"https:\/\/www.emano.de\/pl\/wp-json\/wp\/v2\/users\/1"}],"replies":[{"embeddable":true,"href":"https:\/\/www.emano.de\/pl\/wp-json\/wp\/v2\/comments?post=4512"}],"version-history":[{"count":10,"href":"https:\/\/www.emano.de\/pl\/wp-json\/wp\/v2\/pages\/4512\/revisions"}],"predecessor-version":[{"id":5320,"href":"https:\/\/www.emano.de\/pl\/wp-json\/wp\/v2\/pages\/4512\/revisions\/5320"}],"wp:attachment":[{"href":"https:\/\/www.emano.de\/pl\/wp-json\/wp\/v2\/media?parent=4512"}],"curies":[{"name":"wp","href":"https:\/\/api.w.org\/{rel}","templated":true}]}}