{"id":5020,"date":"2025-05-21T09:23:41","date_gmt":"2025-05-21T07:23:41","guid":{"rendered":"https:\/\/emano.de\/proces-spiekania-rotacyjnego\/"},"modified":"2025-05-21T15:09:25","modified_gmt":"2025-05-21T13:09:25","slug":"proces-spiekania-rotacyjnego","status":"publish","type":"page","link":"https:\/\/www.emano.de\/pl\/proces-spiekania-rotacyjnego\/","title":{"rendered":"Proces spiekania rotacyjnego"},"content":{"rendered":"\t\t<div data-elementor-type=\"wp-page\" data-elementor-id=\"5020\" class=\"elementor elementor-5020 elementor-5014\" data-elementor-post-type=\"page\">\n\t\t\t\t<div class=\"elementor-element elementor-element-d764052 e-flex e-con-boxed e-con e-parent\" data-id=\"d764052\" data-element_type=\"container\" data-e-type=\"container\">\n\t\t\t\t\t<div class=\"e-con-inner\">\n\t\t\t\t<div class=\"elementor-element elementor-element-03fd038 elementor-widget elementor-widget-text-editor\" data-id=\"03fd038\" data-element_type=\"widget\" data-e-type=\"widget\" data-widget_type=\"text-editor.default\">\n\t\t\t\t\t\t\t\t\t<div class=\"elementor-element elementor-element-e16c272 e-flex e-con-boxed e-con e-parent e-lazyloaded\" data-id=\"e16c272\" data-element_type=\"container\">\n<div class=\"e-con-inner\">\n<div class=\"elementor-element elementor-element-e035d40 elementor-widget elementor-widget-text-editor\" data-id=\"e035d40\" data-element_type=\"widget\" data-widget_type=\"text-editor.default\">\n<p>Proces spiekania rotacyjnego (znany r\u00f3wnie\u017c jako formowanie rotacyjne lub formowanie rotacyjne) jest procesem produkcji kszta\u0142towej do produkcji pustych w \u015brodku cz\u0119\u015bci z tworzyw sztucznych. Jest to jeden z oryginalnych proces\u00f3w formowania w dziedzinie przetw\u00f3rstwa tworzyw sztucznych.   <\/p>\n<p>Ka\u017cdy produkt z tworzywa sztucznego wymaga w\u0142asnej formy. S\u0105 one zwykle wykonane z aluminium lub blachy stalowej i sk\u0142adaj\u0105 si\u0119 z dw\u00f3ch lub wi\u0119cej formowanych cz\u0119\u015bci, w zale\u017cno\u015bci od z\u0142o\u017cono\u015bci produktu z tworzywa sztucznego. <\/p>\n<\/div>\n<\/div>\n<\/div>\n\t\t\t\t\t\t\t\t<\/div>\n\t\t\t\t<div class=\"elementor-element elementor-element-96edc46 elementor-widget elementor-widget-heading\" data-id=\"96edc46\" data-element_type=\"widget\" data-e-type=\"widget\" data-widget_type=\"heading.default\">\n\t\t\t\t\t<h2 class=\"elementor-heading-title elementor-size-default\">Sekwencja procesu spiekania rotacyjnego<\/h2>\t\t\t\t<\/div>\n\t\t<div class=\"elementor-element elementor-element-d8a3ceb e-grid e-con-full e-transform e-transform e-transform e-transform e-con e-child\" data-id=\"d8a3ceb\" data-element_type=\"container\" data-e-type=\"container\" data-settings=\"{&quot;background_background&quot;:&quot;classic&quot;,&quot;_transform_rotateZ_effect&quot;:{&quot;unit&quot;:&quot;px&quot;,&quot;size&quot;:&quot;&quot;,&quot;sizes&quot;:[]},&quot;_transform_rotateZ_effect_tablet&quot;:{&quot;unit&quot;:&quot;deg&quot;,&quot;size&quot;:&quot;&quot;,&quot;sizes&quot;:[]},&quot;_transform_rotateZ_effect_mobile&quot;:{&quot;unit&quot;:&quot;deg&quot;,&quot;size&quot;:&quot;&quot;,&quot;sizes&quot;:[]},&quot;_transform_translateX_effect&quot;:{&quot;unit&quot;:&quot;px&quot;,&quot;size&quot;:&quot;&quot;,&quot;sizes&quot;:[]},&quot;_transform_translateX_effect_tablet&quot;:{&quot;unit&quot;:&quot;px&quot;,&quot;size&quot;:&quot;&quot;,&quot;sizes&quot;:[]},&quot;_transform_translateX_effect_mobile&quot;:{&quot;unit&quot;:&quot;px&quot;,&quot;size&quot;:&quot;&quot;,&quot;sizes&quot;:[]},&quot;_transform_translateY_effect&quot;:{&quot;unit&quot;:&quot;px&quot;,&quot;size&quot;:&quot;&quot;,&quot;sizes&quot;:[]},&quot;_transform_translateY_effect_tablet&quot;:{&quot;unit&quot;:&quot;px&quot;,&quot;size&quot;:&quot;&quot;,&quot;sizes&quot;:[]},&quot;_transform_translateY_effect_mobile&quot;:{&quot;unit&quot;:&quot;px&quot;,&quot;size&quot;:&quot;&quot;,&quot;sizes&quot;:[]},&quot;_transform_scale_effect&quot;:{&quot;unit&quot;:&quot;px&quot;,&quot;size&quot;:&quot;&quot;,&quot;sizes&quot;:[]},&quot;_transform_scale_effect_tablet&quot;:{&quot;unit&quot;:&quot;px&quot;,&quot;size&quot;:&quot;&quot;,&quot;sizes&quot;:[]},&quot;_transform_scale_effect_mobile&quot;:{&quot;unit&quot;:&quot;px&quot;,&quot;size&quot;:&quot;&quot;,&quot;sizes&quot;:[]},&quot;_transform_skewX_effect&quot;:{&quot;unit&quot;:&quot;px&quot;,&quot;size&quot;:&quot;&quot;,&quot;sizes&quot;:[]},&quot;_transform_skewX_effect_tablet&quot;:{&quot;unit&quot;:&quot;deg&quot;,&quot;size&quot;:&quot;&quot;,&quot;sizes&quot;:[]},&quot;_transform_skewX_effect_mobile&quot;:{&quot;unit&quot;:&quot;deg&quot;,&quot;size&quot;:&quot;&quot;,&quot;sizes&quot;:[]},&quot;_transform_skewY_effect&quot;:{&quot;unit&quot;:&quot;px&quot;,&quot;size&quot;:&quot;&quot;,&quot;sizes&quot;:[]},&quot;_transform_skewY_effect_tablet&quot;:{&quot;unit&quot;:&quot;deg&quot;,&quot;size&quot;:&quot;&quot;,&quot;sizes&quot;:[]},&quot;_transform_skewY_effect_mobile&quot;:{&quot;unit&quot;:&quot;deg&quot;,&quot;size&quot;:&quot;&quot;,&quot;sizes&quot;:[]}}\">\n\t\t\t\t<div class=\"elementor-element elementor-element-6f3bb7b elementor-widget elementor-widget-text-editor\" data-id=\"6f3bb7b\" data-element_type=\"widget\" data-e-type=\"widget\" data-widget_type=\"text-editor.default\">\n\t\t\t\t\t\t\t\t\t<p><a href=\"#1Befuellen\">1. nape\u0142nianie<\/a><\/p>\n\t\t\t\t\t\t\t\t<\/div>\n\t\t\t\t<div class=\"elementor-element elementor-element-c8f21b8 elementor-widget elementor-widget-text-editor\" data-id=\"c8f21b8\" data-element_type=\"widget\" data-e-type=\"widget\" data-widget_type=\"text-editor.default\">\n\t\t\t\t\t\t\t\t\t<p><a href=\"#2Erhitzen\">2. ogrzewanie<\/a><\/p>\n\t\t\t\t\t\t\t\t<\/div>\n\t\t\t\t<div class=\"elementor-element elementor-element-217598e elementor-widget elementor-widget-text-editor\" data-id=\"217598e\" data-element_type=\"widget\" data-e-type=\"widget\" data-widget_type=\"text-editor.default\">\n\t\t\t\t\t\t\t\t\t<p><a href=\"#3Abkuehlen\">3. Ch\u0142odzenie<\/a><\/p>\n\t\t\t\t\t\t\t\t<\/div>\n\t\t\t\t<div class=\"elementor-element elementor-element-2a76b36 elementor-widget elementor-widget-text-editor\" data-id=\"2a76b36\" data-element_type=\"widget\" data-e-type=\"widget\" data-widget_type=\"text-editor.default\">\n\t\t\t\t\t\t\t\t\t<p><a href=\"#4Entformen\">4. wyjmowanie z formy<\/a><\/p>\n\t\t\t\t\t\t\t\t<\/div>\n\t\t\t\t<\/div>\n\t\t\t\t<div class=\"elementor-element elementor-element-62fafaf elementor-widget elementor-widget-menu-anchor\" data-id=\"62fafaf\" data-element_type=\"widget\" data-e-type=\"widget\" data-widget_type=\"menu-anchor.default\">\n\t\t\t\t\t\t\t<div class=\"elementor-menu-anchor\" id=\"1Napenianie\"><\/div>\n\t\t\t\t\t\t<\/div>\n\t\t\t\t<div class=\"elementor-element elementor-element-61fc170 elementor-widget elementor-widget-heading\" data-id=\"61fc170\" data-element_type=\"widget\" data-e-type=\"widget\" data-widget_type=\"heading.default\">\n\t\t\t\t\t<h2 class=\"elementor-heading-title elementor-size-default\">1. nape\u0142nianie<\/h2>\t\t\t\t<\/div>\n\t\t<div class=\"elementor-element elementor-element-80b5992 e-grid e-con-full e-con e-child\" data-id=\"80b5992\" data-element_type=\"container\" data-e-type=\"container\">\n\t\t\t\t<div class=\"elementor-element elementor-element-ff4bfd3 elementor-widget elementor-widget-text-editor\" data-id=\"ff4bfd3\" data-element_type=\"widget\" data-e-type=\"widget\" data-widget_type=\"text-editor.default\">\n\t\t\t\t\t\t\t\t\t<p>W razie potrzeby wk\u0142adki (nakr\u0119tki, p\u0142yty monta\u017cowe lub inne cz\u0119\u015bci, kt\u00f3re maj\u0105 by\u0107 obracane) s\u0105 najpierw umieszczane w otwartej formie. Nast\u0119pnie do formy wsypywana jest precyzyjnie dozowana ilo\u015b\u0107 proszku z tworzywa sztucznego. Cz\u0119sto stosowanymi materia\u0142ami s\u0105 polietylen (PE), polipropylen (PP), poliamid (PA) lub specjalne tworzywa konstrukcyjne.  <\/p>\n\t\t\t\t\t\t\t\t<\/div>\n\t\t\t\t<div class=\"elementor-element elementor-element-b02645b elementor-widget elementor-widget-image\" data-id=\"b02645b\" data-element_type=\"widget\" data-e-type=\"widget\" data-widget_type=\"image.default\">\n\t\t\t\t\t\t\t\t\t\t\t\t\t\t\t<img decoding=\"async\" width=\"175\" height=\"188\" src=\"https:\/\/www.emano.de\/wp-content\/uploads\/2025\/05\/temp_1_Befuellen.png\" class=\"attachment-large size-large wp-image-4902\" alt=\"\" \/>\t\t\t\t\t\t\t\t\t\t\t\t\t\t\t<\/div>\n\t\t\t\t<\/div>\n\t\t\t\t\t<\/div>\n\t\t\t\t<\/div>\n\t\t<div class=\"elementor-element elementor-element-99c5534 e-flex e-con-boxed e-con e-parent\" data-id=\"99c5534\" data-element_type=\"container\" data-e-type=\"container\">\n\t\t\t\t\t<div class=\"e-con-inner\">\n\t\t\t\t<div class=\"elementor-element elementor-element-33c3f18 elementor-widget elementor-widget-menu-anchor\" data-id=\"33c3f18\" data-element_type=\"widget\" data-e-type=\"widget\" data-settings=\"{&quot;sticky&quot;:&quot;top&quot;,&quot;sticky_anchor_link_offset&quot;:60,&quot;sticky_on&quot;:[&quot;desktop&quot;,&quot;tablet&quot;,&quot;mobile&quot;],&quot;sticky_offset&quot;:0,&quot;sticky_effects_offset&quot;:0}\" data-widget_type=\"menu-anchor.default\">\n\t\t\t\t\t\t\t<div class=\"elementor-menu-anchor\" id=\"2Ogrzewanie\"><\/div>\n\t\t\t\t\t\t<\/div>\n\t\t\t\t<div class=\"elementor-element elementor-element-1d2e131 elementor-widget elementor-widget-heading\" data-id=\"1d2e131\" data-element_type=\"widget\" data-e-type=\"widget\" data-widget_type=\"heading.default\">\n\t\t\t\t\t<h2 class=\"elementor-heading-title elementor-size-default\">2. ogrzewanie<\/h2>\t\t\t\t<\/div>\n\t\t<div class=\"elementor-element elementor-element-bdfa758 e-grid e-con-full e-con e-child\" data-id=\"bdfa758\" data-element_type=\"container\" data-e-type=\"container\">\n\t\t\t\t<div class=\"elementor-element elementor-element-c23264d elementor-widget elementor-widget-text-editor\" data-id=\"c23264d\" data-element_type=\"widget\" data-e-type=\"widget\" data-widget_type=\"text-editor.default\">\n\t\t\t\t\t\t\t\t\t<p>Zamkni\u0119ta forma jest umieszczana w piecu, powoli obracana wok\u00f3\u0142 dw\u00f3ch osi (dwuosiowo) i podgrzewana do temperatury oko\u0142o 180-300\u00b0C. Teraz tworzywo sztuczne powoli zaczyna topi\u0107 si\u0119 na gor\u0105cych \u015bciankach formy i r\u00f3wnomiernie rozprowadza si\u0119 na wewn\u0119trznych \u015bciankach formy. <\/p>\n\t\t\t\t\t\t\t\t<\/div>\n\t\t\t\t<div class=\"elementor-element elementor-element-8237542 elementor-widget elementor-widget-image\" data-id=\"8237542\" data-element_type=\"widget\" data-e-type=\"widget\" data-widget_type=\"image.default\">\n\t\t\t\t\t\t\t\t\t\t\t\t\t\t\t<img decoding=\"async\" width=\"183\" height=\"157\" src=\"https:\/\/www.emano.de\/wp-content\/uploads\/2025\/05\/temp_2_Erhitzen.png\" class=\"attachment-large size-large wp-image-4908\" alt=\"\" \/>\t\t\t\t\t\t\t\t\t\t\t\t\t\t\t<\/div>\n\t\t\t\t<\/div>\n\t\t\t\t\t<\/div>\n\t\t\t\t<\/div>\n\t\t<div class=\"elementor-element elementor-element-34396c1 e-flex e-con-boxed e-con e-parent\" data-id=\"34396c1\" data-element_type=\"container\" data-e-type=\"container\">\n\t\t\t\t\t<div class=\"e-con-inner\">\n\t\t\t\t<div class=\"elementor-element elementor-element-d74f038 elementor-widget elementor-widget-menu-anchor\" data-id=\"d74f038\" data-element_type=\"widget\" data-e-type=\"widget\" data-widget_type=\"menu-anchor.default\">\n\t\t\t\t\t\t\t<div class=\"elementor-menu-anchor\" id=\"3Cooling\"><\/div>\n\t\t\t\t\t\t<\/div>\n\t\t\t\t<div class=\"elementor-element elementor-element-6ea011a elementor-widget elementor-widget-heading\" data-id=\"6ea011a\" data-element_type=\"widget\" data-e-type=\"widget\" data-widget_type=\"heading.default\">\n\t\t\t\t\t<h2 class=\"elementor-heading-title elementor-size-default\">3. Ch\u0142odzenie<\/h2>\t\t\t\t<\/div>\n\t\t<div class=\"elementor-element elementor-element-600decd e-grid e-con-full e-con e-child\" data-id=\"600decd\" data-element_type=\"container\" data-e-type=\"container\">\n\t\t\t\t<div class=\"elementor-element elementor-element-67f84fe elementor-widget elementor-widget-text-editor\" data-id=\"67f84fe\" data-element_type=\"widget\" data-e-type=\"widget\" data-widget_type=\"text-editor.default\">\n\t\t\t\t\t\t\t\t\t<p>Po ca\u0142kowitym stopieniu proszku, forma jest ch\u0142odzona podczas dalszego obracania &#8211; zwykle za pomoc\u0105 ch\u0142odzenia powietrzem lub wod\u0105. Ch\u0142odzenie odbywa si\u0119 powoli, aby unikn\u0105\u0107 napr\u0119\u017ce\u0144 i deformacji. <\/p>\n\t\t\t\t\t\t\t\t<\/div>\n\t\t\t\t<div class=\"elementor-element elementor-element-5be7f7a elementor-widget elementor-widget-image\" data-id=\"5be7f7a\" data-element_type=\"widget\" data-e-type=\"widget\" data-widget_type=\"image.default\">\n\t\t\t\t\t\t\t\t\t\t\t\t\t\t\t<img decoding=\"async\" width=\"180\" height=\"156\" src=\"https:\/\/www.emano.de\/wp-content\/uploads\/2025\/05\/temp_3_Abkuehlen.png\" class=\"attachment-large size-large wp-image-4914\" alt=\"\" \/>\t\t\t\t\t\t\t\t\t\t\t\t\t\t\t<\/div>\n\t\t\t\t<\/div>\n\t\t\t\t\t<\/div>\n\t\t\t\t<\/div>\n\t\t<div class=\"elementor-element elementor-element-ac48a61 e-flex e-con-boxed e-con e-parent\" data-id=\"ac48a61\" data-element_type=\"container\" data-e-type=\"container\">\n\t\t\t\t\t<div class=\"e-con-inner\">\n\t\t\t\t<div class=\"elementor-element elementor-element-9542210 elementor-widget elementor-widget-menu-anchor\" data-id=\"9542210\" data-element_type=\"widget\" data-e-type=\"widget\" data-widget_type=\"menu-anchor.default\">\n\t\t\t\t\t\t\t<div class=\"elementor-menu-anchor\" id=\"4Rozformowywanie\"><\/div>\n\t\t\t\t\t\t<\/div>\n\t\t\t\t<div class=\"elementor-element elementor-element-9f4fe75 elementor-widget elementor-widget-heading\" data-id=\"9f4fe75\" data-element_type=\"widget\" data-e-type=\"widget\" data-widget_type=\"heading.default\">\n\t\t\t\t\t<h2 class=\"elementor-heading-title elementor-size-default\">4. wyjmowanie z formy<\/h2>\t\t\t\t<\/div>\n\t\t<div class=\"elementor-element elementor-element-ca113b8 e-grid e-con-full e-con e-child\" data-id=\"ca113b8\" data-element_type=\"container\" data-e-type=\"container\">\n\t\t\t\t<div class=\"elementor-element elementor-element-6cc17fd elementor-widget elementor-widget-text-editor\" data-id=\"6cc17fd\" data-element_type=\"widget\" data-e-type=\"widget\" data-widget_type=\"text-editor.default\">\n\t\t\t\t\t\t\t\t\t<div class=\"elementor-element elementor-element-a506ee8 elementor-widget elementor-widget-text-editor\" data-id=\"a506ee8\" data-element_type=\"widget\" data-widget_type=\"text-editor.default\">\n<p>Forma jest otwierana, a gotowa pusta cz\u0119\u015b\u0107 jest wyjmowana. W tym momencie nadal ma temperatur\u0119 oko\u0142o 70\u00b0C.   <\/p>\n<p>W celu zapewnienia dok\u0142adno\u015bci wymiarowej wydr\u0105\u017conych cz\u0119\u015bci nadwozia, s\u0105 one nast\u0119pnie cz\u0119sto umieszczane w urz\u0105dzeniu ch\u0142odz\u0105cym, a\u017c do ca\u0142kowitego ostygni\u0119cia i, w razie potrzeby, pod ci\u015bnieniem powietrza wspomagaj\u0105cego.  <\/p>\n<p>Na koniec forma jest czyszczona z wszelkich pozosta\u0142o\u015bci plastiku.<\/p>\n<\/div>\n\t\t\t\t\t\t\t\t<\/div>\n\t\t\t\t<div class=\"elementor-element elementor-element-4b2a9ce elementor-widget elementor-widget-image\" data-id=\"4b2a9ce\" data-element_type=\"widget\" data-e-type=\"widget\" data-widget_type=\"image.default\">\n\t\t\t\t\t\t\t\t\t\t\t\t\t\t\t<img loading=\"lazy\" decoding=\"async\" width=\"145\" height=\"150\" src=\"https:\/\/www.emano.de\/wp-content\/uploads\/2025\/05\/temp_4_Entnahme.png\" class=\"attachment-large size-large wp-image-4920\" alt=\"\" \/>\t\t\t\t\t\t\t\t\t\t\t\t\t\t\t<\/div>\n\t\t\t\t<\/div>\n\t\t\t\t\t<\/div>\n\t\t\t\t<\/div>\n\t\t\t\t<\/div>\n\t\t","protected":false},"excerpt":{"rendered":"<p>Proces spiekania rotacyjnego (znany r\u00f3wnie\u017c jako formowanie rotacyjne lub formowanie rotacyjne) jest procesem produkcji kszta\u0142towej do produkcji pustych w \u015brodku cz\u0119\u015bci z tworzyw sztucznych. Jest to jeden z oryginalnych proces\u00f3w formowania w dziedzinie przetw\u00f3rstwa tworzyw sztucznych. Ka\u017cdy produkt z tworzywa sztucznego wymaga w\u0142asnej formy. S\u0105 one zwykle wykonane z aluminium lub blachy stalowej i sk\u0142adaj\u0105 [&hellip;]<\/p>\n","protected":false},"author":2,"featured_media":0,"parent":0,"menu_order":0,"comment_status":"closed","ping_status":"closed","template":"","meta":{"footnotes":""},"class_list":["post-5020","page","type-page","status-publish","hentry"],"yoast_head":"<!-- This site is optimized with the Yoast SEO plugin v27.2 - https:\/\/yoast.com\/product\/yoast-seo-wordpress\/ -->\n<title>Proces spiekania rotacyjnego - emano<\/title>\n<meta name=\"robots\" content=\"index, follow, max-snippet:-1, max-image-preview:large, max-video-preview:-1\" \/>\n<link rel=\"canonical\" href=\"https:\/\/www.emano.de\/pl\/proces-spiekania-rotacyjnego\/\" \/>\n<meta property=\"og:locale\" content=\"pl_PL\" \/>\n<meta property=\"og:type\" content=\"article\" \/>\n<meta property=\"og:title\" content=\"Proces spiekania rotacyjnego - emano\" \/>\n<meta property=\"og:description\" content=\"Proces spiekania rotacyjnego (znany r\u00f3wnie\u017c jako formowanie rotacyjne lub formowanie rotacyjne) jest procesem produkcji kszta\u0142towej do produkcji pustych w \u015brodku cz\u0119\u015bci z tworzyw sztucznych. Jest to jeden z oryginalnych proces\u00f3w formowania w dziedzinie przetw\u00f3rstwa tworzyw sztucznych. Ka\u017cdy produkt z tworzywa sztucznego wymaga w\u0142asnej formy. S\u0105 one zwykle wykonane z aluminium lub blachy stalowej i sk\u0142adaj\u0105 [&hellip;]\" \/>\n<meta property=\"og:url\" content=\"https:\/\/www.emano.de\/pl\/proces-spiekania-rotacyjnego\/\" \/>\n<meta property=\"og:site_name\" content=\"emano\" \/>\n<meta property=\"article:modified_time\" content=\"2025-05-21T13:09:25+00:00\" \/>\n<meta property=\"og:image\" content=\"https:\/\/www.emano.de\/wp-content\/uploads\/2025\/05\/temp_1_Befuellen.png\" \/>\n\t<meta property=\"og:image:width\" content=\"175\" \/>\n\t<meta property=\"og:image:height\" content=\"188\" \/>\n\t<meta property=\"og:image:type\" content=\"image\/png\" \/>\n<meta name=\"twitter:card\" content=\"summary_large_image\" \/>\n<meta name=\"twitter:label1\" content=\"Szacowany czas czytania\" \/>\n\t<meta name=\"twitter:data1\" content=\"2 minuty\" \/>\n<script type=\"application\/ld+json\" class=\"yoast-schema-graph\">{\"@context\":\"https:\/\/schema.org\",\"@graph\":[{\"@type\":\"WebPage\",\"@id\":\"https:\/\/www.emano.de\/pl\/proces-spiekania-rotacyjnego\/\",\"url\":\"https:\/\/www.emano.de\/pl\/proces-spiekania-rotacyjnego\/\",\"name\":\"Proces spiekania rotacyjnego - emano\",\"isPartOf\":{\"@id\":\"https:\/\/www.emano.de\/nl\/#website\"},\"primaryImageOfPage\":{\"@id\":\"https:\/\/www.emano.de\/pl\/proces-spiekania-rotacyjnego\/#primaryimage\"},\"image\":{\"@id\":\"https:\/\/www.emano.de\/pl\/proces-spiekania-rotacyjnego\/#primaryimage\"},\"thumbnailUrl\":\"https:\/\/www.emano.de\/wp-content\/uploads\/2025\/05\/temp_1_Befuellen.png\",\"datePublished\":\"2025-05-21T07:23:41+00:00\",\"dateModified\":\"2025-05-21T13:09:25+00:00\",\"breadcrumb\":{\"@id\":\"https:\/\/www.emano.de\/pl\/proces-spiekania-rotacyjnego\/#breadcrumb\"},\"inLanguage\":\"pl-PL\",\"potentialAction\":[{\"@type\":\"ReadAction\",\"target\":[\"https:\/\/www.emano.de\/pl\/proces-spiekania-rotacyjnego\/\"]}]},{\"@type\":\"ImageObject\",\"inLanguage\":\"pl-PL\",\"@id\":\"https:\/\/www.emano.de\/pl\/proces-spiekania-rotacyjnego\/#primaryimage\",\"url\":\"https:\/\/www.emano.de\/wp-content\/uploads\/2025\/05\/temp_1_Befuellen.png\",\"contentUrl\":\"https:\/\/www.emano.de\/wp-content\/uploads\/2025\/05\/temp_1_Befuellen.png\"},{\"@type\":\"BreadcrumbList\",\"@id\":\"https:\/\/www.emano.de\/pl\/proces-spiekania-rotacyjnego\/#breadcrumb\",\"itemListElement\":[{\"@type\":\"ListItem\",\"position\":1,\"name\":\"Home\",\"item\":\"https:\/\/www.emano.de\/\"},{\"@type\":\"ListItem\",\"position\":2,\"name\":\"Proces spiekania rotacyjnego\"}]},{\"@type\":\"WebSite\",\"@id\":\"https:\/\/www.emano.de\/nl\/#website\",\"url\":\"https:\/\/www.emano.de\/nl\/\",\"name\":\"emano\",\"description\":\"\",\"potentialAction\":[{\"@type\":\"SearchAction\",\"target\":{\"@type\":\"EntryPoint\",\"urlTemplate\":\"https:\/\/www.emano.de\/nl\/?s={search_term_string}\"},\"query-input\":{\"@type\":\"PropertyValueSpecification\",\"valueRequired\":true,\"valueName\":\"search_term_string\"}}],\"inLanguage\":\"pl-PL\"}]}<\/script>\n<!-- \/ Yoast SEO plugin. -->","yoast_head_json":{"title":"Proces spiekania rotacyjnego - emano","robots":{"index":"index","follow":"follow","max-snippet":"max-snippet:-1","max-image-preview":"max-image-preview:large","max-video-preview":"max-video-preview:-1"},"canonical":"https:\/\/www.emano.de\/pl\/proces-spiekania-rotacyjnego\/","og_locale":"pl_PL","og_type":"article","og_title":"Proces spiekania rotacyjnego - emano","og_description":"Proces spiekania rotacyjnego (znany r\u00f3wnie\u017c jako formowanie rotacyjne lub formowanie rotacyjne) jest procesem produkcji kszta\u0142towej do produkcji pustych w \u015brodku cz\u0119\u015bci z tworzyw sztucznych. Jest to jeden z oryginalnych proces\u00f3w formowania w dziedzinie przetw\u00f3rstwa tworzyw sztucznych. Ka\u017cdy produkt z tworzywa sztucznego wymaga w\u0142asnej formy. S\u0105 one zwykle wykonane z aluminium lub blachy stalowej i sk\u0142adaj\u0105 [&hellip;]","og_url":"https:\/\/www.emano.de\/pl\/proces-spiekania-rotacyjnego\/","og_site_name":"emano","article_modified_time":"2025-05-21T13:09:25+00:00","og_image":[{"width":175,"height":188,"url":"https:\/\/www.emano.de\/wp-content\/uploads\/2025\/05\/temp_1_Befuellen.png","type":"image\/png"}],"twitter_card":"summary_large_image","twitter_misc":{"Szacowany czas czytania":"2 minuty"},"schema":{"@context":"https:\/\/schema.org","@graph":[{"@type":"WebPage","@id":"https:\/\/www.emano.de\/pl\/proces-spiekania-rotacyjnego\/","url":"https:\/\/www.emano.de\/pl\/proces-spiekania-rotacyjnego\/","name":"Proces spiekania rotacyjnego - emano","isPartOf":{"@id":"https:\/\/www.emano.de\/nl\/#website"},"primaryImageOfPage":{"@id":"https:\/\/www.emano.de\/pl\/proces-spiekania-rotacyjnego\/#primaryimage"},"image":{"@id":"https:\/\/www.emano.de\/pl\/proces-spiekania-rotacyjnego\/#primaryimage"},"thumbnailUrl":"https:\/\/www.emano.de\/wp-content\/uploads\/2025\/05\/temp_1_Befuellen.png","datePublished":"2025-05-21T07:23:41+00:00","dateModified":"2025-05-21T13:09:25+00:00","breadcrumb":{"@id":"https:\/\/www.emano.de\/pl\/proces-spiekania-rotacyjnego\/#breadcrumb"},"inLanguage":"pl-PL","potentialAction":[{"@type":"ReadAction","target":["https:\/\/www.emano.de\/pl\/proces-spiekania-rotacyjnego\/"]}]},{"@type":"ImageObject","inLanguage":"pl-PL","@id":"https:\/\/www.emano.de\/pl\/proces-spiekania-rotacyjnego\/#primaryimage","url":"https:\/\/www.emano.de\/wp-content\/uploads\/2025\/05\/temp_1_Befuellen.png","contentUrl":"https:\/\/www.emano.de\/wp-content\/uploads\/2025\/05\/temp_1_Befuellen.png"},{"@type":"BreadcrumbList","@id":"https:\/\/www.emano.de\/pl\/proces-spiekania-rotacyjnego\/#breadcrumb","itemListElement":[{"@type":"ListItem","position":1,"name":"Home","item":"https:\/\/www.emano.de\/"},{"@type":"ListItem","position":2,"name":"Proces spiekania rotacyjnego"}]},{"@type":"WebSite","@id":"https:\/\/www.emano.de\/nl\/#website","url":"https:\/\/www.emano.de\/nl\/","name":"emano","description":"","potentialAction":[{"@type":"SearchAction","target":{"@type":"EntryPoint","urlTemplate":"https:\/\/www.emano.de\/nl\/?s={search_term_string}"},"query-input":{"@type":"PropertyValueSpecification","valueRequired":true,"valueName":"search_term_string"}}],"inLanguage":"pl-PL"}]}},"_links":{"self":[{"href":"https:\/\/www.emano.de\/pl\/wp-json\/wp\/v2\/pages\/5020","targetHints":{"allow":["GET"]}}],"collection":[{"href":"https:\/\/www.emano.de\/pl\/wp-json\/wp\/v2\/pages"}],"about":[{"href":"https:\/\/www.emano.de\/pl\/wp-json\/wp\/v2\/types\/page"}],"author":[{"embeddable":true,"href":"https:\/\/www.emano.de\/pl\/wp-json\/wp\/v2\/users\/2"}],"replies":[{"embeddable":true,"href":"https:\/\/www.emano.de\/pl\/wp-json\/wp\/v2\/comments?post=5020"}],"version-history":[{"count":3,"href":"https:\/\/www.emano.de\/pl\/wp-json\/wp\/v2\/pages\/5020\/revisions"}],"predecessor-version":[{"id":5133,"href":"https:\/\/www.emano.de\/pl\/wp-json\/wp\/v2\/pages\/5020\/revisions\/5133"}],"wp:attachment":[{"href":"https:\/\/www.emano.de\/pl\/wp-json\/wp\/v2\/media?parent=5020"}],"curies":[{"name":"wp","href":"https:\/\/api.w.org\/{rel}","templated":true}]}}